{"id":113636,"date":"2024-10-14T12:25:24","date_gmt":"2024-10-14T10:25:24","guid":{"rendered":"https:\/\/www.budoshop.si\/brazilian-jiu-jitsu-gi-kimono-fortaleza-new\/"},"modified":"2026-01-13T09:41:14","modified_gmt":"2026-01-13T08:41:14","slug":"brazilian-jiu-jitsu-gi-kimono-fortaleza-new","status":"publish","type":"product","link":"https:\/\/www.budoshop.si\/sl\/izdelek\/brazilian-jiu-jitsu-gi-kimono-fortaleza-new\/","title":{"rendered":"Brazilian Jiu-jitsu Gi (Kimono) &#8221;FORTALEZA&#8221;"},"content":{"rendered":"<p><span style=\"font-size: 15px; color: #993300;\">To svetlo belo Brazlian Jiu-jitsu (BJJ) Kimono je popolno za za\u010detnike kot tudi za naprednej\u0161e praktikante. Jakna je izdelana iz enega kosa oprijetega in trdnega polperlastega tkanega blaga, hla\u010de pa iz robustnega bomba\u017enega keperja (10 oz.), 100% bomba\u017e.<\/span><br \/>\n<span style=\"font-size: 15px; color: #993300;\"> Tradicionalni BJJ kroj z dodatno oja\u010danimi reverji in rameni. Kimono je tako primerno za najtr\u0161i vsakodnevni BJJ trening, idealen pa tudi za klasi\u010den in \u0161portni Ju jutsu trening!<\/span><\/p>\n<p><span style=\"font-size: 15px; color: #993300;\">Set vklju\u010duje hla\u010de z vrvico v pasu, jakno zrnastega tkanja in bel pas.<\/span><\/p>\n<p><span style=\"font-size: 15px; color: #993300;\"><strong><b>Priporo\u010damo, da na\u0161e BJJ uniforme perete v hladni vodi in jih ne su\u0161ite v su\u0161ilnem stroju!<\/b><\/strong><\/span><\/p>\n<p><span style=\"font-size: 15px; color: #993300;\">Velikosti: A2 (160 cm) \u2013 A3 (170 cm) \u2013 A4\u00a0 (180 cm) &#8211;\u00a0 A5 (190 cm) &#8211; preveri fotografijo z razpredelnico.<\/span><\/p>\n","protected":false},"excerpt":{"rendered":"<p><span style=\"color: #003366;\"><strong>Svetlo bela BJJ uniforma za za\u010detnike in napredne praktikante.<br \/>\n<\/strong><\/span><\/p>\n","protected":false},"featured_media":113604,"comment_status":"open","ping_status":"closed","template":"","meta":[],"product_brand":[5595],"product_cat":[5405,5406,1033,919],"product_tag":[],"class_list":{"0":"post-113636","1":"product","2":"type-product","3":"status-publish","4":"has-post-thumbnail","6":"product_brand-ju-sports","7":"product_cat-ju-sports","8":"product_cat-ju-sports-2","9":"product_cat-ju-jitsujiu-jitsu-1","10":"product_cat-ju-jitsu-kimona","11":"pa_velikost-160-cm-sl","12":"pa_velikost-170-cm-sl","13":"pa_velikost-180-cm-sl","14":"pa_velikost-190-cm-sl","16":"first","17":"instock","18":"taxable","19":"shipping-taxable","20":"purchasable","21":"product-type-variable"},"_links":{"self":[{"href":"https:\/\/www.budoshop.si\/sl\/wp-json\/wp\/v2\/product\/113636","targetHints":{"allow":["GET"]}}],"collection":[{"href":"https:\/\/www.budoshop.si\/sl\/wp-json\/wp\/v2\/product"}],"about":[{"href":"https:\/\/www.budoshop.si\/sl\/wp-json\/wp\/v2\/types\/product"}],"replies":[{"embeddable":true,"href":"https:\/\/www.budoshop.si\/sl\/wp-json\/wp\/v2\/comments?post=113636"}],"wp:featuredmedia":[{"embeddable":true,"href":"https:\/\/www.budoshop.si\/sl\/wp-json\/wp\/v2\/media\/113604"}],"wp:attachment":[{"href":"https:\/\/www.budoshop.si\/sl\/wp-json\/wp\/v2\/media?parent=113636"}],"wp:term":[{"taxonomy":"product_brand","embeddable":true,"href":"https:\/\/www.budoshop.si\/sl\/wp-json\/wp\/v2\/product_brand?post=113636"},{"taxonomy":"product_cat","embeddable":true,"href":"https:\/\/www.budoshop.si\/sl\/wp-json\/wp\/v2\/product_cat?post=113636"},{"taxonomy":"product_tag","embeddable":true,"href":"https:\/\/www.budoshop.si\/sl\/wp-json\/wp\/v2\/product_tag?post=113636"}],"curies":[{"name":"wp","href":"https:\/\/api.w.org\/{rel}","templated":true}]}}