{"id":113269,"date":"2024-10-10T12:05:39","date_gmt":"2024-10-10T10:05:39","guid":{"rendered":"https:\/\/www.budoshop.si\/taekwondo-head-guard-adidas-red-new\/"},"modified":"2025-10-13T12:55:42","modified_gmt":"2025-10-13T10:55:42","slug":"taekwondo-head-guard-adidas-red-new","status":"publish","type":"product","link":"https:\/\/www.budoshop.si\/sl\/izdelek\/taekwondo-head-guard-adidas-red-new\/","title":{"rendered":"Taekwondo \u010delada &#8221;ADIDAS&#8221; rde\u010de barve"},"content":{"rendered":"<p><span style=\"font-size: 15px; color: #993300;\">Nov model adidasove trening in\/ali tekmovalne WT verificirane Taekwondo \u010delade je narejen tako, da \u0161e dodatno prepre\u010duje neudoben pritisk na vrat in u\u0161esa. \u010celada je izdelana iz posebne ultra lahke pene in zasnovana tako, da absorbira in razpr\u0161i silo udarca v glavo. Nudi dodatno za\u0161\u010dito na zgornji strani glave in predelu u\u0161es. Mnoge odprtine zmanj\u0161ujejo znojenje in pove\u010dujejo udobje, vdrtine za u\u0161esa pa prepre\u010dujejo neprijeten pritisk na u\u0161esa in ne omejujejo sluha. Elasti\u010den trak z zapenjanjem na je\u017eka zagotavlja udobnost no\u0161nje.<\/span><\/p>\n<p><span style=\"font-size: 15px; color: #993300;\">Rde\u010de barve.<\/span><\/p>\n<p><span style=\"font-size: 15px; color: #993300;\"><strong>Ta artikel je odobren iz strani WT<\/strong>-ja (World Taekwondo Federation).<\/span><\/p>\n<p><span style=\"font-size: 15px; color: #993300;\">Ustreza CE standardom!<\/span><\/p>\n<p><span style=\"color: #993300; font-size: 15px;\"><span class=\"HwtZe\" lang=\"sl\"><span class=\"jCAhz ChMk0b\"><span class=\"ryNqvb\">Za maksimalno za\u0161\u010dito uporabite ustrezen \u0161\u010ditnik za va\u0161o vi\u0161ino, v skladu z naslednjo tabelo:<\/span><\/span><\/span><\/span><\/p>\n<p><span style=\"color: #993300; font-size: 15px;\">Velikosti:<\/span><br \/>\n<span style=\"font-size: 15px; color: #993300;\">S (obseg glave 52-55 cm)<br \/>\nM (obseg glave 55-58 cm)<br \/>\nL (obseg glave 58-60 cm)<br \/>\nXL (obseg glave 60+ cm)<br \/>\n<\/span><\/p>\n","protected":false},"excerpt":{"rendered":"<p><span style=\"color: #003366;\"><strong>Adidas WT Taekwondo \u010delada rde\u010de barve.<\/strong><\/span><\/p>\n","protected":false},"featured_media":113254,"comment_status":"open","ping_status":"closed","template":"","meta":[],"product_brand":[],"product_cat":[1039,769,951,1049],"product_tag":[],"class_list":{"0":"post-113269","1":"product","2":"type-product","3":"status-publish","4":"has-post-thumbnail","6":"product_cat-taekwondo-3","7":"product_cat-scitniki-za-glavo","8":"product_cat-adidas-3","9":"product_cat-adidas-7","11":"first","12":"instock","13":"taxable","14":"shipping-taxable","15":"purchasable","16":"product-type-variable"},"_links":{"self":[{"href":"https:\/\/www.budoshop.si\/sl\/wp-json\/wp\/v2\/product\/113269","targetHints":{"allow":["GET"]}}],"collection":[{"href":"https:\/\/www.budoshop.si\/sl\/wp-json\/wp\/v2\/product"}],"about":[{"href":"https:\/\/www.budoshop.si\/sl\/wp-json\/wp\/v2\/types\/product"}],"replies":[{"embeddable":true,"href":"https:\/\/www.budoshop.si\/sl\/wp-json\/wp\/v2\/comments?post=113269"}],"wp:featuredmedia":[{"embeddable":true,"href":"https:\/\/www.budoshop.si\/sl\/wp-json\/wp\/v2\/media\/113254"}],"wp:attachment":[{"href":"https:\/\/www.budoshop.si\/sl\/wp-json\/wp\/v2\/media?parent=113269"}],"wp:term":[{"taxonomy":"product_brand","embeddable":true,"href":"https:\/\/www.budoshop.si\/sl\/wp-json\/wp\/v2\/product_brand?post=113269"},{"taxonomy":"product_cat","embeddable":true,"href":"https:\/\/www.budoshop.si\/sl\/wp-json\/wp\/v2\/product_cat?post=113269"},{"taxonomy":"product_tag","embeddable":true,"href":"https:\/\/www.budoshop.si\/sl\/wp-json\/wp\/v2\/product_tag?post=113269"}],"curies":[{"name":"wp","href":"https:\/\/api.w.org\/{rel}","templated":true}]}}