{"id":113102,"date":"2024-10-08T12:53:43","date_gmt":"2024-10-08T10:53:43","guid":{"rendered":"https:\/\/www.budoshop.si\/martial-art-bag-miru-new\/"},"modified":"2025-07-23T11:26:42","modified_gmt":"2025-07-23T09:26:42","slug":"martial-art-bag-miru-new","status":"publish","type":"product","link":"https:\/\/www.budoshop.si\/sl\/izdelek\/martial-art-bag-miru-new\/","title":{"rendered":"Torba za borilne ve\u0161\u010dine &#8221;MIRU&#8221;"},"content":{"rendered":"<p><span style=\"font-size: 15px; color: #993300;\">V Korej\u0161\u010dini MIRU pomeni &#8216;Zmaj&#8217; in tako je ta torba namenjena na\u0161im malim &#8216;bojevnikom zmajem&#8217;.<br \/>\nMiru torbe so narejene in trpe\u017enega 100% poliamid materiala.\u00a0<\/span><br \/>\n<span style=\"font-size: 15px; color: #993300;\">Rde\u010de barve z motivom kro\u017enega udarca z nogo<\/span><\/p>\n<p><span style=\"font-size: 15px; color: #993300;\">Mere: 48 x 28 x 28 cm<\/span><\/p>\n<div><\/div>\n","protected":false},"excerpt":{"rendered":"<p><span style=\"color: #003366;\"><strong>Otro\u0161ka torba za borilne ve\u0161\u010dine Miru.<\/strong><\/span><\/p>\n","protected":false},"featured_media":113101,"comment_status":"open","ping_status":"closed","template":"","meta":[],"product_brand":[],"product_cat":[1043,1033,1029,1039,1041,971,983,1061],"product_tag":[],"class_list":{"0":"post-113102","1":"product","2":"type-product","3":"status-publish","4":"has-post-thumbnail","6":"product_cat-boks-kickbox-tajski-boks-mma","7":"product_cat-ju-jitsujiu-jitsu-1","8":"product_cat-karate-5","9":"product_cat-taekwondo-3","10":"product_cat-tai-chi-kunf-fu-wu-shu-1","11":"product_cat-sportne-torbe","12":"product_cat-kwon-3","13":"product_cat-kwon-5","15":"first","16":"instock","17":"taxable","18":"shipping-taxable","19":"purchasable","20":"product-type-simple"},"_links":{"self":[{"href":"https:\/\/www.budoshop.si\/sl\/wp-json\/wp\/v2\/product\/113102","targetHints":{"allow":["GET"]}}],"collection":[{"href":"https:\/\/www.budoshop.si\/sl\/wp-json\/wp\/v2\/product"}],"about":[{"href":"https:\/\/www.budoshop.si\/sl\/wp-json\/wp\/v2\/types\/product"}],"replies":[{"embeddable":true,"href":"https:\/\/www.budoshop.si\/sl\/wp-json\/wp\/v2\/comments?post=113102"}],"wp:featuredmedia":[{"embeddable":true,"href":"https:\/\/www.budoshop.si\/sl\/wp-json\/wp\/v2\/media\/113101"}],"wp:attachment":[{"href":"https:\/\/www.budoshop.si\/sl\/wp-json\/wp\/v2\/media?parent=113102"}],"wp:term":[{"taxonomy":"product_brand","embeddable":true,"href":"https:\/\/www.budoshop.si\/sl\/wp-json\/wp\/v2\/product_brand?post=113102"},{"taxonomy":"product_cat","embeddable":true,"href":"https:\/\/www.budoshop.si\/sl\/wp-json\/wp\/v2\/product_cat?post=113102"},{"taxonomy":"product_tag","embeddable":true,"href":"https:\/\/www.budoshop.si\/sl\/wp-json\/wp\/v2\/product_tag?post=113102"}],"curies":[{"name":"wp","href":"https:\/\/api.w.org\/{rel}","templated":true}]}}