{"id":113084,"date":"2024-10-07T09:10:38","date_gmt":"2024-10-07T07:10:38","guid":{"rendered":"https:\/\/www.budoshop.si\/children-boxing-gloves-kids-pink-new\/"},"modified":"2026-01-09T10:00:03","modified_gmt":"2026-01-09T09:00:03","slug":"children-boxing-gloves-kids-pink-new","status":"publish","type":"product","link":"https:\/\/www.budoshop.si\/sl\/izdelek\/children-boxing-gloves-kids-pink-new\/","title":{"rendered":"Otro\u0161ke boksarske rokavice &#8221;KIDS roza&#8221;"},"content":{"rendered":"<p><span style=\"font-size: 15px; color: #993300;\">Te boksarske rokavice so primerne za otroke starosti 6-11 let. Boksarske rokavice so izdelane so kvalitetnega umetnega usnja z oblazinjenjem in pritrjenim palcem, kar dobro \u0161\u010diti roko. Zapenjajo se s trakom na je\u017eka, ki zagotavlja dobro pritrditev in hitro ter enostavno natikanje in snemanje, odprtinice na dlani pa nudijo zra\u010dnost dlani. Zaradi zanimivega barvnega motiva jih bo otrok z veseljem uporabljal pri porabi vi\u0161ka svoje energije.<\/span><\/p>\n<p><span style=\"font-size: 15px; color: #993300;\">Barva: roza.<\/span><\/p>\n<p><span style=\"font-size: 15px; color: #993300;\">Velikost: 6OZ<\/span><\/p>\n<p><span style=\"font-size: 15px; color: #993300;\">Opomba: Naj va\u0161 otrok vedno trenira pod kvalificiranim nadzorom.<\/span><\/p>\n","protected":false},"excerpt":{"rendered":"<p><span style=\"color: #003366;\"><strong>Otro\u0161ke 6OZ boksarske rokavice v roza barvi.<\/strong><\/span><\/p>\n","protected":false},"featured_media":113058,"comment_status":"open","ping_status":"closed","template":"","meta":[],"product_brand":[5596],"product_cat":[1043,967,821,983,1061],"product_tag":[],"class_list":{"0":"post-113084","1":"product","2":"type-product","3":"status-publish","4":"has-post-thumbnail","6":"product_brand-kwon","7":"product_cat-boks-kickbox-tajski-boks-mma","8":"product_cat-otroske-boks-rokavice","9":"product_cat-kick-thai-boxing-rokavice","10":"product_cat-kwon-3","11":"product_cat-kwon-5","13":"first","14":"instock","15":"taxable","16":"shipping-taxable","17":"purchasable","18":"product-type-simple"},"_links":{"self":[{"href":"https:\/\/www.budoshop.si\/sl\/wp-json\/wp\/v2\/product\/113084","targetHints":{"allow":["GET"]}}],"collection":[{"href":"https:\/\/www.budoshop.si\/sl\/wp-json\/wp\/v2\/product"}],"about":[{"href":"https:\/\/www.budoshop.si\/sl\/wp-json\/wp\/v2\/types\/product"}],"replies":[{"embeddable":true,"href":"https:\/\/www.budoshop.si\/sl\/wp-json\/wp\/v2\/comments?post=113084"}],"wp:featuredmedia":[{"embeddable":true,"href":"https:\/\/www.budoshop.si\/sl\/wp-json\/wp\/v2\/media\/113058"}],"wp:attachment":[{"href":"https:\/\/www.budoshop.si\/sl\/wp-json\/wp\/v2\/media?parent=113084"}],"wp:term":[{"taxonomy":"product_brand","embeddable":true,"href":"https:\/\/www.budoshop.si\/sl\/wp-json\/wp\/v2\/product_brand?post=113084"},{"taxonomy":"product_cat","embeddable":true,"href":"https:\/\/www.budoshop.si\/sl\/wp-json\/wp\/v2\/product_cat?post=113084"},{"taxonomy":"product_tag","embeddable":true,"href":"https:\/\/www.budoshop.si\/sl\/wp-json\/wp\/v2\/product_tag?post=113084"}],"curies":[{"name":"wp","href":"https:\/\/api.w.org\/{rel}","templated":true}]}}