{"id":113022,"date":"2024-10-03T14:30:54","date_gmt":"2024-10-03T12:30:54","guid":{"rendered":"https:\/\/www.budoshop.si\/judo-gi-yamanashi-blue-new\/"},"modified":"2026-01-10T10:52:13","modified_gmt":"2026-01-10T09:52:13","slug":"judo-gi-yamanashi-blue-new","status":"publish","type":"product","link":"https:\/\/www.budoshop.si\/sl\/izdelek\/judo-gi-yamanashi-blue-new\/","title":{"rendered":"Judo Gi (Kimono) &#8221;YAMANASHI BLUE&#8221;"},"content":{"rendered":"<p><span style=\"font-size: 15px; color: #993300;\"><span class=\"HwtZe\" lang=\"sl\"><span class=\"jCAhz ChMk0b\"><span class=\"ryNqvb\">To modro Judo Kimono YAMANASHI je idealno za Judo vadbo in zaradi odli\u010dnega razmerja med ceno in kakovostojo eno najbolj prodajanih Judo uniform.<\/span><\/span> <span class=\"jCAhz ChMk0b\"><span class=\"ryNqvb\">Jakna je izdelana iz poli-bomba\u017ea (420g\/m<sup>2<\/sup>) v tipi\u010dno zrnati strukturi.<\/span><\/span> <span class=\"jCAhz ChMk0b\"><span class=\"ryNqvb\">Oja\u010dane napetostne to\u010dke in dvojni \u0161ivi zagotavljajo dolgo \u017eivljenjsko dobo.<\/span><\/span>\u00a0<\/span>Ve\u010dkrat ob\u0161it in oja\u010dan rever omogo\u010da \u010dvrste prijeme. Hla\u010de z elastiko v pasu imajo klasi\u010den sredinski vlo\u017eek za mobilnost nog in oja\u010dane predele kolen. Izdelano iz me\u0161anice 70% bomba\u017ea in 30% poliestra. <\/span><br \/>\n<span style=\"font-size: 15px; color: #993300;\">Modre barve.<\/span><\/p>\n<p><span style=\"font-size: 15px; color: #993300;\">To Judo Kimono ima zagotovo odli\u010dno razmerje med ceno in kvaliteto!<\/span><\/p>\n<p><span style=\"font-size: 15px; color: #993300;\">V kompletu se nahajajo hla\u010de z elastiko v pasu, jakna in bel pas.<\/span><\/p>\n<p><span style=\"font-size: 15px; color: #993300;\">Vi\u0161ina: 130 cm \u2013 180 cm (na 10 cm).<\/span><\/p>\n<p>&nbsp;<\/p>\n<p>&nbsp;<\/p>\n<p>&nbsp;<\/p>\n<p><span style=\"font-size: 11px; color: #993300;\">Attention! The uniform is not washed and can shrink with the first wash to approx. 3%.<\/span><\/p>\n","protected":false},"excerpt":{"rendered":"<p><span style=\"color: #003366;\"><strong>Modro za\u010detni\u0161ko 420g\/m2 Judo Kimono.<\/strong><\/span><\/p>\n","protected":false},"featured_media":113018,"comment_status":"open","ping_status":"closed","template":"","meta":[],"product_brand":[5607],"product_cat":[1033,1077,985,1063],"product_tag":[],"class_list":{"0":"post-113022","1":"product","2":"type-product","3":"status-publish","4":"has-post-thumbnail","6":"product_brand-danhro","7":"product_cat-ju-jitsujiu-jitsu-1","8":"product_cat-kwondanhro-1","9":"product_cat-danrho-1","10":"product_cat-danhro-1","11":"pa_velikost-130-cm-sl","12":"pa_velikost-140-cm-sl","13":"pa_velikost-150-cm-sl","14":"pa_velikost-160-cm-sl","15":"pa_velikost-170-cm-sl","16":"pa_velikost-180-cm-sl","18":"first","19":"instock","20":"taxable","21":"shipping-taxable","22":"purchasable","23":"product-type-variable"},"_links":{"self":[{"href":"https:\/\/www.budoshop.si\/sl\/wp-json\/wp\/v2\/product\/113022","targetHints":{"allow":["GET"]}}],"collection":[{"href":"https:\/\/www.budoshop.si\/sl\/wp-json\/wp\/v2\/product"}],"about":[{"href":"https:\/\/www.budoshop.si\/sl\/wp-json\/wp\/v2\/types\/product"}],"replies":[{"embeddable":true,"href":"https:\/\/www.budoshop.si\/sl\/wp-json\/wp\/v2\/comments?post=113022"}],"wp:featuredmedia":[{"embeddable":true,"href":"https:\/\/www.budoshop.si\/sl\/wp-json\/wp\/v2\/media\/113018"}],"wp:attachment":[{"href":"https:\/\/www.budoshop.si\/sl\/wp-json\/wp\/v2\/media?parent=113022"}],"wp:term":[{"taxonomy":"product_brand","embeddable":true,"href":"https:\/\/www.budoshop.si\/sl\/wp-json\/wp\/v2\/product_brand?post=113022"},{"taxonomy":"product_cat","embeddable":true,"href":"https:\/\/www.budoshop.si\/sl\/wp-json\/wp\/v2\/product_cat?post=113022"},{"taxonomy":"product_tag","embeddable":true,"href":"https:\/\/www.budoshop.si\/sl\/wp-json\/wp\/v2\/product_tag?post=113022"}],"curies":[{"name":"wp","href":"https:\/\/api.w.org\/{rel}","templated":true}]}}