{"id":112986,"date":"2024-10-03T09:36:05","date_gmt":"2024-10-03T07:36:05","guid":{"rendered":"https:\/\/www.budoshop.si\/leather-double-end-boxing-speed-ball-zebra-new\/"},"modified":"2026-02-19T11:58:22","modified_gmt":"2026-02-19T10:58:22","slug":"leather-double-end-boxing-speed-ball-zebra-new","status":"publish","type":"product","link":"https:\/\/www.budoshop.si\/sl\/izdelek\/leather-double-end-boxing-speed-ball-zebra-new\/","title":{"rendered":"Usnjena dvojna hitra boks \u017eoga &#8221;ZEBRA&#8221;"},"content":{"rendered":"<p><span style=\"font-size: 15px; color: #993300;\"><span class=\"HwtZe\" lang=\"sl\"><span class=\"jCAhz ChMk0b\"><span class=\"ryNqvb\">Ta dvojna boksarska hitra \u017eoga Zebra je izdelana iz pravega bivoljega usnja in namenjena uporabi pri osredoto\u010denem treningu udarcev.<\/span><\/span> <span class=\"jCAhz ChMk0b\"><span class=\"ryNqvb\">V kompletu z mehurjem z ventilom iz butilne gume profesionalne kakovosti, ki je zamenljiv, lahek, a vzdr\u017eljiv in izjemno odporen za hitre in prave odboje.<\/span><\/span> <span class=\"jCAhz ChMk0b\"><span class=\"ryNqvb\">Nastavljivi zgornji in spodnji pritrdilni trakovi so narejeni iz trpe\u017enega elasti\u010dnega najloma, vklju\u010dno s pritrdilnimi vzmetnimi kavlji, ki so izdelani za vzdr\u017eljivost in profesionalne rezultate.<\/span><\/span> <span class=\"jCAhz ChMk0b\"><span class=\"ryNqvb\">Konstrukcija te dvojne boksarske \u017eoge Zebra zagotavlja hitre odboje najhitrej\u0161e zahteve elitnih \u0161portnikov.<\/span><\/span><\/span><\/span><\/p>\n<p><span style=\"font-size: 15px; color: #993300;\">\u010crne barve z belimi obrobami in napisom Zebra.<\/span><\/p>\n<p><span style=\"font-size: 15px; color: #993300;\">Premer: cca. 25 cm<\/span><\/p>\n","protected":false},"excerpt":{"rendered":"<p><span style=\"color: #003366;\"><strong>Profesionalna usnjena hitra boks \u017eoga Zebra z dvojnima elastikama.<\/strong><\/span><\/p>\n","protected":false},"featured_media":112983,"comment_status":"open","ping_status":"closed","template":"","meta":[],"product_brand":[5599],"product_cat":[1043,751,1105,1103],"product_tag":[],"class_list":{"0":"post-112986","1":"product","2":"type-product","3":"status-publish","4":"has-post-thumbnail","6":"product_brand-zebra","7":"product_cat-boks-kickbox-tajski-boks-mma","8":"product_cat-punching-ball-1","9":"product_cat-zebra-3","10":"product_cat-zebra-1","12":"first","13":"instock","14":"taxable","15":"shipping-taxable","16":"purchasable","17":"product-type-simple"},"_links":{"self":[{"href":"https:\/\/www.budoshop.si\/sl\/wp-json\/wp\/v2\/product\/112986","targetHints":{"allow":["GET"]}}],"collection":[{"href":"https:\/\/www.budoshop.si\/sl\/wp-json\/wp\/v2\/product"}],"about":[{"href":"https:\/\/www.budoshop.si\/sl\/wp-json\/wp\/v2\/types\/product"}],"replies":[{"embeddable":true,"href":"https:\/\/www.budoshop.si\/sl\/wp-json\/wp\/v2\/comments?post=112986"}],"wp:featuredmedia":[{"embeddable":true,"href":"https:\/\/www.budoshop.si\/sl\/wp-json\/wp\/v2\/media\/112983"}],"wp:attachment":[{"href":"https:\/\/www.budoshop.si\/sl\/wp-json\/wp\/v2\/media?parent=112986"}],"wp:term":[{"taxonomy":"product_brand","embeddable":true,"href":"https:\/\/www.budoshop.si\/sl\/wp-json\/wp\/v2\/product_brand?post=112986"},{"taxonomy":"product_cat","embeddable":true,"href":"https:\/\/www.budoshop.si\/sl\/wp-json\/wp\/v2\/product_cat?post=112986"},{"taxonomy":"product_tag","embeddable":true,"href":"https:\/\/www.budoshop.si\/sl\/wp-json\/wp\/v2\/product_tag?post=112986"}],"curies":[{"name":"wp","href":"https:\/\/api.w.org\/{rel}","templated":true}]}}