{"id":112872,"date":"2024-09-29T13:14:27","date_gmt":"2024-09-29T11:14:27","guid":{"rendered":"https:\/\/www.budoshop.si\/rashguard-black-white-new\/"},"modified":"2025-06-23T08:42:48","modified_gmt":"2025-06-23T06:42:48","slug":"rashguard-black-white-new","status":"publish","type":"product","link":"https:\/\/www.budoshop.si\/sl\/izdelek\/rashguard-black-white-new\/","title":{"rendered":"Rashguard majica &#8221;BLACK &#038; WHITE&#8221;"},"content":{"rendered":"<p><span style=\"font-size: 15px; color: #993300;\"><span class=\"HwtZe\" lang=\"sl\"><span class=\"jCAhz ChMk0b\"><span class=\"ryNqvb\">Rashguard Black &amp; White borilna majica je izdelana iz ko\u017ei prijazne, zelo funkcionalne me\u0161anice materialov, ki zagotavljajo potrebno kompresijo mi\u0161ic, optimalno regulacijo telesne temperature in lastnosti odvajanja vlage.<\/span><\/span> <span class=\"jCAhz ChMk0b\"><span class=\"ryNqvb\">Na\u0161o linijo C17 poleg funkcionalnosti odlikuje dinami\u010den dizajn z \u017eivahnimi barvami zaradi visokokakovostnega sublimacijskega tiska.<\/span><\/span> <span class=\"jCAhz ChMk0b\"><span class=\"ryNqvb\">Izdelana iz\u00a0 73% poliester\/27% elastan <\/span><\/span><\/span><\/span><span style=\"font-size: 15px; color: #993300;\"><span class=\"HwtZe\" lang=\"sl\"><span class=\"jCAhz ChMk0b\"><span class=\"ryNqvb\">materiala.<br \/>\nId<\/span><\/span><\/span><\/span><span style=\"font-size: 15px; color: #993300;\"><span class=\"HwtZe\" lang=\"sl\"><span class=\"jCAhz ChMk0b\"><span class=\"ryNqvb\">ealna za MMA, BJJ, grappling in fitnes trening.<\/span><\/span><\/span><br \/>\n<\/span><\/p>\n<p><span style=\"font-size: 15px; color: #993300;\">Velikosti: S \u2013 M \u2013 L \u2013 XL<\/span><\/p>\n","protected":false},"excerpt":{"rendered":"<p><strong><span style=\"color: #003366;\">Rashguard Under Gi \u0161portna majica z dolgimi rokavi.<\/span><br \/>\n<\/strong><\/p>\n","protected":false},"featured_media":112864,"comment_status":"open","ping_status":"closed","template":"","meta":[],"product_brand":[5595],"product_cat":[1043,909,5405,5406,921,1133],"product_tag":[],"class_list":{"0":"post-112872","1":"product","2":"type-product","3":"status-publish","4":"has-post-thumbnail","6":"product_brand-ju-sports","7":"product_cat-boks-kickbox-tajski-boks-mma","8":"product_cat-drugo","9":"product_cat-ju-sports","10":"product_cat-ju-sports-2","11":"product_cat-mma-1","12":"product_cat-rashguard-1","13":"pa_velikost-l-sl-2","14":"pa_velikost-m-sl-2","15":"pa_velikost-s-sl-2","16":"pa_velikost-xl-sl","18":"first","19":"instock","20":"taxable","21":"shipping-taxable","22":"purchasable","23":"product-type-variable"},"_links":{"self":[{"href":"https:\/\/www.budoshop.si\/sl\/wp-json\/wp\/v2\/product\/112872","targetHints":{"allow":["GET"]}}],"collection":[{"href":"https:\/\/www.budoshop.si\/sl\/wp-json\/wp\/v2\/product"}],"about":[{"href":"https:\/\/www.budoshop.si\/sl\/wp-json\/wp\/v2\/types\/product"}],"replies":[{"embeddable":true,"href":"https:\/\/www.budoshop.si\/sl\/wp-json\/wp\/v2\/comments?post=112872"}],"wp:featuredmedia":[{"embeddable":true,"href":"https:\/\/www.budoshop.si\/sl\/wp-json\/wp\/v2\/media\/112864"}],"wp:attachment":[{"href":"https:\/\/www.budoshop.si\/sl\/wp-json\/wp\/v2\/media?parent=112872"}],"wp:term":[{"taxonomy":"product_brand","embeddable":true,"href":"https:\/\/www.budoshop.si\/sl\/wp-json\/wp\/v2\/product_brand?post=112872"},{"taxonomy":"product_cat","embeddable":true,"href":"https:\/\/www.budoshop.si\/sl\/wp-json\/wp\/v2\/product_cat?post=112872"},{"taxonomy":"product_tag","embeddable":true,"href":"https:\/\/www.budoshop.si\/sl\/wp-json\/wp\/v2\/product_tag?post=112872"}],"curies":[{"name":"wp","href":"https:\/\/api.w.org\/{rel}","templated":true}]}}