{"id":112828,"date":"2024-09-28T13:17:19","date_gmt":"2024-09-28T11:17:19","guid":{"rendered":"https:\/\/www.budoshop.si\/wooden-practice-sword-bokken-shoto-black-new\/"},"modified":"2026-01-13T10:15:09","modified_gmt":"2026-01-13T09:15:09","slug":"wooden-practice-sword-bokken-shoto-black-new","status":"publish","type":"product","link":"https:\/\/www.budoshop.si\/sl\/izdelek\/wooden-practice-sword-bokken-shoto-black-new\/","title":{"rendered":"Lesen vadbeni me\u010d &#8221;Bokken SHOTO BLACK&#8221;"},"content":{"rendered":"<p><span style=\"font-size: 15px; color: #993300;\">Ta kratek lesen vadbeni me\u010d, klasi\u010dne tradicionalne oblike japonskega Wakizashi-ja, s plasti\u010dno Tsubo (\u0161\u010ditnikom) pri ro\u010daju, omogo\u010da varen in kvaliteten trening me\u010devanja. Narejen je iz kvalitetnega in obstojnega lesa. \u010crne barve.<\/span><\/p>\n<p><span style=\"font-size: 15px; color: #993300;\">Skupna dol\u017eina: cca. 55 cm.<\/span><br \/>\n<span style=\"font-size: 15px; color: #993300;\">Dol\u017eina rezila: 39 cm.<\/span><br \/>\n<span style=\"font-size: 15px; color: #993300;\">Dol\u017eina ro\u010daja: 16 cm.<\/span><br \/>\n<span style=\"font-size: 15px; color: #993300;\">Te\u017ea: cca. 335 g<\/span><\/p>\n","protected":false},"excerpt":{"rendered":"<p><span style=\"color: #003366;\"><strong>Kratek lesen vadbeni me\u010d Samurai-ske Wakizashi oblike \u010drne barve.<\/strong><\/span><\/p>\n","protected":false},"featured_media":112826,"comment_status":"open","ping_status":"closed","template":"","meta":[],"product_brand":[5595],"product_cat":[1035,5405,5406,757,1037],"product_tag":[],"class_list":{"0":"post-112828","1":"product","2":"type-product","3":"status-publish","4":"has-post-thumbnail","6":"product_brand-ju-sports","7":"product_cat-aikido-kendo-iai-kobudo-1","8":"product_cat-ju-sports","9":"product_cat-ju-sports-2","10":"product_cat-leseni","11":"product_cat-ninjutsu-3","13":"first","14":"instock","15":"taxable","16":"shipping-taxable","17":"purchasable","18":"product-type-simple"},"_links":{"self":[{"href":"https:\/\/www.budoshop.si\/sl\/wp-json\/wp\/v2\/product\/112828","targetHints":{"allow":["GET"]}}],"collection":[{"href":"https:\/\/www.budoshop.si\/sl\/wp-json\/wp\/v2\/product"}],"about":[{"href":"https:\/\/www.budoshop.si\/sl\/wp-json\/wp\/v2\/types\/product"}],"replies":[{"embeddable":true,"href":"https:\/\/www.budoshop.si\/sl\/wp-json\/wp\/v2\/comments?post=112828"}],"wp:featuredmedia":[{"embeddable":true,"href":"https:\/\/www.budoshop.si\/sl\/wp-json\/wp\/v2\/media\/112826"}],"wp:attachment":[{"href":"https:\/\/www.budoshop.si\/sl\/wp-json\/wp\/v2\/media?parent=112828"}],"wp:term":[{"taxonomy":"product_brand","embeddable":true,"href":"https:\/\/www.budoshop.si\/sl\/wp-json\/wp\/v2\/product_brand?post=112828"},{"taxonomy":"product_cat","embeddable":true,"href":"https:\/\/www.budoshop.si\/sl\/wp-json\/wp\/v2\/product_cat?post=112828"},{"taxonomy":"product_tag","embeddable":true,"href":"https:\/\/www.budoshop.si\/sl\/wp-json\/wp\/v2\/product_tag?post=112828"}],"curies":[{"name":"wp","href":"https:\/\/api.w.org\/{rel}","templated":true}]}}