{"id":112820,"date":"2024-09-27T19:45:46","date_gmt":"2024-09-27T17:45:46","guid":{"rendered":"https:\/\/www.budoshop.si\/resistance-bands-set-rio-fit-new\/"},"modified":"2025-07-23T10:17:09","modified_gmt":"2025-07-23T08:17:09","slug":"resistance-bands-set-rio-fit-new","status":"publish","type":"product","link":"https:\/\/www.budoshop.si\/sl\/izdelek\/resistance-bands-set-rio-fit-new\/","title":{"rendered":"Set elasti\u010dnih trakov za vadbo &#8221;RIO FIT&#8221;"},"content":{"rendered":"<div class=\"product-detail-description-text\">\n<p><span style=\"font-size: 15px; color: #993300;\"><span class=\"HwtZe\" lang=\"sl\"><span class=\"jCAhz ChMk0b\"><span class=\"ryNqvb\">Elasti\u010dni trakovi trakovi in tube omogo\u010dajo ne\u017een trening, zaradi \u010desar so uporabni tudi pri fizikalni terapiji, rehabilitaciji in \u0161portu za starej\u0161e.<\/span><\/span> <span class=\"jCAhz ChMk0b\"><span class=\"ryNqvb\">Na\u0161 komplet treh razli\u010dnih elasti\u010dnih trakov je idealen za krepitev in toniranje mi\u0161ic, tako za zgornji kot spodnji del telesa, s \u0161irokim naborom mo\u017enih vaj. Ker ne zavzema veliko prostora se set lahko vzame s seboj tudi na <\/span><\/span><span class=\"jCAhz ChMk0b\"><span class=\"ryNqvb\">potovanja ali dopust, da imamo \u0161portno opremo vedno in povsod pri sebi.<br \/>\nElastike so <\/span><\/span><span class=\"jCAhz ChMk0b\"><span class=\"ryNqvb\">odporne na znoj in enostavne za \u010di\u0161\u010denje. Vklju\u010dujejo tudi <\/span><\/span><span class=\"jCAhz\"><span class=\"ryNqvb\">mehke ro\u010daje proti zdrsu<\/span><\/span><\/span>.<br \/>\nVklju\u010dno s prakti\u010dno prenosno torbico.<br \/>\n<\/span><\/p>\n<\/div>\n","protected":false},"excerpt":{"rendered":"<p><span style=\"color: #003366;\"><strong>Set treh razli\u010dnih elasti\u010dnih trakov za vadbo.<\/strong><\/span><\/p>\n","protected":false},"featured_media":112819,"comment_status":"open","ping_status":"closed","template":"","meta":[],"product_brand":[],"product_cat":[1043,1121,1033,5405,5406,1031,1029,1039,1041],"product_tag":[],"class_list":{"0":"post-112820","1":"product","2":"type-product","3":"status-publish","4":"has-post-thumbnail","6":"product_cat-boks-kickbox-tajski-boks-mma","7":"product_cat-elastike","8":"product_cat-ju-jitsujiu-jitsu-1","9":"product_cat-ju-sports","10":"product_cat-ju-sports-2","11":"product_cat-judo-1","12":"product_cat-karate-5","13":"product_cat-taekwondo-3","14":"product_cat-tai-chi-kunf-fu-wu-shu-1","16":"first","17":"instock","18":"taxable","19":"shipping-taxable","20":"purchasable","21":"product-type-simple"},"_links":{"self":[{"href":"https:\/\/www.budoshop.si\/sl\/wp-json\/wp\/v2\/product\/112820","targetHints":{"allow":["GET"]}}],"collection":[{"href":"https:\/\/www.budoshop.si\/sl\/wp-json\/wp\/v2\/product"}],"about":[{"href":"https:\/\/www.budoshop.si\/sl\/wp-json\/wp\/v2\/types\/product"}],"replies":[{"embeddable":true,"href":"https:\/\/www.budoshop.si\/sl\/wp-json\/wp\/v2\/comments?post=112820"}],"wp:featuredmedia":[{"embeddable":true,"href":"https:\/\/www.budoshop.si\/sl\/wp-json\/wp\/v2\/media\/112819"}],"wp:attachment":[{"href":"https:\/\/www.budoshop.si\/sl\/wp-json\/wp\/v2\/media?parent=112820"}],"wp:term":[{"taxonomy":"product_brand","embeddable":true,"href":"https:\/\/www.budoshop.si\/sl\/wp-json\/wp\/v2\/product_brand?post=112820"},{"taxonomy":"product_cat","embeddable":true,"href":"https:\/\/www.budoshop.si\/sl\/wp-json\/wp\/v2\/product_cat?post=112820"},{"taxonomy":"product_tag","embeddable":true,"href":"https:\/\/www.budoshop.si\/sl\/wp-json\/wp\/v2\/product_tag?post=112820"}],"curies":[{"name":"wp","href":"https:\/\/api.w.org\/{rel}","templated":true}]}}