{"id":112792,"date":"2024-09-27T10:26:10","date_gmt":"2024-09-27T08:26:10","guid":{"rendered":"https:\/\/www.budoshop.si\/hand-grip-strengthener-new\/"},"modified":"2026-04-15T12:20:01","modified_gmt":"2026-04-15T10:20:01","slug":"hand-grip-strengthener-new","status":"publish","type":"product","link":"https:\/\/www.budoshop.si\/sl\/izdelek\/hand-grip-strengthener-new\/","title":{"rendered":"Krepilec rok &#8221;Hand Grip Strengthener&#8221; &#8211; NOVO!!!"},"content":{"rendered":"<div class=\"product-detail-description-text\"><span class=\"HwtZe\" lang=\"sl\"><span class=\"jCAhz ChMk0b\"><span class=\"ryNqvb\"><span style=\"font-size: 15px; color: #993300;\">Hand Grip Strengthener je idealna ergonomsko oblikovana naprava\u00a0 za va\u0161e prste, roke in mi\u0161ice podlakti. Nepogre\u0161ljiv pripomo\u010dek za vse \u0161porte in dejavnosti, kjer je potrebna visoka mo\u010d prijema, \u0161e posebej uporabna za borilne ve\u0161\u010dine, plezalce, pa tudi za glasbenike in fizioterapevte. <\/span><\/span><\/span><\/span><\/div>\n<div class=\"product-detail-description-text\"><span class=\"HwtZe\" lang=\"sl\"><span class=\"jCAhz ChMk0b\"><span class=\"ryNqvb\"><span style=\"font-size: 15px; color: #993300;\">Ta naprava za krepitev rok je\u00a0<\/span><\/span><\/span><\/span><span class=\"HwtZe\" lang=\"sl\"><span class=\"jCAhz ChMk0b\"><span class=\"ryNqvb\"><span style=\"font-size: 15px; color: #993300;\">sestavljena iz dveh ro\u010dk in mo\u010dne vzmeti z nastavljivim uporom stiska.\u00a0<\/span><\/span><\/span><\/span><span class=\"HwtZe\" lang=\"sl\"><span class=\"jCAhz ChMk0b\"><span class=\"ryNqvb\"><span style=\"font-size: 15px; color: #993300;\">Upor se enostavno nastavlja z vrtljivim gumbom: za\u010dnite z bla\u017ejim uporom (od 10 kg mo\u010di) in ga po\u010dasi pove\u010dujte (do 40 kg mo\u010di). Ro\u010daji so ergonomski in protidrsni saj posebni gumirani robovi prepre\u010dujejo, da bi ro\u010daj zdrsnil z rok.<\/span><\/span><\/span><\/span><br \/>\n<span class=\"HwtZe\" lang=\"sl\"><span class=\"jCAhz ChMk0b\"><span class=\"ryNqvb\"><span style=\"font-size: 15px; color: #993300;\"><br \/>\n<\/span><span style=\"font-size: 15px; color: #993300;\">Naprava ne zavzema veliko prostora in je primerna za uporabo vedno in povsod. Primerna tudi za rehabilitacijo in kot pripomo\u010dek za zmanj\u0161evanje stresa.<\/span><br \/>\n<\/span><\/span> <\/span><span class=\"HwtZe\" lang=\"sl\"><span class=\"jCAhz ChMk0b\"><span class=\"ryNqvb\"><br \/>\n<\/span><\/span><\/span><\/div>\n","protected":false},"excerpt":{"rendered":"<p><span style=\"color: #003366;\"><strong>Nastavljiv pripomo\u010dek za krepitev rok in mo\u010di stiska prstov.<\/strong><\/span><\/p>\n","protected":false},"featured_media":112790,"comment_status":"open","ping_status":"closed","template":"","meta":[],"product_brand":[5595],"product_cat":[1035,1043,1033,5405,5406,1031,1029,1037,741,1025,1125,1039,1041,1123],"product_tag":[],"class_list":{"0":"post-112792","1":"product","2":"type-product","3":"status-publish","4":"has-post-thumbnail","6":"product_brand-ju-sports","7":"product_cat-aikido-kendo-iai-kobudo-1","8":"product_cat-boks-kickbox-tajski-boks-mma","9":"product_cat-ju-jitsujiu-jitsu-1","10":"product_cat-ju-sports","11":"product_cat-ju-sports-2","12":"product_cat-judo-1","13":"product_cat-karate-5","14":"product_cat-ninjutsu-3","15":"product_cat-novosti","16":"product_cat-novosti-2","17":"product_cat-pripomocki-za-fitness","18":"product_cat-taekwondo-3","19":"product_cat-tai-chi-kunf-fu-wu-shu-1","20":"product_cat-utezi-medicinske-zoge","22":"first","23":"instock","24":"taxable","25":"shipping-taxable","26":"purchasable","27":"product-type-simple"},"_links":{"self":[{"href":"https:\/\/www.budoshop.si\/sl\/wp-json\/wp\/v2\/product\/112792","targetHints":{"allow":["GET"]}}],"collection":[{"href":"https:\/\/www.budoshop.si\/sl\/wp-json\/wp\/v2\/product"}],"about":[{"href":"https:\/\/www.budoshop.si\/sl\/wp-json\/wp\/v2\/types\/product"}],"replies":[{"embeddable":true,"href":"https:\/\/www.budoshop.si\/sl\/wp-json\/wp\/v2\/comments?post=112792"}],"wp:featuredmedia":[{"embeddable":true,"href":"https:\/\/www.budoshop.si\/sl\/wp-json\/wp\/v2\/media\/112790"}],"wp:attachment":[{"href":"https:\/\/www.budoshop.si\/sl\/wp-json\/wp\/v2\/media?parent=112792"}],"wp:term":[{"taxonomy":"product_brand","embeddable":true,"href":"https:\/\/www.budoshop.si\/sl\/wp-json\/wp\/v2\/product_brand?post=112792"},{"taxonomy":"product_cat","embeddable":true,"href":"https:\/\/www.budoshop.si\/sl\/wp-json\/wp\/v2\/product_cat?post=112792"},{"taxonomy":"product_tag","embeddable":true,"href":"https:\/\/www.budoshop.si\/sl\/wp-json\/wp\/v2\/product_tag?post=112792"}],"curies":[{"name":"wp","href":"https:\/\/api.w.org\/{rel}","templated":true}]}}