{"id":112650,"date":"2024-09-25T18:14:24","date_gmt":"2024-09-25T16:14:24","guid":{"rendered":"https:\/\/www.budoshop.si\/judo-gi-kimono-adidas-j500-blue-new\/"},"modified":"2026-03-06T08:10:34","modified_gmt":"2026-03-06T07:10:34","slug":"judo-gi-kimono-adidas-j500-blue-new","status":"publish","type":"product","link":"https:\/\/www.budoshop.si\/sl\/izdelek\/judo-gi-kimono-adidas-j500-blue-new\/","title":{"rendered":"Judo Gi (Kimono) &#8221;Adidas J500 BLUE&#8221;"},"content":{"rendered":"<p><span style=\"font-size: 15px; color: #993300;\">Modro Judo Kimono Adidas J500 z zna\u010dilnimi Adidas belimi \u010drtami na ramenu, je idealna izbira za vse Judo praktikante. Unikaten dizajn \u0161ivov. Hrbtni \u0161iv, kompaktno preparirano tkanje. Narejen je iz me\u0161anice 60% bomba\u017ea in 40% poliestra (500 g\/m2) vrhunske kvalitete, z oja\u010danimi predeli reverja, ramen, prsi in kolen. Primerno za vse za\u010detnike, napredne praktikante, kot trening Kimono vrhunskih Judoistov, pa tudi za la\u017eja tehmovanja. Odli\u010dno razmerje med kvaliteto in ceno!<\/span><\/p>\n<p><span style=\"font-size: 15px; color: #993300;\">V kompletu so hla\u010de z vrvico v pasu in jakna iz zrnastega tkanja (pas ni prilo\u017een!).<\/span><\/p>\n<p><span style=\"font-size: 15px; color: #993300;\">Vi\u0161ine: 150 &#8211; 190 cm (na 10 cm).<\/span><\/p>\n<p>&nbsp;<\/p>\n<p><span style=\"font-size: 11px; color: #993300;\">Pozor! Kimono ni predprano in se lahko pri prvem pranju skr\u010di za cca. 3 %.<\/span><\/p>\n","protected":false},"excerpt":{"rendered":"<p><span style=\"color: #003366;\"><strong>Modro 500g Adidas Judo Kimono z belimi ramenskimi \u010drtami.<\/strong><\/span><\/p>\n","protected":false},"featured_media":112622,"comment_status":"open","ping_status":"closed","template":"","meta":[],"product_brand":[5594],"product_cat":[1049,951,1017,1033,1031],"product_tag":[],"class_list":{"0":"post-112650","1":"product","2":"type-product","3":"status-publish","4":"has-post-thumbnail","6":"product_brand-adidas","7":"product_cat-adidas-7","8":"product_cat-adidas-3","9":"product_cat-adidas-5","10":"product_cat-ju-jitsujiu-jitsu-1","11":"product_cat-judo-1","12":"pa_velikost-150-cm-sl","13":"pa_velikost-160-cm-sl","14":"pa_velikost-170-cm-sl","15":"pa_velikost-180-cm-sl","16":"pa_velikost-190-cm-sl","18":"first","19":"instock","20":"taxable","21":"shipping-taxable","22":"purchasable","23":"product-type-variable"},"_links":{"self":[{"href":"https:\/\/www.budoshop.si\/sl\/wp-json\/wp\/v2\/product\/112650","targetHints":{"allow":["GET"]}}],"collection":[{"href":"https:\/\/www.budoshop.si\/sl\/wp-json\/wp\/v2\/product"}],"about":[{"href":"https:\/\/www.budoshop.si\/sl\/wp-json\/wp\/v2\/types\/product"}],"replies":[{"embeddable":true,"href":"https:\/\/www.budoshop.si\/sl\/wp-json\/wp\/v2\/comments?post=112650"}],"wp:featuredmedia":[{"embeddable":true,"href":"https:\/\/www.budoshop.si\/sl\/wp-json\/wp\/v2\/media\/112622"}],"wp:attachment":[{"href":"https:\/\/www.budoshop.si\/sl\/wp-json\/wp\/v2\/media?parent=112650"}],"wp:term":[{"taxonomy":"product_brand","embeddable":true,"href":"https:\/\/www.budoshop.si\/sl\/wp-json\/wp\/v2\/product_brand?post=112650"},{"taxonomy":"product_cat","embeddable":true,"href":"https:\/\/www.budoshop.si\/sl\/wp-json\/wp\/v2\/product_cat?post=112650"},{"taxonomy":"product_tag","embeddable":true,"href":"https:\/\/www.budoshop.si\/sl\/wp-json\/wp\/v2\/product_tag?post=112650"}],"curies":[{"name":"wp","href":"https:\/\/api.w.org\/{rel}","templated":true}]}}