{"id":112512,"date":"2024-09-24T11:08:52","date_gmt":"2024-09-24T09:08:52","guid":{"rendered":"https:\/\/www.budoshop.si\/shin-and-insteap-guard-zebra-pro-black-new\/"},"modified":"2026-01-23T17:52:10","modified_gmt":"2026-01-23T16:52:10","slug":"shin-and-insteap-guard-zebra-pro-black-new","status":"publish","type":"product","link":"https:\/\/www.budoshop.si\/sl\/izdelek\/shin-and-insteap-guard-zebra-pro-black-new\/","title":{"rendered":"\u0160\u010ditnik za golen in nart &#8221;Zebra PRO black&#8221;"},"content":{"rendered":"<p><span style=\"font-size: 15px; color: #993300;\">\u0160\u010ditniki za golen in nart Zebra PRO so izdelani iz &#8220;FLX&#8221; umetnega materiala. <span class=\"HwtZe\" lang=\"sl\"><span class=\"jCAhz ChMk0b\"><span class=\"ryNqvb\">Anatomsko pravilna predukrivljenost ve\u010dplastne EVA pene nad golenico in nartom v kombinaciji z dvema zelo \u0161irokima trakovoma z zapenjanjem na je\u017eka zagotavljajo zelo dobro in stabilno prileganje na nogo.<\/span><\/span><\/span><\/span><\/p>\n<p><span style=\"font-size: 15px; color: #993300;\"><span class=\"HwtZe\" lang=\"sl\"><span class=\"jCAhz ChMk0b\"><span class=\"ryNqvb\">Dvojno oblazinjenje na srednjem predelu golenice in narta nudi najve\u010dje za\u0161\u010ditne lastnosti.<\/span><\/span> Neoprenasta<span class=\"jCAhz ChMk0b\"><span class=\"ryNqvb\"> podloga med golenico in nartom dodatno bla\u017ei udarce, tudi ko je noga med brco iztegnjena.<\/span><\/span> \u0160\u010ditnik za golen in nart Zebra PRO je zagotovo v<span class=\"jCAhz ChMk0b\"><span class=\"ryNqvb\">rhunska za\u0161\u010dita za najvi\u0161je zahteve.<\/span><\/span><\/span><\/span><\/p>\n<p><span style=\"font-size: 15px; color: #993300;\">\u010crne barve.<\/span><\/p>\n<div>\n<p><span style=\"font-size: 15px; color: #993300;\">Ustreza CE standardom!<\/span><\/p>\n<p><span style=\"font-size: 15px; color: #993300;\">Velikosti: XS &#8211; S \u2013 M \u2013 L \u2013 XL<\/span><\/p>\n<\/div>\n<p><span style=\"font-size: 15px; color: #993300;\">Prodaja se v paru.<\/span><\/p>\n","protected":false},"excerpt":{"rendered":"<p><span style=\"color: #003366;\"><strong>Profesionalni \u0161\u010ditniki za golen in stopalo znamke Zebra.<\/strong><\/span><\/p>\n","protected":false},"featured_media":112496,"comment_status":"open","ping_status":"closed","template":"","meta":[],"product_brand":[5599],"product_cat":[1043,899,1105,1103],"product_tag":[],"class_list":{"0":"post-112512","1":"product","2":"type-product","3":"status-publish","4":"has-post-thumbnail","6":"product_brand-zebra","7":"product_cat-boks-kickbox-tajski-boks-mma","8":"product_cat-scitniki-za-piscali","9":"product_cat-zebra-3","10":"product_cat-zebra-1","11":"pa_velikost-xs-sl","12":"pa_velikost-s-sl-2","13":"pa_velikost-m-sl-2","14":"pa_velikost-l-sl-2","15":"pa_velikost-xl-sl","17":"first","18":"instock","19":"taxable","20":"shipping-taxable","21":"purchasable","22":"product-type-variable"},"_links":{"self":[{"href":"https:\/\/www.budoshop.si\/sl\/wp-json\/wp\/v2\/product\/112512","targetHints":{"allow":["GET"]}}],"collection":[{"href":"https:\/\/www.budoshop.si\/sl\/wp-json\/wp\/v2\/product"}],"about":[{"href":"https:\/\/www.budoshop.si\/sl\/wp-json\/wp\/v2\/types\/product"}],"replies":[{"embeddable":true,"href":"https:\/\/www.budoshop.si\/sl\/wp-json\/wp\/v2\/comments?post=112512"}],"wp:featuredmedia":[{"embeddable":true,"href":"https:\/\/www.budoshop.si\/sl\/wp-json\/wp\/v2\/media\/112496"}],"wp:attachment":[{"href":"https:\/\/www.budoshop.si\/sl\/wp-json\/wp\/v2\/media?parent=112512"}],"wp:term":[{"taxonomy":"product_brand","embeddable":true,"href":"https:\/\/www.budoshop.si\/sl\/wp-json\/wp\/v2\/product_brand?post=112512"},{"taxonomy":"product_cat","embeddable":true,"href":"https:\/\/www.budoshop.si\/sl\/wp-json\/wp\/v2\/product_cat?post=112512"},{"taxonomy":"product_tag","embeddable":true,"href":"https:\/\/www.budoshop.si\/sl\/wp-json\/wp\/v2\/product_tag?post=112512"}],"curies":[{"name":"wp","href":"https:\/\/api.w.org\/{rel}","templated":true}]}}