{"id":112482,"date":"2024-09-23T08:11:57","date_gmt":"2024-09-23T06:11:57","guid":{"rendered":"https:\/\/www.budoshop.si\/boxing-speed-ball-kwon-new\/"},"modified":"2026-01-30T19:27:27","modified_gmt":"2026-01-30T18:27:27","slug":"boxing-speed-ball-kwon-new","status":"publish","type":"product","link":"https:\/\/www.budoshop.si\/sl\/izdelek\/boxing-speed-ball-kwon-new\/","title":{"rendered":"Boksarska hru\u0161ka &#8221;KWON&#8221;"},"content":{"rendered":"<div>\n<p><span style=\"font-size: 15px; color: #993300;\">Priljubljena boksarska hitrostna \u017eoga, pri nas bolj poznana kot boksarska hru\u0161ka. Uporablja se predvsem za razvijanje koordinacije, hitrosti in odzivnosti pri ro\u010dnih udarcih, s treningom na njej pa se razvija in utrjuje tudi ramenske in ro\u010dne mi\u0161ice ter splo\u0161no telesno kondicijo. Zato je primerna tako za izku\u0161ene tekmovalce kot za rekreativce, ki si \u017eelijo popestriti svoje treninge.<\/span><\/p>\n<p><span style=\"font-size: 15px; color: #993300;\">Ta boksarska hru\u0161ka je izdelana iz napihljivega jedra in pla\u0161\u010da iz umetnega usnja, ki zagotavlja dolgo \u017eivljenjsko dobo.<\/span><br \/>\n<span style=\"font-size: 15px; color: #993300;\">Rde\u010de barve.<\/span><\/p>\n<p><span style=\"font-size: 15px; color: #993300;\">Hitro \u017eogo, imenovane so tudi kot hitra vre\u010da, se obesi na poseben vrtljivi obe\u0161alnik z le\u017eajem.<\/span><\/p>\n<p>&nbsp;<\/p>\n<\/div>\n<div><span style=\"font-size: 15px; color: #993300;\">Velikosti:<\/span><\/div>\n<div><span style=\"font-size: 15px; color: #993300;\">&#8211; Mala (cca. 26 x 15 cm &#8211; obseg 44 cm)<\/span><br \/>\n<span style=\"font-size: 15px; color: #993300;\">&#8211; Velika (cca. 37 x 22 cm &#8211; obseg 66 cm)<\/span><\/div>\n","protected":false},"excerpt":{"rendered":"<p><span style=\"color: #003366;\"><strong>2 velikosti hitre boksarske hru\u0161ke.<\/strong><\/span><\/p>\n","protected":false},"featured_media":112477,"comment_status":"open","ping_status":"closed","template":"","meta":[],"product_brand":[5596],"product_cat":[1043,751,983,1061],"product_tag":[],"class_list":{"0":"post-112482","1":"product","2":"type-product","3":"status-publish","4":"has-post-thumbnail","6":"product_brand-kwon","7":"product_cat-boks-kickbox-tajski-boks-mma","8":"product_cat-punching-ball-1","9":"product_cat-kwon-3","10":"product_cat-kwon-5","11":"pa_velikost-mala","12":"pa_velikost-velika","14":"first","15":"instock","16":"taxable","17":"shipping-taxable","18":"purchasable","19":"product-type-variable"},"_links":{"self":[{"href":"https:\/\/www.budoshop.si\/sl\/wp-json\/wp\/v2\/product\/112482","targetHints":{"allow":["GET"]}}],"collection":[{"href":"https:\/\/www.budoshop.si\/sl\/wp-json\/wp\/v2\/product"}],"about":[{"href":"https:\/\/www.budoshop.si\/sl\/wp-json\/wp\/v2\/types\/product"}],"replies":[{"embeddable":true,"href":"https:\/\/www.budoshop.si\/sl\/wp-json\/wp\/v2\/comments?post=112482"}],"wp:featuredmedia":[{"embeddable":true,"href":"https:\/\/www.budoshop.si\/sl\/wp-json\/wp\/v2\/media\/112477"}],"wp:attachment":[{"href":"https:\/\/www.budoshop.si\/sl\/wp-json\/wp\/v2\/media?parent=112482"}],"wp:term":[{"taxonomy":"product_brand","embeddable":true,"href":"https:\/\/www.budoshop.si\/sl\/wp-json\/wp\/v2\/product_brand?post=112482"},{"taxonomy":"product_cat","embeddable":true,"href":"https:\/\/www.budoshop.si\/sl\/wp-json\/wp\/v2\/product_cat?post=112482"},{"taxonomy":"product_tag","embeddable":true,"href":"https:\/\/www.budoshop.si\/sl\/wp-json\/wp\/v2\/product_tag?post=112482"}],"curies":[{"name":"wp","href":"https:\/\/api.w.org\/{rel}","templated":true}]}}