{"id":112447,"date":"2024-09-20T13:44:57","date_gmt":"2024-09-20T11:44:57","guid":{"rendered":"https:\/\/www.budoshop.si\/elastic-band-kick-new\/"},"modified":"2025-07-17T12:38:53","modified_gmt":"2025-07-17T10:38:53","slug":"elastic-band-kick-new","status":"publish","type":"product","link":"https:\/\/www.budoshop.si\/sl\/izdelek\/elastic-band-kick-new\/","title":{"rendered":"Elasti\u010dni trak &#8221;KICK&#8221;"},"content":{"rendered":"<p><span style=\"font-size: 15px; color: #993300;\">Elasti\u010den KICK trak je popoln dodatek va\u0161emu treningu no\u017enih udarcev. Trening z elasti\u010dnimi vrvmi, ki omejujejo prosto gibanje noge, u\u010dinkovito deluje na ve\u010d mi\u0161i\u010dnih skupin hkrati. Z elasti\u010dnim Kick trakom se tako izbolj\u0161a izvedba, tehnika, hitrost in mo\u010d no\u017enih udarcev. Idealna za kratke, intenzivne treninge z eksplozivnimi gibi. Dol\u017eina elastike se lahko prilagaja uporabniku.<\/span><br \/>\n<span style=\"font-size: 15px; color: #993300;\">Elasti\u010den KICK trak je pripravljen na uporabo v vsakem trenutku, potrebna ni nikakr\u0161na monta\u017ea in so jo tako lahko vzame kamorkoli in uporablja doma, v slu\u017ebi, v telovadnici, v parku ali kjerkoli drugje. Ker ni trdnih plasti\u010dnih delov obstaja nizka mo\u017enost po\u0161kodb zato je elastika primerna za za\u010detnike, izku\u0161ene \u0161portnike, profesionalce in popolne amaterje.<\/span><\/p>\n<p><span style=\"font-size: 15px; color: #993300;\"><span class=\"HwtZe\" lang=\"sl\"><span class=\"jCAhz ChMk0b\"><span class=\"ryNqvb\">Pridobite ve\u010d mo\u010di v svojih udarcih!<\/span><\/span><\/span><\/span><\/p>\n<p><span style=\"font-size: 15px; color: #993300;\">Dol\u017eina: 130 cm<\/span><\/p>\n","protected":false},"excerpt":{"rendered":"<p><span style=\"font-size: 16px;\"><strong><span style=\"color: #003366;\">Elasti\u010den trak za izbolj\u0161anje no\u017enih udarcev.<\/span><\/strong><\/span><\/p>\n","protected":false},"featured_media":112442,"comment_status":"open","ping_status":"closed","template":"","meta":[],"product_brand":[5596],"product_cat":[1043,1121,1029,983,1061,1127,1131,1039,1041],"product_tag":[],"class_list":{"0":"post-112447","1":"product","2":"type-product","3":"status-publish","4":"has-post-thumbnail","6":"product_brand-kwon","7":"product_cat-boks-kickbox-tajski-boks-mma","8":"product_cat-elastike","9":"product_cat-karate-5","10":"product_cat-kwon-3","11":"product_cat-kwon-5","12":"product_cat-ostalo-8","13":"product_cat-pripomocki-za-raztezanje","14":"product_cat-taekwondo-3","15":"product_cat-tai-chi-kunf-fu-wu-shu-1","17":"first","18":"instock","19":"taxable","20":"shipping-taxable","21":"purchasable","22":"product-type-simple"},"_links":{"self":[{"href":"https:\/\/www.budoshop.si\/sl\/wp-json\/wp\/v2\/product\/112447","targetHints":{"allow":["GET"]}}],"collection":[{"href":"https:\/\/www.budoshop.si\/sl\/wp-json\/wp\/v2\/product"}],"about":[{"href":"https:\/\/www.budoshop.si\/sl\/wp-json\/wp\/v2\/types\/product"}],"replies":[{"embeddable":true,"href":"https:\/\/www.budoshop.si\/sl\/wp-json\/wp\/v2\/comments?post=112447"}],"wp:featuredmedia":[{"embeddable":true,"href":"https:\/\/www.budoshop.si\/sl\/wp-json\/wp\/v2\/media\/112442"}],"wp:attachment":[{"href":"https:\/\/www.budoshop.si\/sl\/wp-json\/wp\/v2\/media?parent=112447"}],"wp:term":[{"taxonomy":"product_brand","embeddable":true,"href":"https:\/\/www.budoshop.si\/sl\/wp-json\/wp\/v2\/product_brand?post=112447"},{"taxonomy":"product_cat","embeddable":true,"href":"https:\/\/www.budoshop.si\/sl\/wp-json\/wp\/v2\/product_cat?post=112447"},{"taxonomy":"product_tag","embeddable":true,"href":"https:\/\/www.budoshop.si\/sl\/wp-json\/wp\/v2\/product_tag?post=112447"}],"curies":[{"name":"wp","href":"https:\/\/api.w.org\/{rel}","templated":true}]}}