{"id":112427,"date":"2024-09-20T13:07:52","date_gmt":"2024-09-20T11:07:52","guid":{"rendered":"https:\/\/www.budoshop.si\/martial-arts-body-shield-xs-new\/"},"modified":"2025-07-23T09:44:41","modified_gmt":"2025-07-23T07:44:41","slug":"martial-arts-body-shield-xs-new","status":"publish","type":"product","link":"https:\/\/www.budoshop.si\/sl\/izdelek\/martial-arts-body-shield-xs-new\/","title":{"rendered":"Oblazinjen fokuser \u0161\u010dit &#8221;XS&#8221;"},"content":{"rendered":"<div class=\"product--description\">\n<p><span style=\"font-size: 15px; color: #993300;\"><span class=\"HwtZe\" lang=\"sl\"><span class=\"jCAhz ChMk0b\"><span class=\"ryNqvb\">Ta mali fokuser oblazinjen \u0161\u010dit za borilne ve\u0161\u010dine ima za varno dr\u017eanje na zadnji strani 1 ro\u010daj in 1 zanko.<\/span><\/span> <span class=\"jCAhz\"><span class=\"ryNqvb\">Zaradi tega je idealen za vadbo v partu.<\/span><\/span><br \/>\n<span class=\"jCAhz ChMk0b\"><span class=\"ryNqvb\">Zgornji material iz ponjave je odporen na trganje in prenese tudi najmo\u010dnej\u0161e udarce ter brce.<\/span><\/span> <span class=\"jCAhz ChMk0b\"><span class=\"ryNqvb\">\u010cvrsto, tesno in vzdr\u017eljivo jedro iz pene je primerno za vsakodnevno vadbo.<\/span><\/span> <span class=\"jCAhz ChMk0b\"><span class=\"ryNqvb\">Pena dolgo \u010dasa ostane v obstoje\u010di obliki in se ne razgradi tako hitro.<\/span><\/span> <span class=\"jCAhz ChMk0b\"><span class=\"ryNqvb\">Udarna blazina je \u0161e posebej primerna za trening brc.<\/span><\/span><br \/>\n<span class=\"jCAhz ChMk0b\"><span class=\"ryNqvb\">Vzdr\u017eljiv, poceni, funkcionalen izdelek &#8211; zasnovan za vsakodnevno uporabo doma, v studiu ali klubu!<\/span><\/span><\/span><\/span><\/p>\n<p><span style=\"font-size: 15px; color: #993300;\">Barva: \u010drna<br \/>\n<\/span><\/p>\n<p><span style=\"font-size: 15px; color: #993300;\">Mere: 28 x 22 x 7 cm<\/span><\/p>\n<\/div>\n","protected":false},"excerpt":{"rendered":"<p><span style=\"color: #003366;\"><strong>Mali oblazinjen fokuser \u0161\u010dit dimenzij 28 cm X 22 cm X 7 cm<\/strong><\/span><\/p>\n","protected":false},"featured_media":112416,"comment_status":"open","ping_status":"closed","template":"","meta":[],"product_brand":[],"product_cat":[1043,1029,1039,755,983,1061],"product_tag":[],"class_list":{"0":"post-112427","1":"product","2":"type-product","3":"status-publish","4":"has-post-thumbnail","6":"product_cat-boks-kickbox-tajski-boks-mma","7":"product_cat-karate-5","8":"product_cat-taekwondo-3","9":"product_cat-fokuserji-in-oblazinjeni-scit","10":"product_cat-kwon-3","11":"product_cat-kwon-5","13":"first","14":"instock","15":"taxable","16":"shipping-taxable","17":"purchasable","18":"product-type-simple"},"_links":{"self":[{"href":"https:\/\/www.budoshop.si\/sl\/wp-json\/wp\/v2\/product\/112427","targetHints":{"allow":["GET"]}}],"collection":[{"href":"https:\/\/www.budoshop.si\/sl\/wp-json\/wp\/v2\/product"}],"about":[{"href":"https:\/\/www.budoshop.si\/sl\/wp-json\/wp\/v2\/types\/product"}],"replies":[{"embeddable":true,"href":"https:\/\/www.budoshop.si\/sl\/wp-json\/wp\/v2\/comments?post=112427"}],"wp:featuredmedia":[{"embeddable":true,"href":"https:\/\/www.budoshop.si\/sl\/wp-json\/wp\/v2\/media\/112416"}],"wp:attachment":[{"href":"https:\/\/www.budoshop.si\/sl\/wp-json\/wp\/v2\/media?parent=112427"}],"wp:term":[{"taxonomy":"product_brand","embeddable":true,"href":"https:\/\/www.budoshop.si\/sl\/wp-json\/wp\/v2\/product_brand?post=112427"},{"taxonomy":"product_cat","embeddable":true,"href":"https:\/\/www.budoshop.si\/sl\/wp-json\/wp\/v2\/product_cat?post=112427"},{"taxonomy":"product_tag","embeddable":true,"href":"https:\/\/www.budoshop.si\/sl\/wp-json\/wp\/v2\/product_tag?post=112427"}],"curies":[{"name":"wp","href":"https:\/\/api.w.org\/{rel}","templated":true}]}}