{"id":112411,"date":"2024-09-20T12:40:03","date_gmt":"2024-09-20T10:40:03","guid":{"rendered":"https:\/\/www.budoshop.si\/alluminium-practice-knifetanto-boot-new\/"},"modified":"2026-02-13T08:22:39","modified_gmt":"2026-02-13T07:22:39","slug":"alluminium-practice-knifetanto-boot-new","status":"publish","type":"product","link":"https:\/\/www.budoshop.si\/sl\/izdelek\/alluminium-practice-knifetanto-boot-new\/","title":{"rendered":"Aluminijast vadbeni no\u017e &#8221;Tanto BOOT&#8221;"},"content":{"rendered":"<p><span style=\"font-size: 15px; color: #993300;\">Ta trening no\u017e izgleda popolnoma realisti\u010dno, \u010deprav je izdelan iz aluminija in je nenabru\u0161en. Namenjen je treningu in predstavitvam samo-obrambe ter borbe z no\u017eem.<\/span><\/p>\n<p><span style=\"font-size: 15px; color: #993300;\">Kot originalen Boot no\u017e se lahko tudi ta trening no\u017e skrije v obutev ali pritrdi na stopalo. Tako je mogo\u010de poustvariti realisti\u010dne scenarije napadov in boja z no\u017eem ter u\u010dinkovito trenirati obrambne tehnike.<\/span><\/p>\n<p><span style=\"font-size: 15px; color: #993300;\">Skupna dol\u017eina: cca. 26 cm.<\/span><\/p>\n","protected":false},"excerpt":{"rendered":"<p><span style=\"color: #003366;\"><strong>Aluminijast trening Boot no\u017e za vadbo samo-obrambe.<\/strong><\/span><\/p>\n","protected":false},"featured_media":112410,"comment_status":"open","ping_status":"closed","template":"","meta":[],"product_brand":[5596],"product_cat":[1035,1033,1037,813,983,1061],"product_tag":[],"class_list":{"0":"post-112411","1":"product","2":"type-product","3":"status-publish","4":"has-post-thumbnail","6":"product_brand-kwon","7":"product_cat-aikido-kendo-iai-kobudo-1","8":"product_cat-ju-jitsujiu-jitsu-1","9":"product_cat-ninjutsu-3","10":"product_cat-nozi","11":"product_cat-kwon-3","12":"product_cat-kwon-5","14":"first","15":"instock","16":"taxable","17":"shipping-taxable","18":"purchasable","19":"product-type-simple"},"_links":{"self":[{"href":"https:\/\/www.budoshop.si\/sl\/wp-json\/wp\/v2\/product\/112411","targetHints":{"allow":["GET"]}}],"collection":[{"href":"https:\/\/www.budoshop.si\/sl\/wp-json\/wp\/v2\/product"}],"about":[{"href":"https:\/\/www.budoshop.si\/sl\/wp-json\/wp\/v2\/types\/product"}],"replies":[{"embeddable":true,"href":"https:\/\/www.budoshop.si\/sl\/wp-json\/wp\/v2\/comments?post=112411"}],"wp:featuredmedia":[{"embeddable":true,"href":"https:\/\/www.budoshop.si\/sl\/wp-json\/wp\/v2\/media\/112410"}],"wp:attachment":[{"href":"https:\/\/www.budoshop.si\/sl\/wp-json\/wp\/v2\/media?parent=112411"}],"wp:term":[{"taxonomy":"product_brand","embeddable":true,"href":"https:\/\/www.budoshop.si\/sl\/wp-json\/wp\/v2\/product_brand?post=112411"},{"taxonomy":"product_cat","embeddable":true,"href":"https:\/\/www.budoshop.si\/sl\/wp-json\/wp\/v2\/product_cat?post=112411"},{"taxonomy":"product_tag","embeddable":true,"href":"https:\/\/www.budoshop.si\/sl\/wp-json\/wp\/v2\/product_tag?post=112411"}],"curies":[{"name":"wp","href":"https:\/\/api.w.org\/{rel}","templated":true}]}}