{"id":112402,"date":"2024-09-20T12:21:41","date_gmt":"2024-09-20T10:21:41","guid":{"rendered":"https:\/\/www.budoshop.si\/kids-boxing-bandage-tiger-new\/"},"modified":"2025-07-17T09:45:21","modified_gmt":"2025-07-17T07:45:21","slug":"kids-boxing-bandage-tiger-new","status":"publish","type":"product","link":"https:\/\/www.budoshop.si\/sl\/izdelek\/kids-boxing-bandage-tiger-new\/","title":{"rendered":"Otro\u0161ki boks povoji za dlani &#8211; banda\u017ee &#8221;TIGER&#8221;"},"content":{"rendered":"<div><span style=\"font-size: 15px; color: #993300;\">Otro\u0161ke roke so pri boksanju \u0161e posebej ob\u010dutljive zato je potrebno za njih ustrezno poskrbeti.<\/span><br \/>\n<span style=\"font-size: 15px; color: #993300;\">Otro\u0161ki boksarski povoji za dlani (banda\u017ee) so izdelani iz ne-elasti\u010dnega materiala z za\u010detno zanko za palec in zapenjanjem na je\u017eka, tako da trdno stojijo na dlaneh in med treningom nudijo vso potrebno za\u0161\u010dito. Izdelane so iz kvalitetnega 100% bomba\u017ea in primerne za Boks, Kickbox, Tajski boks (Muay Thai), MMA\u2026<\/span><\/div>\n<div>\n<p><span style=\"font-size: 15px; color: #993300;\">Banda\u017ee pomagajo za\u0161\u010dititi kosti in kite rok. Poleg tega nudijo podporo zapestju in palcu. Da bi se izognili po\u0161kodbam, pred treningom zato vedno povite dlani s povoji.<\/span><\/p>\n<p><span style=\"font-size: 15px; color: #993300;\">Dol\u017eina: 200 cm<\/span><br \/>\n<span style=\"font-size: 15px; color: #993300;\">\u0160irina: 5 cm<\/span><\/p>\n<p><span style=\"font-size: 15px; color: #993300;\">Prodajajo se v paru.<\/span><\/p>\n<\/div>\n","protected":false},"excerpt":{"rendered":"<p><span style=\"color: #003366;\"><strong>Otro\u0161ke boksarske banda\u017ee z motivom tigra.<\/strong><\/span><\/p>\n","protected":false},"featured_media":117031,"comment_status":"open","ping_status":"closed","template":"","meta":[],"product_brand":[],"product_cat":[827,1043,983,1061],"product_tag":[],"class_list":{"0":"post-112402","1":"product","2":"type-product","3":"status-publish","4":"has-post-thumbnail","6":"product_cat-bandaze-in-podrokavice","7":"product_cat-boks-kickbox-tajski-boks-mma","8":"product_cat-kwon-3","9":"product_cat-kwon-5","11":"first","12":"instock","13":"taxable","14":"shipping-taxable","15":"purchasable","16":"product-type-simple"},"_links":{"self":[{"href":"https:\/\/www.budoshop.si\/sl\/wp-json\/wp\/v2\/product\/112402","targetHints":{"allow":["GET"]}}],"collection":[{"href":"https:\/\/www.budoshop.si\/sl\/wp-json\/wp\/v2\/product"}],"about":[{"href":"https:\/\/www.budoshop.si\/sl\/wp-json\/wp\/v2\/types\/product"}],"replies":[{"embeddable":true,"href":"https:\/\/www.budoshop.si\/sl\/wp-json\/wp\/v2\/comments?post=112402"}],"wp:featuredmedia":[{"embeddable":true,"href":"https:\/\/www.budoshop.si\/sl\/wp-json\/wp\/v2\/media\/117031"}],"wp:attachment":[{"href":"https:\/\/www.budoshop.si\/sl\/wp-json\/wp\/v2\/media?parent=112402"}],"wp:term":[{"taxonomy":"product_brand","embeddable":true,"href":"https:\/\/www.budoshop.si\/sl\/wp-json\/wp\/v2\/product_brand?post=112402"},{"taxonomy":"product_cat","embeddable":true,"href":"https:\/\/www.budoshop.si\/sl\/wp-json\/wp\/v2\/product_cat?post=112402"},{"taxonomy":"product_tag","embeddable":true,"href":"https:\/\/www.budoshop.si\/sl\/wp-json\/wp\/v2\/product_tag?post=112402"}],"curies":[{"name":"wp","href":"https:\/\/api.w.org\/{rel}","templated":true}]}}