{"id":112390,"date":"2024-09-20T12:02:30","date_gmt":"2024-09-20T10:02:30","guid":{"rendered":"https:\/\/www.budoshop.si\/mma-shorts-fightnature-black-grey-new\/"},"modified":"2026-01-27T09:42:12","modified_gmt":"2026-01-27T08:42:12","slug":"mma-shorts-fightnature-black-grey-new","status":"publish","type":"product","link":"https:\/\/www.budoshop.si\/sl\/izdelek\/mma-shorts-fightnature-black-grey-new\/","title":{"rendered":"MMA hla\u010de &#8221;FIGHTNATURE black-grey&#8221;"},"content":{"rendered":"<p><span style=\"font-size: 15px; color: #993300;\">Te FIGHT NATURE MMA hla\u010de so namenjene MMA borbam, bodi si na treningu ali tekmovanju. Izdelane so iz lahkega, elasti\u010dnega in zelo trpe\u017enega materiala (100% poliester\/230g\/m\u00b2), ki se hitro su\u0161i. Imajo udoben elasti\u010den pas s priro\u010dnim zapenjanjem na je\u017eka, ki omogo\u010da, da primerno prilagodimo velikost. Udoben kroj, ki omogo\u010da odli\u010dno mobilnost nog. <\/span><br \/>\n<span style=\"font-size: 15px; color: #993300;\">\u010crne barve s sivim vezenjem.<\/span><\/p>\n<p><span style=\"font-size: 15px; color: #993300;\">Velikost: M \u2013 L \u2013 XL<\/span><\/p>\n","protected":false},"excerpt":{"rendered":"<p><span style=\"color: #003366;\"><strong>\u010crne FightNature MMA hla\u010de s sivim vezenjem.<\/strong><\/span><\/p>\n","protected":false},"featured_media":112367,"comment_status":"open","ping_status":"closed","template":"","meta":[],"product_brand":[5609],"product_cat":[1043,5403,5404,905,921],"product_tag":[],"class_list":{"0":"post-112390","1":"product","2":"type-product","3":"status-publish","4":"has-post-thumbnail","6":"product_brand-fight-nature","7":"product_cat-boks-kickbox-tajski-boks-mma","8":"product_cat-fightnature","9":"product_cat-fightnature-2","10":"product_cat-hlacke","11":"product_cat-mma-1","12":"pa_velikost-l-sl-2","13":"pa_velikost-m-sl-2","14":"pa_velikost-xl-sl","16":"first","17":"instock","18":"taxable","19":"shipping-taxable","20":"purchasable","21":"product-type-variable"},"_links":{"self":[{"href":"https:\/\/www.budoshop.si\/sl\/wp-json\/wp\/v2\/product\/112390","targetHints":{"allow":["GET"]}}],"collection":[{"href":"https:\/\/www.budoshop.si\/sl\/wp-json\/wp\/v2\/product"}],"about":[{"href":"https:\/\/www.budoshop.si\/sl\/wp-json\/wp\/v2\/types\/product"}],"replies":[{"embeddable":true,"href":"https:\/\/www.budoshop.si\/sl\/wp-json\/wp\/v2\/comments?post=112390"}],"wp:featuredmedia":[{"embeddable":true,"href":"https:\/\/www.budoshop.si\/sl\/wp-json\/wp\/v2\/media\/112367"}],"wp:attachment":[{"href":"https:\/\/www.budoshop.si\/sl\/wp-json\/wp\/v2\/media?parent=112390"}],"wp:term":[{"taxonomy":"product_brand","embeddable":true,"href":"https:\/\/www.budoshop.si\/sl\/wp-json\/wp\/v2\/product_brand?post=112390"},{"taxonomy":"product_cat","embeddable":true,"href":"https:\/\/www.budoshop.si\/sl\/wp-json\/wp\/v2\/product_cat?post=112390"},{"taxonomy":"product_tag","embeddable":true,"href":"https:\/\/www.budoshop.si\/sl\/wp-json\/wp\/v2\/product_tag?post=112390"}],"curies":[{"name":"wp","href":"https:\/\/api.w.org\/{rel}","templated":true}]}}