{"id":112379,"date":"2024-09-20T11:42:52","date_gmt":"2024-09-20T09:42:52","guid":{"rendered":"https:\/\/www.budoshop.si\/mma-shorts-fightnature-black-red-new\/"},"modified":"2026-01-27T09:42:35","modified_gmt":"2026-01-27T08:42:35","slug":"mma-shorts-fightnature-black-red-new","status":"publish","type":"product","link":"https:\/\/www.budoshop.si\/sl\/izdelek\/mma-shorts-fightnature-black-red-new\/","title":{"rendered":"MMA hla\u010de &#8221;FIGHTNATURE black-red&#8221;"},"content":{"rendered":"<p><span style=\"font-size: 15px; color: #993300;\">Te FIGHT NATURE MMA hla\u010de so namenjene MMA borbam, bodi si na treningu ali tekmovanju. Izdelane so iz lahkega, elasti\u010dnega in zelo trpe\u017enega materiala (100% poliester\/230g\/m\u00b2), ki se hitro su\u0161i. Imajo udoben elasti\u010den pas s priro\u010dnim zapenjanjem na je\u017eka, ki omogo\u010da, da primerno prilagodimo velikost. Udoben kroj, ki omogo\u010da odli\u010dno mobilnost nog. <\/span><br \/>\n<span style=\"font-size: 15px; color: #993300;\">\u010crne barve z rde\u010dim vezenjem.<\/span><\/p>\n<p><span style=\"font-size: 15px; color: #993300;\">Velikost: M \u2013 L \u2013 XL<\/span><\/p>\n","protected":false},"excerpt":{"rendered":"<p><span style=\"color: #003366;\"><strong>\u010crne FightNature MMA hla\u010de z rde\u010dim vezenjem.<\/strong><\/span><\/p>\n","protected":false},"featured_media":112353,"comment_status":"open","ping_status":"closed","template":"","meta":[],"product_brand":[5609],"product_cat":[5403,5404,1043,905,921],"product_tag":[],"class_list":{"0":"post-112379","1":"product","2":"type-product","3":"status-publish","4":"has-post-thumbnail","6":"product_brand-fight-nature","7":"product_cat-fightnature","8":"product_cat-fightnature-2","9":"product_cat-boks-kickbox-tajski-boks-mma","10":"product_cat-hlacke","11":"product_cat-mma-1","12":"pa_velikost-m-sl-2","13":"pa_velikost-l-sl-2","14":"pa_velikost-xl-sl","16":"first","17":"instock","18":"taxable","19":"shipping-taxable","20":"purchasable","21":"product-type-variable"},"_links":{"self":[{"href":"https:\/\/www.budoshop.si\/sl\/wp-json\/wp\/v2\/product\/112379","targetHints":{"allow":["GET"]}}],"collection":[{"href":"https:\/\/www.budoshop.si\/sl\/wp-json\/wp\/v2\/product"}],"about":[{"href":"https:\/\/www.budoshop.si\/sl\/wp-json\/wp\/v2\/types\/product"}],"replies":[{"embeddable":true,"href":"https:\/\/www.budoshop.si\/sl\/wp-json\/wp\/v2\/comments?post=112379"}],"wp:featuredmedia":[{"embeddable":true,"href":"https:\/\/www.budoshop.si\/sl\/wp-json\/wp\/v2\/media\/112353"}],"wp:attachment":[{"href":"https:\/\/www.budoshop.si\/sl\/wp-json\/wp\/v2\/media?parent=112379"}],"wp:term":[{"taxonomy":"product_brand","embeddable":true,"href":"https:\/\/www.budoshop.si\/sl\/wp-json\/wp\/v2\/product_brand?post=112379"},{"taxonomy":"product_cat","embeddable":true,"href":"https:\/\/www.budoshop.si\/sl\/wp-json\/wp\/v2\/product_cat?post=112379"},{"taxonomy":"product_tag","embeddable":true,"href":"https:\/\/www.budoshop.si\/sl\/wp-json\/wp\/v2\/product_tag?post=112379"}],"curies":[{"name":"wp","href":"https:\/\/api.w.org\/{rel}","templated":true}]}}