{"id":112313,"date":"2024-09-18T13:10:29","date_gmt":"2024-09-18T11:10:29","guid":{"rendered":"https:\/\/www.budoshop.si\/judo-brown-belt-ijf-brown-new\/"},"modified":"2026-02-05T08:07:04","modified_gmt":"2026-02-05T07:07:04","slug":"judo-brown-belt-ijf-brown-new","status":"publish","type":"product","link":"https:\/\/www.budoshop.si\/sl\/izdelek\/judo-brown-belt-ijf-brown-new\/","title":{"rendered":"Judo pas &#8221;IJF BROWN&#8221;"},"content":{"rendered":"<div>\n<p><span style=\"font-size: 15px; color: #993300;\">Ta tekmovalni in vadbeni Danhro Judo pas je narejen je iz 100% bomba\u017ea najbolj\u0161e kvalitete in zelo obstojne barve ter kar 9-krat pre\u0161it. Na pasu se nahaja uradni IJF znak z rde\u010dim robom.<\/span><\/p>\n<p><span style=\"font-size: 15px; color: #993300;\"><strong>Ta artikel je odobren iz strani IJF<\/strong>-a (International Judo Federation).<\/span><\/p>\n<p><span style=\"font-size: 15px; color: #993300;\">Dol\u017eine: 260 \u2013 280 \u2013 300 \u2013 330 &#8211; 350 cm<\/span><\/p>\n<\/div>\n","protected":false},"excerpt":{"rendered":"<p><span style=\"color: #003366;\"><strong>Rjav IJF verificiran tekmovalni Judo pas.<\/strong><\/span><\/p>\n","protected":false},"featured_media":112306,"comment_status":"open","ping_status":"closed","template":"","meta":[],"product_brand":[5607],"product_cat":[859,1063,985,1031],"product_tag":[],"class_list":{"0":"post-112313","1":"product","2":"type-product","3":"status-publish","4":"has-post-thumbnail","6":"product_brand-danhro","7":"product_cat-barvni-pasovi","8":"product_cat-danhro-1","9":"product_cat-danrho-1","10":"product_cat-judo-1","11":"pa_dolzina-pasu-260-cm-sl","12":"pa_dolzina-pasu-280-cm-sl","13":"pa_dolzina-pasu-300-cm-sl","14":"pa_dolzina-pasu-330-cm-2","15":"pa_dolzina-pasu-350-cm-2","17":"first","18":"instock","19":"taxable","20":"shipping-taxable","21":"purchasable","22":"product-type-variable"},"_links":{"self":[{"href":"https:\/\/www.budoshop.si\/sl\/wp-json\/wp\/v2\/product\/112313","targetHints":{"allow":["GET"]}}],"collection":[{"href":"https:\/\/www.budoshop.si\/sl\/wp-json\/wp\/v2\/product"}],"about":[{"href":"https:\/\/www.budoshop.si\/sl\/wp-json\/wp\/v2\/types\/product"}],"replies":[{"embeddable":true,"href":"https:\/\/www.budoshop.si\/sl\/wp-json\/wp\/v2\/comments?post=112313"}],"wp:featuredmedia":[{"embeddable":true,"href":"https:\/\/www.budoshop.si\/sl\/wp-json\/wp\/v2\/media\/112306"}],"wp:attachment":[{"href":"https:\/\/www.budoshop.si\/sl\/wp-json\/wp\/v2\/media?parent=112313"}],"wp:term":[{"taxonomy":"product_brand","embeddable":true,"href":"https:\/\/www.budoshop.si\/sl\/wp-json\/wp\/v2\/product_brand?post=112313"},{"taxonomy":"product_cat","embeddable":true,"href":"https:\/\/www.budoshop.si\/sl\/wp-json\/wp\/v2\/product_cat?post=112313"},{"taxonomy":"product_tag","embeddable":true,"href":"https:\/\/www.budoshop.si\/sl\/wp-json\/wp\/v2\/product_tag?post=112313"}],"curies":[{"name":"wp","href":"https:\/\/api.w.org\/{rel}","templated":true}]}}