{"id":112294,"date":"2024-09-18T12:51:38","date_gmt":"2024-09-18T10:51:38","guid":{"rendered":"https:\/\/www.budoshop.si\/judo-gi-kimono-ulitimate-750-ijf-new\/"},"modified":"2025-07-17T09:37:06","modified_gmt":"2025-07-17T07:37:06","slug":"judo-gi-kimono-ulitimate-750-ijf-new","status":"publish","type":"product","link":"https:\/\/www.budoshop.si\/sl\/izdelek\/judo-gi-kimono-ulitimate-750-ijf-new\/","title":{"rendered":"Judo Gi (Kimono) &#8221;ULITIMATE 750 IJF&#8221;"},"content":{"rendered":"<p><span style=\"font-size: 15px; color: #993300;\"><span class=\"HwtZe\" lang=\"sl\"><span class=\"jCAhz ChMk0b\"><span class=\"ryNqvb\">To IJF Judo Kimono proizvajalca Danhro je izdelano v skladu z IJF pravili, ki veljajo od leta 2022, v novem kroju, kjer jakna pokriva zadnjico in ponuja ve\u010dje prekrivanje v vi\u0161ini pasu pri zavezovanju pasu. Z rde\u010do oznako IJF.<\/span><\/span><\/span><\/span><\/p>\n<p><span class=\"HwtZe\" lang=\"sl\" style=\"font-size: 15px; color: #993300;\"><span class=\"jCAhz ChMk0b\"><span class=\"ryNqvb\">Tkanina je tkana v predpisanem &#8216;Sashiko-yarn&#8217; vzorcu. Novo IJF (750 g\/m2) Kimonoje v skladu z vsemi mednarodnimi in nacionalnimi tekmovalnimi pravili. Vrhunska kvaliteta.Zahvaljujo\u010d edinstvenemu dizajnu vlaken so \u0161ivi dodatno oja\u010dani! Kompakten, mo\u010dan zrnat material v katerem je u\u017eitek izvajati Judo!<br \/>\nBele barve.<\/span><\/span><\/span><\/p>\n<p>&nbsp;<\/p>\n<div>\n<div>\n<p><span style=\"font-size: 15px; color: #993300;\">V kompletu so hla\u010de z vrvico v pasu in jakna.<\/span><\/p>\n<\/div>\n<div>\n<p><span style=\"font-size: 15px; color: #993300;\">Vi\u0161ine: 150 \u2013 190 cm (na 5 cm).<\/span><\/p>\n<p><span style=\"font-size: 15px; color: #993300;\"><strong>Ta artikel je odobren iz strani IJF<\/strong>-a (International Judo Federation).<\/span><\/p>\n<\/div>\n<\/div>\n<p>&nbsp;<\/p>\n","protected":false},"excerpt":{"rendered":"<p><span style=\"color: #003366;\"><strong>Belo 750g IJF verificirano tekmovalno Danhro Judo Kimono.<br \/>\n<\/strong><\/span><\/p>\n","protected":false},"featured_media":112283,"comment_status":"open","ping_status":"closed","template":"","meta":[],"product_brand":[],"product_cat":[1033,1031,919,1077,985,1063],"product_tag":[],"class_list":{"0":"post-112294","1":"product","2":"type-product","3":"status-publish","4":"has-post-thumbnail","6":"product_cat-ju-jitsujiu-jitsu-1","7":"product_cat-judo-1","8":"product_cat-ju-jitsu-kimona","9":"product_cat-kwondanhro-1","10":"product_cat-danrho-1","11":"product_cat-danhro-1","12":"pa_velikost-150-cm-sl","13":"pa_velikost-160-cm-sl","14":"pa_velikost-165-cm-sl","15":"pa_velikost-170-cm-sl","16":"pa_velikost-175-cm-sl","17":"pa_velikost-180-cm-sl","18":"pa_velikost-185-cm-sl","19":"pa_velikost-190-cm-sl","21":"first","22":"instock","23":"taxable","24":"shipping-taxable","25":"purchasable","26":"product-type-variable"},"_links":{"self":[{"href":"https:\/\/www.budoshop.si\/sl\/wp-json\/wp\/v2\/product\/112294","targetHints":{"allow":["GET"]}}],"collection":[{"href":"https:\/\/www.budoshop.si\/sl\/wp-json\/wp\/v2\/product"}],"about":[{"href":"https:\/\/www.budoshop.si\/sl\/wp-json\/wp\/v2\/types\/product"}],"replies":[{"embeddable":true,"href":"https:\/\/www.budoshop.si\/sl\/wp-json\/wp\/v2\/comments?post=112294"}],"wp:featuredmedia":[{"embeddable":true,"href":"https:\/\/www.budoshop.si\/sl\/wp-json\/wp\/v2\/media\/112283"}],"wp:attachment":[{"href":"https:\/\/www.budoshop.si\/sl\/wp-json\/wp\/v2\/media?parent=112294"}],"wp:term":[{"taxonomy":"product_brand","embeddable":true,"href":"https:\/\/www.budoshop.si\/sl\/wp-json\/wp\/v2\/product_brand?post=112294"},{"taxonomy":"product_cat","embeddable":true,"href":"https:\/\/www.budoshop.si\/sl\/wp-json\/wp\/v2\/product_cat?post=112294"},{"taxonomy":"product_tag","embeddable":true,"href":"https:\/\/www.budoshop.si\/sl\/wp-json\/wp\/v2\/product_tag?post=112294"}],"curies":[{"name":"wp","href":"https:\/\/api.w.org\/{rel}","templated":true}]}}