{"id":112237,"date":"2024-09-17T10:14:23","date_gmt":"2024-09-17T08:14:23","guid":{"rendered":"https:\/\/www.budoshop.si\/begginers-karate-gi-kimono-tokaido-shoshin-new\/"},"modified":"2026-01-12T08:20:06","modified_gmt":"2026-01-12T07:20:06","slug":"begginers-karate-gi-kimono-tokaido-shoshin-new","status":"publish","type":"product","link":"https:\/\/www.budoshop.si\/sl\/izdelek\/begginers-karate-gi-kimono-tokaido-shoshin-new\/","title":{"rendered":"Za\u010detni\u0161ki Karate Gi (Kimono) &#8221;Tokaido SHOSHIN&#8221;"},"content":{"rendered":"<p><span style=\"font-size: 15px; color: #993300;\">Japonski izraz Shoshin pomeni &#8216;za\u010detni\u0161ki duh&#8217; in se nana\u0161a na za\u010detno izku\u0161njo, ki se jo nikoli ne pozabi. To so imeli v mislih Tokaido dizajnerji tega modela Karate uniforme, v katerem se bo vade\u010di po\u010dutil udobno in mu bo pomagala pri za\u010detni Karate izku\u0161nji.<br \/>\nTo Karate Shoshin Kimono ima idealno razmerje med ceno in kvaliteto materialov ter izdelave. Karate Kimono Tokaido Shoshin je izdelan iz me\u0161anice bomba\u017ea (35%) in poliestra (65%), ki je v primerjavi z bomba\u017enim materialom mo\u010dnej\u0161i, se manj kr\u010di in se hitreje su\u0161i, hkrati pa ima \u0161e dalj\u0161o \u017eivljenjsko dobo. Izbrani material (8 oz) je lahek, udoben, vzdr\u017eljiv in zra\u010den, da je v njem u\u017eitek vaditi Karate. Kimono je brez reklamnih oznak in logotipov, na jakni in hla\u010dah se nahaja samo po ena etiketa.<\/span><\/p>\n<p><span style=\"font-size: 15px; color: #993300;\"><strong>Kvaliteta, ki jo zagotavlja samo japonska TOKAIDO Karate znamka!<\/strong><\/span><\/p>\n<p><span style=\"font-size: 15px; color: #993300;\">V kompletu se nahajajo hla\u010de z elastiko v pasu, jakna in bel pas.<\/span><\/p>\n<p><span style=\"font-size: 15px; color: #993300;\">Velikosti: 110 \u2013 190 cm (na 10cm).<\/span><\/p>\n<p>&nbsp;<\/p>\n<p><span style=\"font-size: 11px; color: #993300;\">Pozor! Kimono ni predprano in se pri prvem pranju lahko\u00a0skr\u010di za cca. 5 %.<\/span><\/p>\n","protected":false},"excerpt":{"rendered":"<p><span style=\"color: #003366;\"><strong>Za\u010detni\u0161ki Karate Kimono japanske znamke TOKAIDO.<\/strong><\/span><\/p>\n","protected":false},"featured_media":112223,"comment_status":"open","ping_status":"closed","template":"","meta":[],"product_brand":[5598],"product_cat":[1029,917,949,1047],"product_tag":[],"class_list":{"0":"post-112237","1":"product","2":"type-product","3":"status-publish","4":"has-post-thumbnail","6":"product_brand-tokaido","7":"product_cat-karate-5","8":"product_cat-shureido-1","9":"product_cat-shureido-3","10":"product_cat-tokaido-1","11":"pa_velikost-110-cm-sl","12":"pa_velikost-120-cm-sl","13":"pa_velikost-130-cm-sl","14":"pa_velikost-140-cm-sl","15":"pa_velikost-150-cm-sl","16":"pa_velikost-160-cm-sl","17":"pa_velikost-170-cm-sl","18":"pa_velikost-180-cm-sl","19":"pa_velikost-190-cm-sl","21":"first","22":"instock","23":"taxable","24":"shipping-taxable","25":"purchasable","26":"product-type-variable"},"_links":{"self":[{"href":"https:\/\/www.budoshop.si\/sl\/wp-json\/wp\/v2\/product\/112237","targetHints":{"allow":["GET"]}}],"collection":[{"href":"https:\/\/www.budoshop.si\/sl\/wp-json\/wp\/v2\/product"}],"about":[{"href":"https:\/\/www.budoshop.si\/sl\/wp-json\/wp\/v2\/types\/product"}],"replies":[{"embeddable":true,"href":"https:\/\/www.budoshop.si\/sl\/wp-json\/wp\/v2\/comments?post=112237"}],"wp:featuredmedia":[{"embeddable":true,"href":"https:\/\/www.budoshop.si\/sl\/wp-json\/wp\/v2\/media\/112223"}],"wp:attachment":[{"href":"https:\/\/www.budoshop.si\/sl\/wp-json\/wp\/v2\/media?parent=112237"}],"wp:term":[{"taxonomy":"product_brand","embeddable":true,"href":"https:\/\/www.budoshop.si\/sl\/wp-json\/wp\/v2\/product_brand?post=112237"},{"taxonomy":"product_cat","embeddable":true,"href":"https:\/\/www.budoshop.si\/sl\/wp-json\/wp\/v2\/product_cat?post=112237"},{"taxonomy":"product_tag","embeddable":true,"href":"https:\/\/www.budoshop.si\/sl\/wp-json\/wp\/v2\/product_tag?post=112237"}],"curies":[{"name":"wp","href":"https:\/\/api.w.org\/{rel}","templated":true}]}}