{"id":112209,"date":"2024-09-16T14:50:40","date_gmt":"2024-09-16T12:50:40","guid":{"rendered":"https:\/\/www.budoshop.si\/boxing-head-guard-adidas-combat-new\/"},"modified":"2026-01-20T08:14:03","modified_gmt":"2026-01-20T07:14:03","slug":"boxing-head-guard-adidas-combat-new","status":"publish","type":"product","link":"https:\/\/www.budoshop.si\/sl\/izdelek\/boxing-head-guard-adidas-combat-new\/","title":{"rendered":"Boks \u010delada &#8221;Adidas COMBAT&#8221;"},"content":{"rendered":"<p><span class=\"HwtZe\" lang=\"sl\" style=\"font-size: 15px; color: #993300;\"><span class=\"jCAhz ChMk0b\"><span class=\"ryNqvb\">Serija Combat 50 je najnovej\u0161a Adidasova boks kolekcija in kot \u017ee ime pove, je namenjena vsem navdu\u0161encem borilnih ve\u0161\u010din.<\/span><\/span> <span class=\"jCAhz ChMk0b\"><span class=\"ryNqvb\">Ta serija je primerna za za\u010detnike kot za naprednej\u0161e borce.<br \/>\nBokse \u010delada Adidas Combat <\/span><\/span><span class=\"jCAhz ChMk0b\"><span class=\"ryNqvb\">je izdelana iz ve\u010dplastnega EVA oblazinjenja in visokokakovostnega, trpe\u017enega sinteti\u010dnega usnja iz mikrovlaken, ki zagodavlja odli\u010dno za\u0161\u010dito \u010dela, li\u010dnic, brade, \u010deljusti in temena ter zagotavlja dolgo \u017eivljenjsko dobo.<\/span><\/span> <span class=\"jCAhz ChMk0b\"><span class=\"ryNqvb\">Notranja podloga nudi visoko raven udobja in med treningom uravnava vlago.<\/span><\/span><br \/>\n\u010celado <span class=\"jCAhz ChMk0b\"><span class=\"ryNqvb\">je mogo\u010de individualno prilagoditi s trakom na je\u017eka pri bradi brado in vrvico na zgornjem delu glave, kar omogo\u010da odli\u010den oprijem in s tem varnost med treningom.<br \/>\nAtraktivna zeleno-\u010drna barva.<br \/>\n<\/span><\/span><\/span><\/p>\n<div>\n<p><span style=\"font-size: 15px; color: #993300;\">Univerzalna velikost (L).<\/span><\/p>\n<\/div>\n<div>\n<p><span style=\"font-size: 15px; color: #993300;\">Ustreza CE standardu.<\/span><\/p>\n<\/div>\n","protected":false},"excerpt":{"rendered":"<p><span style=\"color: #003366;\"><strong>Adidas Combat boksarska \u010delada z za\u0161\u010dito li\u010dnic.<\/strong><\/span><\/p>\n","protected":false},"featured_media":112197,"comment_status":"open","ping_status":"closed","template":"","meta":[],"product_brand":[5594],"product_cat":[1043,769,951,1049],"product_tag":[],"class_list":{"0":"post-112209","1":"product","2":"type-product","3":"status-publish","4":"has-post-thumbnail","6":"product_brand-adidas","7":"product_cat-boks-kickbox-tajski-boks-mma","8":"product_cat-scitniki-za-glavo","9":"product_cat-adidas-3","10":"product_cat-adidas-7","12":"first","13":"instock","14":"taxable","15":"shipping-taxable","16":"purchasable","17":"product-type-simple"},"_links":{"self":[{"href":"https:\/\/www.budoshop.si\/sl\/wp-json\/wp\/v2\/product\/112209","targetHints":{"allow":["GET"]}}],"collection":[{"href":"https:\/\/www.budoshop.si\/sl\/wp-json\/wp\/v2\/product"}],"about":[{"href":"https:\/\/www.budoshop.si\/sl\/wp-json\/wp\/v2\/types\/product"}],"replies":[{"embeddable":true,"href":"https:\/\/www.budoshop.si\/sl\/wp-json\/wp\/v2\/comments?post=112209"}],"wp:featuredmedia":[{"embeddable":true,"href":"https:\/\/www.budoshop.si\/sl\/wp-json\/wp\/v2\/media\/112197"}],"wp:attachment":[{"href":"https:\/\/www.budoshop.si\/sl\/wp-json\/wp\/v2\/media?parent=112209"}],"wp:term":[{"taxonomy":"product_brand","embeddable":true,"href":"https:\/\/www.budoshop.si\/sl\/wp-json\/wp\/v2\/product_brand?post=112209"},{"taxonomy":"product_cat","embeddable":true,"href":"https:\/\/www.budoshop.si\/sl\/wp-json\/wp\/v2\/product_cat?post=112209"},{"taxonomy":"product_tag","embeddable":true,"href":"https:\/\/www.budoshop.si\/sl\/wp-json\/wp\/v2\/product_tag?post=112209"}],"curies":[{"name":"wp","href":"https:\/\/api.w.org\/{rel}","templated":true}]}}