{"id":112190,"date":"2024-09-16T10:51:17","date_gmt":"2024-09-16T08:51:17","guid":{"rendered":"https:\/\/www.budoshop.si\/boxing-coaching-focus-mitt-adidas-combat-blue-new\/"},"modified":"2026-01-10T11:40:56","modified_gmt":"2026-01-10T10:40:56","slug":"boxing-coaching-focus-mitt-adidas-combat-blue-new","status":"publish","type":"product","link":"https:\/\/www.budoshop.si\/sl\/izdelek\/boxing-coaching-focus-mitt-adidas-combat-blue-new\/","title":{"rendered":"Boksarske fokuser rokavice &#8221;Adidas COMBAT blue&#8221; (par)"},"content":{"rendered":"<p><span class=\"HwtZe\" lang=\"sl\" style=\"font-size: 15px; color: #993300;\"><span class=\"jCAhz ChMk0b\"><span class=\"ryNqvb\">Odkrijte novo raven natan\u010dnosti vadbe z boksarskimi fokuser rokavicami Adidas Combat.<\/span><\/span> Fokuser rokavice so <span class=\"jCAhz ChMk0b\"><span class=\"ryNqvb\">zdelane iz robustnega PU materiala in narejene, da prenesejo tudi najbolj intenzivne treninge udarjanja, hkrati pa ohranjajo svojo obliko in zmogljivost.<\/span><\/span> <span class=\"jCAhz ChMk0b\"><span class=\"ryNqvb\">Izbolj\u0161ano bla\u017eenje udarcev zahvaljujo\u010d debeli penasti podlogi, ki ubla\u017ei vsak udarec.<\/span><\/span> <span class=\"jCAhz ChMk0b\"><span class=\"ryNqvb\">Vgrajen sistem za podporo zapestij nudi dodatno raven stabilnosti, saj zagotavlja, da va\u0161a zapestja ostanejo pravilno poravnana in tako zmanj\u0161a tveganje za nelagodje ali obremenitev.<\/span><\/span> <span class=\"jCAhz ChMk0b\"><span class=\"ryNqvb\">Oblazinjena dlan s kroglico za oprijem ne le pove\u010da va\u0161 oprijem fokuser rokavic, ampak tudi izbolj\u0161a nadzor natan\u010dnega prilagajanja svojih udarcev.<\/span><\/span><br \/>\n<span class=\"jCAhz ChMk0b\"><span class=\"ryNqvb\">Med vadbo ostanite hladni in zbrani, zahvaljujo\u010d pametni vgradnji mre\u017eastih plo\u0161\u010d, ki olaj\u0161ajo zra\u010dnost in prepre\u010dujejo kopi\u010denje odve\u010dne toplote.<\/span><\/span> <span class=\"jCAhz ChMk0b\"><span class=\"ryNqvb\">Z udarno povr\u0161ino, ki meri 23 x 17,5 cm, so te fokuser rokavice brez prstov idealna tar\u010da za piljenje va\u0161e natan\u010dnosti in tehnike.<br \/>\nAtraktivna modra Combat barva dela te fokuserje \u0161e posebej atraktivne.<\/span><\/span><\/span><\/p>\n<p><span style=\"font-size: 15px; color: #993300;\">Mere: cca. 26 x 18 cm<\/span><\/p>\n","protected":false},"excerpt":{"rendered":"<p><span style=\"color: #003366;\"><strong>Nova linija trenerskih fokuser rokavic Adidas Combat.<\/strong><\/span><\/p>\n","protected":false},"featured_media":112174,"comment_status":"open","ping_status":"closed","template":"","meta":[],"product_brand":[5594],"product_cat":[1049,951,1043,1111,1029,1039],"product_tag":[],"class_list":{"0":"post-112190","1":"product","2":"type-product","3":"status-publish","4":"has-post-thumbnail","6":"product_brand-adidas","7":"product_cat-adidas-7","8":"product_cat-adidas-3","9":"product_cat-boks-kickbox-tajski-boks-mma","10":"product_cat-fokuser-rokavice","11":"product_cat-karate-5","12":"product_cat-taekwondo-3","14":"first","15":"instock","16":"taxable","17":"shipping-taxable","18":"purchasable","19":"product-type-simple"},"_links":{"self":[{"href":"https:\/\/www.budoshop.si\/sl\/wp-json\/wp\/v2\/product\/112190","targetHints":{"allow":["GET"]}}],"collection":[{"href":"https:\/\/www.budoshop.si\/sl\/wp-json\/wp\/v2\/product"}],"about":[{"href":"https:\/\/www.budoshop.si\/sl\/wp-json\/wp\/v2\/types\/product"}],"replies":[{"embeddable":true,"href":"https:\/\/www.budoshop.si\/sl\/wp-json\/wp\/v2\/comments?post=112190"}],"wp:featuredmedia":[{"embeddable":true,"href":"https:\/\/www.budoshop.si\/sl\/wp-json\/wp\/v2\/media\/112174"}],"wp:attachment":[{"href":"https:\/\/www.budoshop.si\/sl\/wp-json\/wp\/v2\/media?parent=112190"}],"wp:term":[{"taxonomy":"product_brand","embeddable":true,"href":"https:\/\/www.budoshop.si\/sl\/wp-json\/wp\/v2\/product_brand?post=112190"},{"taxonomy":"product_cat","embeddable":true,"href":"https:\/\/www.budoshop.si\/sl\/wp-json\/wp\/v2\/product_cat?post=112190"},{"taxonomy":"product_tag","embeddable":true,"href":"https:\/\/www.budoshop.si\/sl\/wp-json\/wp\/v2\/product_tag?post=112190"}],"curies":[{"name":"wp","href":"https:\/\/api.w.org\/{rel}","templated":true}]}}