{"id":112158,"date":"2024-09-14T12:19:59","date_gmt":"2024-09-14T10:19:59","guid":{"rendered":"https:\/\/www.budoshop.si\/boxing-replacement-speed-ball-bladder-new\/"},"modified":"2025-07-17T09:24:54","modified_gmt":"2025-07-17T07:24:54","slug":"boxing-replacement-speed-ball-bladder-new","status":"publish","type":"product","link":"https:\/\/www.budoshop.si\/sl\/izdelek\/boxing-replacement-speed-ball-bladder-new\/","title":{"rendered":"Nadomestna zra\u010dnica za boksarsko hru\u0161ko"},"content":{"rendered":"<p><span class=\"HwtZe\" lang=\"sl\" style=\"font-size: 15px; color: #993300;\"><span class=\"jCAhz ChMk0b\"><span class=\"ryNqvb\">Izjemno vzdr\u017eljiva, mo\u010dna in pro\u017ena nadomestna zra\u010dnica iz butilne gume je primerna za vsako boksarsko hitrostno \u017eogo iz na\u0161e ponudbe.<\/span><\/span> <span class=\"jCAhz ChMk0b\"><span class=\"ryNqvb\">Izdelana za super hitrost, natan\u010dne odboje in profesionalno usposabljanje.<\/span><\/span> <span class=\"jCAhz\"><span class=\"ryNqvb\">Super lahka.<br \/>\n<\/span><\/span><span class=\"jCAhz ChMk0b\"><span class=\"ryNqvb\">Enostavna zamenjava, dobro zadr\u017euje zrak in vzdr\u017eljiva, da lahko prenese vse udarce.<br \/>\nKer se originalna zra\u010dnica lahko kadakoli predre, v<\/span><\/span><span class=\"jCAhz ChMk0b\"><span class=\"ryNqvb\">edno imejte pri sebi za nujne primere rezervo, da vam ne bo treba prekiniti vadbe.<\/span><\/span><\/span><\/p>\n","protected":false},"excerpt":{"rendered":"<p><span style=\"color: #003366;\"><strong>Rezervna zra\u010dnica za boks hru\u0161ko.<\/strong><\/span><\/p>\n","protected":false},"featured_media":112157,"comment_status":"open","ping_status":"closed","template":"","meta":[],"product_brand":[],"product_cat":[1043,751,1083,1075],"product_tag":[],"class_list":{"0":"post-112158","1":"product","2":"type-product","3":"status-publish","4":"has-post-thumbnail","6":"product_cat-boks-kickbox-tajski-boks-mma","7":"product_cat-punching-ball-1","8":"product_cat-pride-3","9":"product_cat-pride-1","11":"first","12":"outofstock","13":"taxable","14":"shipping-taxable","15":"purchasable","16":"product-type-simple"},"_links":{"self":[{"href":"https:\/\/www.budoshop.si\/sl\/wp-json\/wp\/v2\/product\/112158","targetHints":{"allow":["GET"]}}],"collection":[{"href":"https:\/\/www.budoshop.si\/sl\/wp-json\/wp\/v2\/product"}],"about":[{"href":"https:\/\/www.budoshop.si\/sl\/wp-json\/wp\/v2\/types\/product"}],"replies":[{"embeddable":true,"href":"https:\/\/www.budoshop.si\/sl\/wp-json\/wp\/v2\/comments?post=112158"}],"wp:featuredmedia":[{"embeddable":true,"href":"https:\/\/www.budoshop.si\/sl\/wp-json\/wp\/v2\/media\/112157"}],"wp:attachment":[{"href":"https:\/\/www.budoshop.si\/sl\/wp-json\/wp\/v2\/media?parent=112158"}],"wp:term":[{"taxonomy":"product_brand","embeddable":true,"href":"https:\/\/www.budoshop.si\/sl\/wp-json\/wp\/v2\/product_brand?post=112158"},{"taxonomy":"product_cat","embeddable":true,"href":"https:\/\/www.budoshop.si\/sl\/wp-json\/wp\/v2\/product_cat?post=112158"},{"taxonomy":"product_tag","embeddable":true,"href":"https:\/\/www.budoshop.si\/sl\/wp-json\/wp\/v2\/product_tag?post=112158"}],"curies":[{"name":"wp","href":"https:\/\/api.w.org\/{rel}","templated":true}]}}