{"id":111940,"date":"2024-09-05T09:24:39","date_gmt":"2024-09-05T07:24:39","guid":{"rendered":"https:\/\/www.budoshop.si\/katana-tombo-new\/"},"modified":"2026-01-22T12:49:12","modified_gmt":"2026-01-22T11:49:12","slug":"katana-tombo-new","status":"publish","type":"product","link":"https:\/\/www.budoshop.si\/sl\/izdelek\/katana-tombo-new\/","title":{"rendered":"Katana &#8221;TOMBO&#8221;"},"content":{"rendered":"<p><span style=\"font-size: 15px; color: #993300;\"><span class=\"HwtZe\" lang=\"sl\"><span class=\"jCAhz ChMk0b\"><span class=\"ryNqvb\">Tombo (ka\u010dji pastir) je veljal za \u010dasten simbol Samurajev.<\/span><\/span> <span class=\"jCAhz ChMk0b\"><span class=\"ryNqvb\">Simboliziral je bojevnikov pogum in njegovo dr\u017eo, da se nikoli ne vda. <\/span><\/span><span class=\"jCAhz ChMk0b\"><span class=\"ryNqvb\">V \u0161intoizmu \u017eu\u017eelka predstavlja rastlino ri\u017ea in je znanilec donosnega padca.<\/span><\/span> <span class=\"jCAhz ChMk0b\"><span class=\"ryNqvb\">Japonci so svoje \u010da\u0161\u010denje te \u017eivali izrazili v \u0161tevilnih pesmih. Rezilo je v ro\u010daj<\/span><\/span><span class=\"jCAhz ChMk0b\"><span class=\"ryNqvb\"> pritrjeno z dvema bambusovima Mekugi zati\u010dema.<\/span><\/span> <span class=\"jCAhz ChMk0b\"><span class=\"ryNqvb\">Saya no\u017enica je izdelana iz lesa, Habaki na rezilu pa iz medenine.<\/span><\/span> <span class=\"jCAhz ChMk0b\"><span class=\"ryNqvb\">Ta Tombo Katana je bila izdelana v skladu z izvirnimi muzejskimi primerki.<br \/>\nTa Tombo Katama me\u010d je vrhunec v mnogih pogledih. Predvsem tematski okraski, razli\u010dno toplotno obdelano rezilo v stilu Shobo-zukuri in no\u017enica s Kozuko (majhnim uporabnim no\u017eem) ta me\u010d spremenijo v nekaj posebnega.<br \/>\nMe\u010du je prilo\u017een certifikat o poreklu, je zavit v blago in zapakiran v kakovostno leseno \u0161katlo. Vse mere so pribli\u017ene.<br \/>\nTombo Katana je nabru\u0161ena.<\/span><\/span><\/span><\/span><\/p>\n<p><span style=\"color: #993300; font-size: 15px;\">Karakteristike:<\/span><br \/>\n<span style=\"color: #993300; font-size: 15px;\">&#8211; ostro rezilo iz ogljikovega jekla 1095<\/span><br \/>\n<span style=\"color: #993300; font-size: 15px;\">&#8211; rezilo v stilu Shobo-zukuri (teko\u010d prehod na konico) z Bo-hi utorom<span class=\"HwtZe\" lang=\"sl\"><span class=\"jCAhz ChMk0b\"><span class=\"ryNqvb\"><br \/>\n&#8211; Diferencialna toplotna obdelava z glinenim pokrovom, 60 HRC na robu in 40 HRC na zadnji strani rezila<br \/>\n&#8211; Tradicionalna obloga za ro\u010daj v stilu Hineri-maki iz bordo svile.<br \/>\n&#8211; Okrogel Tsuba \u0161\u010ditnik z barvnim Tombo motivom<br \/>\n&#8211; \u010crno polirana Saya no\u017enica (Kururo stil)<br \/>\n&#8211; S Kozuka (majhen no\u017e) v no\u017enici<br \/>\n&#8211; Dobavljeno v \u010dudoviti zbirateljski \u0161katli.<br \/>\n&#8211; Narejeno po zgodovinskih zgledih.<\/span><\/span><\/span><\/span><\/p>\n<div>\n<p><span style=\"font-size: 15px; color: #993300;\">Detajli:<\/span><br \/>\n<span style=\"font-size: 15px; color: #993300;\">Rezilo: 1095 High Carbon Steel \u2013 RO\u010cNO KOVANO<\/span><br \/>\n<span style=\"font-size: 15px; color: #993300;\">NAGASA: 68 cm, 70 cm s Habaki-jem<\/span><br \/>\n<span style=\"font-size: 15px; color: #993300;\">HAMON: Notare<\/span><br \/>\n<span style=\"font-size: 15px; color: #993300;\">SORI: 2,00 cm <\/span><br \/>\n<span style=\"font-size: 15px; color: #993300;\">TSUKA: 30 cm <\/span><br \/>\n<span style=\"font-size: 15px; color: #993300;\">TSUKA ITO: bordo svila<\/span><br \/>\n<span style=\"font-size: 15px; color: #993300;\">SAME: pravo ribje usnje<\/span><br \/>\n<span style=\"font-size: 15px; color: #993300;\">TSUBA: Shin no Marugata<\/span><br \/>\n<span style=\"font-size: 15px; color: #993300;\">BOHI: DA, enojni<\/span><br \/>\n<span style=\"font-size: 15px; color: #993300;\">SAYA: 76 cm \u010drno lakiran Kuroro les<\/span><br \/>\n<span style=\"font-size: 15px; color: #993300;\">SAGEO: \u010drn-bel bomba\u017e<\/span><br \/>\n<span style=\"font-size: 15px; color: #993300;\">MEKUGI: bambusov 2X <\/span><br \/>\n<span style=\"font-size: 15px; color: #993300;\">Te\u017ea: cca. 1.400 g (s Sayo), 1.100 g (brez Saye)<\/span><\/p>\n<div>\n<p><span style=\"font-size: 15px; color: #993300;\">Ta me\u010d ni serijske proizvodnje!<\/span><\/p>\n<p><span style=\"font-size: 15px; color: #993300;\">Opozorilo! Ta me\u010d se prodaja samo starej\u0161im od 18 let.<\/span><\/p>\n<\/div>\n<div><\/div>\n<div><\/div>\n<div><span style=\"font-size: 11px; color: #993300;\">Opozorilo!<\/span><br \/>\n<span style=\"font-size: 11px; color: #993300;\">\u25ba Artikel je namenjen samo dekorativni uporabi oziroma osebnemu treningu borilnih ve\u0161\u010din.<\/span><br \/>\n<span style=\"font-size: 11px; color: #993300;\">\u25ba Po prodaji, prodajalec ni ve\u010d odgovoren za nikakr\u0161ne po\u0161kodbe, ki se lahko zgodijo zaradi napa\u010dne uporabe ali zanemarjanja teh opozoril. Novi lastnik prevzema popolno odgovornost za skrb in uporabo tega artikla.<\/span><br \/>\n<span style=\"font-size: 11px; color: #993300;\">\u25ba Vsakr\u0161na napa\u010dna uporaba ali nepazljivost lahko vam ali drugemu povzro\u010di resne po\u0161kodbe ali celo smrt!<\/span><br \/>\n<span style=\"font-size: 11px; color: #993300;\">\u25ba Ta artikel se v nobenem primeru ne sme uporabljati na drugi osebi!<\/span><\/div>\n<\/div>\n","protected":false},"excerpt":{"rendered":"<p><strong><span style=\"color: #003366;\">Ro\u010dno kovan Katana me\u010d s Tombo motivom.<\/span><\/strong><\/p>\n","protected":false},"featured_media":111933,"comment_status":"open","ping_status":"closed","template":"","meta":[],"product_brand":[5611],"product_cat":[1035,5377,5375,1037,5384],"product_tag":[],"class_list":{"0":"post-111940","1":"product","2":"type-product","3":"status-publish","4":"has-post-thumbnail","6":"product_brand-john-lee","7":"product_cat-aikido-kendo-iai-kobudo-1","8":"product_cat-john-lee-2","9":"product_cat-john-lee-sl","10":"product_cat-ninjutsu-3","11":"product_cat-shinken-trening-katana-meci","13":"first","14":"outofstock","15":"taxable","16":"shipping-taxable","17":"purchasable","18":"product-type-simple"},"_links":{"self":[{"href":"https:\/\/www.budoshop.si\/sl\/wp-json\/wp\/v2\/product\/111940","targetHints":{"allow":["GET"]}}],"collection":[{"href":"https:\/\/www.budoshop.si\/sl\/wp-json\/wp\/v2\/product"}],"about":[{"href":"https:\/\/www.budoshop.si\/sl\/wp-json\/wp\/v2\/types\/product"}],"replies":[{"embeddable":true,"href":"https:\/\/www.budoshop.si\/sl\/wp-json\/wp\/v2\/comments?post=111940"}],"wp:featuredmedia":[{"embeddable":true,"href":"https:\/\/www.budoshop.si\/sl\/wp-json\/wp\/v2\/media\/111933"}],"wp:attachment":[{"href":"https:\/\/www.budoshop.si\/sl\/wp-json\/wp\/v2\/media?parent=111940"}],"wp:term":[{"taxonomy":"product_brand","embeddable":true,"href":"https:\/\/www.budoshop.si\/sl\/wp-json\/wp\/v2\/product_brand?post=111940"},{"taxonomy":"product_cat","embeddable":true,"href":"https:\/\/www.budoshop.si\/sl\/wp-json\/wp\/v2\/product_cat?post=111940"},{"taxonomy":"product_tag","embeddable":true,"href":"https:\/\/www.budoshop.si\/sl\/wp-json\/wp\/v2\/product_tag?post=111940"}],"curies":[{"name":"wp","href":"https:\/\/api.w.org\/{rel}","templated":true}]}}