{"id":111741,"date":"2024-08-07T13:47:45","date_gmt":"2024-08-07T11:47:45","guid":{"rendered":"https:\/\/www.budoshop.si\/dummy-shuriken-throwing-star-juji-new\/"},"modified":"2026-02-19T09:43:42","modified_gmt":"2026-02-19T08:43:42","slug":"dummy-shuriken-throwing-star-juji-new","status":"publish","type":"product","link":"https:\/\/www.budoshop.si\/sl\/izdelek\/dummy-shuriken-throwing-star-juji-new\/","title":{"rendered":"Gumijasta Ninja metalna Shuriken zvezda &#8221;JUJI&#8221;"},"content":{"rendered":"<p><span style=\"font-size: 15px; color: #993300;\">Fleksibilne<span class=\"HwtZe\" lang=\"sl\"><span class=\"jCAhz ChMk0b\"><span class=\"ryNqvb\"> gumijaste metalne Shuriken zvezde so kot nala\u0161\u010d za vadbo ali cosplay.<br \/>\n<\/span><\/span><span class=\"jCAhz ChMk0b\"><span class=\"ryNqvb\">Novi modeli 4-krakih Shurikenov so zasnovani tako, da nadomestijo klasi\u010dne kovinske \u0161urikene za varnej\u0161o vadbo.<br \/>\n<\/span><\/span><span class=\"jCAhz ChMk0b\"><span class=\"ryNqvb\">Te\u017ea in ravnote\u017eje sta odli\u010dna za vadbo metanja.<\/span><\/span><\/span><\/span><\/p>\n<p><span style=\"font-size: 15px; color: #993300;\">Material: guma<\/span><br \/>\n<span style=\"font-size: 15px; color: #993300;\">Premer: 12 cm<\/span><br \/>\n<span style=\"font-size: 15px; color: #993300;\">Debelina: 1.4 cm<\/span><\/p>\n","protected":false},"excerpt":{"rendered":"<p><span style=\"color: #003366;\"><strong>Gumijasta 4-kraka Ninja Shuriken metalna zvezda.<\/strong><\/span><\/p>\n","protected":false},"featured_media":111726,"comment_status":"open","ping_status":"closed","template":"","meta":[],"product_brand":[5600],"product_cat":[1037,847,731,977,1055],"product_tag":[],"class_list":{"0":"post-111741","1":"product","2":"type-product","3":"status-publish","4":"has-post-thumbnail","6":"product_brand-yari-no-hanzo","7":"product_cat-ninjutsu-3","8":"product_cat-ninja-1","9":"product_cat-ostalo-2","10":"product_cat-yari-no-hanzo-1","11":"product_cat-yari-no-hanzo-3","13":"first","14":"outofstock","15":"taxable","16":"shipping-taxable","17":"purchasable","18":"product-type-simple"},"_links":{"self":[{"href":"https:\/\/www.budoshop.si\/sl\/wp-json\/wp\/v2\/product\/111741","targetHints":{"allow":["GET"]}}],"collection":[{"href":"https:\/\/www.budoshop.si\/sl\/wp-json\/wp\/v2\/product"}],"about":[{"href":"https:\/\/www.budoshop.si\/sl\/wp-json\/wp\/v2\/types\/product"}],"replies":[{"embeddable":true,"href":"https:\/\/www.budoshop.si\/sl\/wp-json\/wp\/v2\/comments?post=111741"}],"wp:featuredmedia":[{"embeddable":true,"href":"https:\/\/www.budoshop.si\/sl\/wp-json\/wp\/v2\/media\/111726"}],"wp:attachment":[{"href":"https:\/\/www.budoshop.si\/sl\/wp-json\/wp\/v2\/media?parent=111741"}],"wp:term":[{"taxonomy":"product_brand","embeddable":true,"href":"https:\/\/www.budoshop.si\/sl\/wp-json\/wp\/v2\/product_brand?post=111741"},{"taxonomy":"product_cat","embeddable":true,"href":"https:\/\/www.budoshop.si\/sl\/wp-json\/wp\/v2\/product_cat?post=111741"},{"taxonomy":"product_tag","embeddable":true,"href":"https:\/\/www.budoshop.si\/sl\/wp-json\/wp\/v2\/product_tag?post=111741"}],"curies":[{"name":"wp","href":"https:\/\/api.w.org\/{rel}","templated":true}]}}