{"id":111717,"date":"2024-08-07T12:50:17","date_gmt":"2024-08-07T10:50:17","guid":{"rendered":"https:\/\/www.budoshop.si\/rubber-practice-knife-kunia-new\/"},"modified":"2026-02-19T09:37:38","modified_gmt":"2026-02-19T08:37:38","slug":"rubber-practice-knife-kunia-new","status":"publish","type":"product","link":"https:\/\/www.budoshop.si\/sl\/izdelek\/rubber-practice-knife-kunia-new\/","title":{"rendered":"Gumiran vadbeni no\u017e &#8221;KUNAI&#8221;"},"content":{"rendered":"<p><span class=\"HwtZe\" lang=\"sl\" style=\"font-size: 15px; color: #993300;\"><span class=\"jCAhz ChMk0b\"><span class=\"ryNqvb\">Gumiran fleksibilen gumijasti Kunai kot nala\u0161\u010d za vadbo ali cosplay.<br \/>\n<\/span><\/span><span class=\"jCAhz ChMk0b\"><span class=\"ryNqvb\">Kunai je zelo udoben za rokovanje in dovolj prilagodljiv za varno vadbo.<\/span><\/span><\/span><\/p>\n<p><span style=\"font-size: 15px; color: #993300;\"><span class=\"jCAhz ChMk0b\"><span class=\"ryNqvb\">Skupna dol\u017eina: 30 cm<br \/>\n<\/span><\/span><span class=\"jCAhz ChMk0b\"><span class=\"ryNqvb\">Dol\u017eina ro\u010daja (brez obro\u010dka): 10 cm<br \/>\n<\/span><\/span><span class=\"jCAhz ChMk0b\"><span class=\"ryNqvb\">Dol\u017eina rezila: 15 cm<\/span><\/span><\/span><\/p>\n","protected":false},"excerpt":{"rendered":"<p><strong><span style=\"color: #003366;\">Gumiran fleksibilen trening Kunai no\u017e.<\/span><\/strong><\/p>\n","protected":false},"featured_media":111710,"comment_status":"open","ping_status":"closed","template":"","meta":[],"product_brand":[5600],"product_cat":[847,1037,813,731,1055,977],"product_tag":[],"class_list":{"0":"post-111717","1":"product","2":"type-product","3":"status-publish","4":"has-post-thumbnail","6":"product_brand-yari-no-hanzo","7":"product_cat-ninja-1","8":"product_cat-ninjutsu-3","9":"product_cat-nozi","10":"product_cat-ostalo-2","11":"product_cat-yari-no-hanzo-3","12":"product_cat-yari-no-hanzo-1","14":"first","15":"instock","16":"taxable","17":"shipping-taxable","18":"purchasable","19":"product-type-simple"},"_links":{"self":[{"href":"https:\/\/www.budoshop.si\/sl\/wp-json\/wp\/v2\/product\/111717","targetHints":{"allow":["GET"]}}],"collection":[{"href":"https:\/\/www.budoshop.si\/sl\/wp-json\/wp\/v2\/product"}],"about":[{"href":"https:\/\/www.budoshop.si\/sl\/wp-json\/wp\/v2\/types\/product"}],"replies":[{"embeddable":true,"href":"https:\/\/www.budoshop.si\/sl\/wp-json\/wp\/v2\/comments?post=111717"}],"wp:featuredmedia":[{"embeddable":true,"href":"https:\/\/www.budoshop.si\/sl\/wp-json\/wp\/v2\/media\/111710"}],"wp:attachment":[{"href":"https:\/\/www.budoshop.si\/sl\/wp-json\/wp\/v2\/media?parent=111717"}],"wp:term":[{"taxonomy":"product_brand","embeddable":true,"href":"https:\/\/www.budoshop.si\/sl\/wp-json\/wp\/v2\/product_brand?post=111717"},{"taxonomy":"product_cat","embeddable":true,"href":"https:\/\/www.budoshop.si\/sl\/wp-json\/wp\/v2\/product_cat?post=111717"},{"taxonomy":"product_tag","embeddable":true,"href":"https:\/\/www.budoshop.si\/sl\/wp-json\/wp\/v2\/product_tag?post=111717"}],"curies":[{"name":"wp","href":"https:\/\/api.w.org\/{rel}","templated":true}]}}