{"id":111408,"date":"2024-06-11T09:48:13","date_gmt":"2024-06-11T07:48:13","guid":{"rendered":"https:\/\/www.budoshop.si\/freestanding-inflatable-punching-bag-adult-new\/"},"modified":"2024-11-08T20:26:27","modified_gmt":"2024-11-08T19:26:27","slug":"freestanding-inflatable-punching-bag-adult-new","status":"publish","type":"product","link":"https:\/\/www.budoshop.si\/sl\/izdelek\/freestanding-inflatable-punching-bag-adult-new\/","title":{"rendered":"Napihljiva samostoje\u010da boksarska vre\u010da &#8221;ADULT&#8221;"},"content":{"rendered":"<p><span class=\"b f6 mid-gray lh-copy lh-title overflow-visible db w_V_DM\" style=\"font-size: 15px; color: #993300;\"><span class=\"HwtZe\" lang=\"sl\"><span class=\"jCAhz JxVs2d ChMk0b\"><span class=\"ryNqvb\">I\u0161\u010dete napihljivo samostoje\u010do boksarsko vre\u010do, da bi se za\u010deli u\u010diti boksati ali pa samo za sprostitev?<\/span><\/span> <span class=\"jCAhz JxVs2d ChMk0b\"><span class=\"ryNqvb\">Ta napihljiva samostoje\u010da boksarska vre\u010da za odrasle je enostavna za uporabo, premikanje in shranjevanje doma, v gara\u017ei ali pisarni.<\/span><\/span> <span class=\"jCAhz JxVs2d ChMk0b\"><span class=\"ryNqvb\">Pri zamisli te napihljive boksarske vre\u010de je bila v mislih ena ideja: narediti boks dostopen vsem.<\/span><\/span> <span class=\"jCAhz JxVs2d ChMk0b\"><span class=\"ryNqvb\">Ta izdelek vam omogo\u010da, da za\u010dnete s katero koli vrsto boksa, tudi kardio kickboxingom.<\/span><\/span> <span class=\"jCAhz JxVs2d ChMk0b\"><span class=\"ryNqvb\">Na njej lahko delate vse: direkte, hooke, aperkate ali srednje brce.<\/span><\/span> <span class=\"jCAhz JxVs2d\"><span class=\"ryNqvb\">Ta boksarska vre\u010da je primerna tudi za ljudi, ki preprosto \u017eelijo malo vadbe, da se sprostijo.<\/span><\/span> <span class=\"jCAhz JxVs2d ChMk0b\"><span class=\"ryNqvb\">Ker je napihovanje mo\u017eno v manj kot minuti in izpraznjenje v manj kot 5 sekundah, je napihovanje in shranjevanje kar se da enostavno.<\/span><\/span> <span class=\"jCAhz JxVs2d ChMk0b\"><span class=\"ryNqvb\">Boks je idealen za razvijanje va\u0161e kondicije in discipline ter u\u010denje preseganja svojih meja, hkrati pa se z njim goji samokontrolo, strogost in spo\u0161tovanje.<br \/>\nTa napihljiva boksarska vre\u010da<\/span><\/span><\/span> je sestavljena iz dveh delov, posebnega podstavka, ki se ga za stabilnost napolni z vodo ali peskom in napihljive vre\u010da za udarjanje, katero se na podstavrk pritrdi s posebnim inovativnim sistemov elastik.<br \/>\n<\/span><\/p>\n<p>&nbsp;<\/p>\n<p><span style=\"font-size: 15px; color: #993300;\"><span class=\"HwtZe\" lang=\"sl\"><span class=\"jCAhz JxVs2d ChMk0b\"><span class=\"ryNqvb\">Enostavna monta\u017ea\/demonta\u017ea<\/span><\/span><\/span>:<\/span><\/p>\n<ul>\n<li><span style=\"font-size: 15px; color: #993300;\"><span class=\"HwtZe\" lang=\"sl\"><span class=\"jCAhz JxVs2d ChMk0b\"><span class=\"ryNqvb\">Napihne se z univerzalno tla\u010dilko (ni prilo\u017eena) v manj kot minuti in izprazni v mank kot 5 sekundah<\/span><\/span><\/span>.\u00a0<\/span><\/li>\n<li><span style=\"font-size: 15px; color: #993300;\"><span class=\"HwtZe\" lang=\"sl\"><span class=\"jCAhz JxVs2d ChMk0b\"><span class=\"ryNqvb\">Za dober odboj naj vre\u010da ne bo popolnoma napihnjena.<\/span><\/span> <span class=\"jCAhz JxVs2d\"><span class=\"ryNqvb\">Ostati mora mehka na dotik in ob pritisku rok.<\/span><\/span> <span class=\"jCAhz JxVs2d ChMk0b\"><span class=\"ryNqvb\">Boksarske vre\u010de ni treba preve\u010d napihniti<\/span><\/span><\/span>.\u00a0<\/span><\/li>\n<li><span style=\"font-size: 15px; color: #993300;\"><span class=\"HwtZe\" lang=\"sl\"><span class=\"jCAhz JxVs2d ChMk0b\"><span class=\"ryNqvb\">Za napihovanje boksarske vre\u010de ne uporabljajte kompresorja, saj se bo vre\u010da preve\u010d napihnila in po\u010dila<\/span><\/span><\/span>.<\/span><\/li>\n<li><span style=\"font-size: 15px; color: #993300;\"><span class=\"HwtZe\" lang=\"sl\"><span class=\"jCAhz JxVs2d ChMk0b\"><span class=\"ryNqvb\">Preprosto premikanje zaradi ro\u010dajev na dnu boksarske vre\u010de<\/span><\/span><\/span>.<\/span><\/li>\n<\/ul>\n<p><span style=\"font-size: 15px; color: #993300;\">Stabilnost:<\/span><\/p>\n<ul>\n<li><span style=\"font-size: 15px; color: #993300;\"><span class=\"HwtZe\" lang=\"sl\"><span class=\"jCAhz JxVs2d ChMk0b\"><span class=\"ryNqvb\">Za ve\u010djo stabilnost se podstavek napolni z vodo ali peskom.<\/span><\/span> <span class=\"jCAhz JxVs2d\"><span class=\"ryNqvb\">To pomaga, da boksarska vre\u010da ostaja na mestu<\/span><\/span><\/span>.<\/span><\/li>\n<li><span style=\"font-size: 15px; color: #993300;\">Podstavek lahko v<span class=\"HwtZe\" lang=\"sl\"><span class=\"jCAhz JxVs2d ChMk0b\"><span class=\"ryNqvb\">sebuje do 28 litrov vode ali 38 kg peska, kar zagotavlja dobro stabilnost med udarjanjem<\/span><\/span><\/span>.<\/span><\/li>\n<li><span style=\"font-size: 15px; color: #993300;\"><span class=\"HwtZe\" lang=\"sl\"><span class=\"jCAhz JxVs2d ChMk0b\"><span class=\"ryNqvb\">Laboratorijsko testirano in vzdr\u017ei cikel 50.000 ponavljajo\u010dih se udarcev stroja<\/span><\/span><\/span>.<\/span><\/li>\n<li><span style=\"font-size: 15px; color: #993300;\"><span class=\"HwtZe\" lang=\"sl\"><span class=\"jCAhz JxVs2d ChMk0b\"><span class=\"ryNqvb\">Pri udarjanju po vre\u010di vedno uporabljajte boksarske rokavice.<\/span><\/span> <span class=\"jCAhz JxVs2d ChMk0b\"><span class=\"ryNqvb\">Brez njih se lahko po\u0161kodujete (odrgnine, modrice)<\/span><\/span><\/span>.<\/span><\/li>\n<\/ul>\n<p><span style=\"font-size: 15px; color: #993300;\">Dimenzije:<\/span><\/p>\n<ul>\n<li><span style=\"font-size: 15px; color: #993300;\">Skupna vi\u0161ina: 160 cm<br \/>\n<\/span><\/li>\n<li><span style=\"font-size: 15px; color: #993300;\">\u0160irina plasti\u010dnega podstavka 55 cm, vi\u0161ina 15 cm.<\/span><\/li>\n<\/ul>\n<p><span class=\"b f6 mid-gray lh-copy lh-title overflow-visible db w_V_DM\">\u00a0<\/span><\/p>\n","protected":false},"excerpt":{"rendered":"<p><strong><span style=\"color: #003366;\">Napihljiva samostoje\u010da boksraska vre\u010da za odrasle.<\/span><\/strong><\/p>\n","protected":false},"featured_media":111383,"comment_status":"open","ping_status":"closed","template":"","meta":[],"product_brand":[],"product_cat":[1043,1033,1029,1039,1041,867],"product_tag":[],"class_list":{"0":"post-111408","1":"product","2":"type-product","3":"status-publish","4":"has-post-thumbnail","6":"product_cat-boks-kickbox-tajski-boks-mma","7":"product_cat-ju-jitsujiu-jitsu-1","8":"product_cat-karate-5","9":"product_cat-taekwondo-3","10":"product_cat-tai-chi-kunf-fu-wu-shu-1","11":"product_cat-samostojece-vrece","13":"first","14":"onbackorder","15":"taxable","16":"shipping-taxable","17":"purchasable","18":"product-type-simple"},"_links":{"self":[{"href":"https:\/\/www.budoshop.si\/sl\/wp-json\/wp\/v2\/product\/111408","targetHints":{"allow":["GET"]}}],"collection":[{"href":"https:\/\/www.budoshop.si\/sl\/wp-json\/wp\/v2\/product"}],"about":[{"href":"https:\/\/www.budoshop.si\/sl\/wp-json\/wp\/v2\/types\/product"}],"replies":[{"embeddable":true,"href":"https:\/\/www.budoshop.si\/sl\/wp-json\/wp\/v2\/comments?post=111408"}],"wp:featuredmedia":[{"embeddable":true,"href":"https:\/\/www.budoshop.si\/sl\/wp-json\/wp\/v2\/media\/111383"}],"wp:attachment":[{"href":"https:\/\/www.budoshop.si\/sl\/wp-json\/wp\/v2\/media?parent=111408"}],"wp:term":[{"taxonomy":"product_brand","embeddable":true,"href":"https:\/\/www.budoshop.si\/sl\/wp-json\/wp\/v2\/product_brand?post=111408"},{"taxonomy":"product_cat","embeddable":true,"href":"https:\/\/www.budoshop.si\/sl\/wp-json\/wp\/v2\/product_cat?post=111408"},{"taxonomy":"product_tag","embeddable":true,"href":"https:\/\/www.budoshop.si\/sl\/wp-json\/wp\/v2\/product_tag?post=111408"}],"curies":[{"name":"wp","href":"https:\/\/api.w.org\/{rel}","templated":true}]}}