{"id":111257,"date":"2024-05-30T12:25:51","date_gmt":"2024-05-30T10:25:51","guid":{"rendered":"https:\/\/www.budoshop.si\/white-karate-head-guard-tokaido-new\/"},"modified":"2026-01-22T12:12:09","modified_gmt":"2026-01-22T11:12:09","slug":"white-karate-head-guard-tokaido-new","status":"publish","type":"product","link":"https:\/\/www.budoshop.si\/sl\/izdelek\/white-karate-head-guard-tokaido-new\/","title":{"rendered":"Bela Karate \u010delada z za\u0161\u010dito obraza &#8221;TOKAIDO&#8221;"},"content":{"rendered":"<p><span style=\"font-size: 15px; color: #993300;\"><span class=\"HwtZe\" lang=\"sl\"><span class=\"jCAhz JxVs2d ChMk0b\"><span class=\"ryNqvb\">Ta bela TOKAIDO Karate \u010delada je namenjena Karateistom, ki se udele\u017eujejo tekmovanj mladinske lige.<\/span><\/span> <span class=\"jCAhz JxVs2d ChMk0b\"><span class=\"ryNqvb\">Ta varnostno preizku\u0161ena \u010delada za Karate je izdelana iz visokokakovostnega polnila z vgrajenim \u0161\u010ditnikom za obraz iz pleksi stekla, ki prepre\u010duje po\u0161kodbe med treningom ali tekmovanjem in hkrati ne ovira vida.<\/span><\/span> Z odrptinami proti znojenju, odprtinami na predelu u\u0161es za bolj\u0161i sluh in<span class=\"jCAhz JxVs2d ChMk0b\"><span class=\"ryNqvb\"> zapenjanjem na zadnji strani glave. Primerna tudi za treninge drugih borilnih ve\u0161\u010din.<br \/>\nBele barve.<br \/>\n<\/span><\/span><\/span><\/span><\/p>\n<p><span style=\"font-size: 15px; color: #993300;\"><strong>Ta artikel je odobren iz strani<\/strong> WKF-ja (World Karate Federation).<\/span><\/p>\n<p><span style=\"font-size: 15px; color: #993300;\">Ustreza CE standardom.<\/span><\/p>\n<p><span style=\"font-size: 15px; color: #993300;\"><span class=\"HwtZe\" lang=\"sl\"><span class=\"jCAhz ChMk0b\"><span class=\"ryNqvb\">Za maksimalno za\u0161\u010dito uporabite ustrezen \u0161\u010ditnik za va\u0161o vi\u0161ino, v skladu z naslednjo tabelo:<\/span><\/span><\/span><\/span><\/p>\n<p><span style=\"font-size: 15px; color: #993300;\">Velikosti:<\/span><br \/>\n<span style=\"font-size: 15px; color: #993300;\">XS (obseg glave 40-45 cm)<\/span><br \/>\n<span style=\"font-size: 15px; color: #993300;\">S (obseg glave 45-50 cm)<\/span><br \/>\n<span style=\"font-size: 15px; color: #993300;\">M (obseg glave 50-55 cm)<\/span><br \/>\n<span style=\"font-size: 15px; color: #993300;\">L (obseg glave 55-60 cm)<\/span><br \/>\n<span style=\"font-size: 15px; color: #993300;\">XL (obseg glave 60+ cm)<\/span><\/p>\n","protected":false},"excerpt":{"rendered":"<p><span style=\"color: #003366;\"><strong>Bela Karate \u010delada z za\u0161\u010dito obraza.<\/strong><\/span><\/p>\n","protected":false},"featured_media":119032,"comment_status":"open","ping_status":"closed","template":"","meta":[],"product_brand":[5598],"product_cat":[1029,769,949,1047],"product_tag":[],"class_list":{"0":"post-111257","1":"product","2":"type-product","3":"status-publish","4":"has-post-thumbnail","6":"product_brand-tokaido","7":"product_cat-karate-5","8":"product_cat-scitniki-za-glavo","9":"product_cat-shureido-3","10":"product_cat-tokaido-1","11":"pa_velikost-xs-sl","12":"pa_velikost-s-sl-2","13":"pa_velikost-m-sl-2","14":"pa_velikost-l-sl-2","15":"pa_velikost-xl-sl","17":"first","18":"instock","19":"taxable","20":"shipping-taxable","21":"purchasable","22":"product-type-variable"},"_links":{"self":[{"href":"https:\/\/www.budoshop.si\/sl\/wp-json\/wp\/v2\/product\/111257","targetHints":{"allow":["GET"]}}],"collection":[{"href":"https:\/\/www.budoshop.si\/sl\/wp-json\/wp\/v2\/product"}],"about":[{"href":"https:\/\/www.budoshop.si\/sl\/wp-json\/wp\/v2\/types\/product"}],"replies":[{"embeddable":true,"href":"https:\/\/www.budoshop.si\/sl\/wp-json\/wp\/v2\/comments?post=111257"}],"wp:featuredmedia":[{"embeddable":true,"href":"https:\/\/www.budoshop.si\/sl\/wp-json\/wp\/v2\/media\/119032"}],"wp:attachment":[{"href":"https:\/\/www.budoshop.si\/sl\/wp-json\/wp\/v2\/media?parent=111257"}],"wp:term":[{"taxonomy":"product_brand","embeddable":true,"href":"https:\/\/www.budoshop.si\/sl\/wp-json\/wp\/v2\/product_brand?post=111257"},{"taxonomy":"product_cat","embeddable":true,"href":"https:\/\/www.budoshop.si\/sl\/wp-json\/wp\/v2\/product_cat?post=111257"},{"taxonomy":"product_tag","embeddable":true,"href":"https:\/\/www.budoshop.si\/sl\/wp-json\/wp\/v2\/product_tag?post=111257"}],"curies":[{"name":"wp","href":"https:\/\/api.w.org\/{rel}","templated":true}]}}