{"id":111142,"date":"2024-05-23T11:31:49","date_gmt":"2024-05-23T09:31:49","guid":{"rendered":"https:\/\/www.budoshop.si\/katana-shirasaya-black-new\/"},"modified":"2026-01-22T12:40:34","modified_gmt":"2026-01-22T11:40:34","slug":"katana-shirasaya-black-new","status":"publish","type":"product","link":"https:\/\/www.budoshop.si\/sl\/izdelek\/katana-shirasaya-black-new\/","title":{"rendered":"Katana &#8221;SHIRASAYA BLACK&#8221;"},"content":{"rendered":"<p><span class=\"HwtZe\" lang=\"sl\" style=\"font-size: 15px; color: #993300;\"><span class=\"jCAhz ChMk0b\"><span class=\"ryNqvb\">Shirasaya se nana\u0161a na posebno montiranje Katana me\u010da, ki se je prej uporabljal za varno hranjenje rezila.<\/span><\/span> <span class=\"jCAhz ChMk0b\"><span class=\"ryNqvb\">Zlasti v \u010dasu miru so bila rezila shranjena v tem idealno za\u0161\u010ditena.<\/span><\/span> <span class=\"jCAhz ChMk0b\"><span class=\"ryNqvb\">Nelakiran les magnolije absorbira <span style=\"font-size: 15px;\">vlago v notranjosti no\u017enice, jo odvaja navzven in tako rezilo \u0161\u010diti pred rjo.<\/span><\/span><\/span> <span class=\"jCAhz ChMk0b\"><span class=\"ryNqvb\">Mnogi Shirasaya so bili opremljeni s &#8216;Sayagaki&#8217; napisom, ki je podal informacije o kova\u010du, poreklu in klasifikaciji.<\/span><\/span> Zlasti v poznem 19. stoletju, ko je cesar prepovedal no\u0161enje Samurajskih me\u010dev, pa se je n<span class=\"jCAhz ChMk0b\"><span class=\"ryNqvb\">a japonskih ulicah ta na\u010din uporabljal kot neopazna oprema rezila brez ro\u010daja in \u0161\u010ditnika.<\/span><\/span> <span class=\"jCAhz ChMk0b\"><span class=\"ryNqvb\">Shirasaya na\u010din je bil podoben lesenemu me\u010du ali leseni palici in bil tako pameten na\u010din za neopazno no\u0161enje me\u010da.<\/span><\/span><\/span><\/p>\n<p><span style=\"color: #993300; font-size: 15px;\"><span class=\"jCAhz ChMk0b\"><span class=\"ryNqvb\">Rezilo v stilu Shinogi Zukuri z Bo-Hi-jem (utor), ro\u010dno kovano iz ogljikovega jekla 1045.<\/span><\/span> <span class=\"jCAhz ChMk0b\"><span class=\"ryNqvb\">Rezilo je ostro bru\u0161eno z vgrajeno Hamon linijo.<\/span><\/span> Rezilo je v ro\u010daj<span class=\"jCAhz ChMk0b\"><span class=\"ryNqvb\"> pritrjeno z dvema bambusovima Mekugi zati\u010dema.<\/span><\/span> <span class=\"jCAhz ChMk0b\"><span class=\"ryNqvb\">Me\u010d se tako lahko v celoti razdre.<\/span><\/span> <span class=\"jCAhz ChMk0b\"><span class=\"ryNqvb\">Brez plasti\u010dnih elementov, uporabljeni so samo kakovostni in avtenti\u010dni materiali.<\/span><\/span> Habaki (o<span class=\"jCAhz ChMk0b\"><span class=\"ryNqvb\">bjemka rezila in Seppa (podlo\u017eke) so izdelan iz medenine.<\/span><\/span> <span class=\"jCAhz ChMk0b\"><span class=\"ryNqvb\">Me\u010d se dobavlja skupaj s platneno za\u0161\u010ditno torbico ter John Lee \u017eigom in certifikatom.<\/span><\/span><\/span><\/p>\n<p>&nbsp;<\/p>\n<div>\n<p><span style=\"font-size: 15px; color: #993300;\">Detajli:<\/span><br \/>\n<span style=\"font-size: 15px; color: #993300;\">Kovina: 1045 High Carbon Steel<\/span><br \/>\n<span style=\"font-size: 15px; color: #993300;\">NAGASA (dol\u017eina rezila): 70 cm (72 cm s Habaki-em)<\/span><br \/>\n<span style=\"font-size: 15px; color: #993300;\">HAMON (motiv ostrine): Da, Notare stil<\/span><br \/>\n<span style=\"font-size: 15px; color: #993300;\">SORI (ukrivljenost): 2,00 cm<\/span><br \/>\n<span style=\"font-size: 15px; color: #993300;\">TSUKA (ro\u010daj): 28 cm<\/span><br \/>\n<span style=\"font-size: 15px; color: #993300;\">BOHI (\u017eleb v rezilo): Da<\/span><br \/>\n<span style=\"font-size: 15px; color: #993300;\">SAYA (no\u017enica): 74 cm \u010drn magnolija lesa<\/span><br \/>\n<span style=\"font-size: 15px; color: #993300;\">MEKUGI (zati\u010d): 2x bambusov<\/span><br \/>\n<span style=\"font-size: 15px; color: #993300;\">Te\u017ea: cca 1.150 g (skupaj s Sayo), 940 g brez Saye<\/span><\/p>\n<\/div>\n<div><span style=\"font-size: 15px; color: #993300;\">TA ARTIKEL PRODAJAMO SAMO POLNOLETNIM OSEBAM!!!<\/span><\/div>\n<div><\/div>\n<div><span style=\"font-size: 11px; color: #993300;\">Opozorilo!<\/span><br \/>\n<span style=\"font-size: 11px; color: #993300;\">\u25ba Artikel je namenjen samo dekorativni uporabi oziroma osebnemu treningu borilnih ve\u0161\u010din.<\/span><br \/>\n<span style=\"font-size: 11px; color: #993300;\">\u25ba Po prodaji, prodajalec ni ve\u010d odgovoren za nikakr\u0161ne po\u0161kodbe, ki se lahko zgodijo zaradi napa\u010dne uporabe ali zanemarjanja teh opozoril. Novi lastnik prevzema popolno odgovornost za skrb in uporabo tega artikla.<\/span><br \/>\n<span style=\"font-size: 11px; color: #993300;\">\u25ba Vsakr\u0161na napa\u010dna uporaba ali nepazljivost lahko vam ali drugemu povzro\u010di resne po\u0161kodbe ali celo smrt!<\/span><br \/>\n<span style=\"font-size: 11px; color: #993300;\">\u25ba Ta artikel se v nobenem primeru ne sme uporabljati na drugi osebi!<\/span><\/div>\n<p>&nbsp;<\/p>\n","protected":false},"excerpt":{"rendered":"<p><span style=\"color: #003366;\"><strong>Dolg Samurajski me\u010d s \u010drnim lesenim Shirasaya ro\u010dajem in no\u017enico.<\/strong><\/span><\/p>\n","protected":false},"featured_media":111139,"comment_status":"open","ping_status":"closed","template":"","meta":[],"product_brand":[5611],"product_cat":[1035,5375,5377,1037,931,5384],"product_tag":[],"class_list":{"0":"post-111142","1":"product","2":"type-product","3":"status-publish","4":"has-post-thumbnail","6":"product_brand-john-lee","7":"product_cat-aikido-kendo-iai-kobudo-1","8":"product_cat-john-lee-sl","9":"product_cat-john-lee-2","10":"product_cat-ninjutsu-3","11":"product_cat-posebni-meci","12":"product_cat-shinken-trening-katana-meci","14":"first","15":"instock","16":"taxable","17":"shipping-taxable","18":"purchasable","19":"product-type-simple"},"_links":{"self":[{"href":"https:\/\/www.budoshop.si\/sl\/wp-json\/wp\/v2\/product\/111142","targetHints":{"allow":["GET"]}}],"collection":[{"href":"https:\/\/www.budoshop.si\/sl\/wp-json\/wp\/v2\/product"}],"about":[{"href":"https:\/\/www.budoshop.si\/sl\/wp-json\/wp\/v2\/types\/product"}],"replies":[{"embeddable":true,"href":"https:\/\/www.budoshop.si\/sl\/wp-json\/wp\/v2\/comments?post=111142"}],"wp:featuredmedia":[{"embeddable":true,"href":"https:\/\/www.budoshop.si\/sl\/wp-json\/wp\/v2\/media\/111139"}],"wp:attachment":[{"href":"https:\/\/www.budoshop.si\/sl\/wp-json\/wp\/v2\/media?parent=111142"}],"wp:term":[{"taxonomy":"product_brand","embeddable":true,"href":"https:\/\/www.budoshop.si\/sl\/wp-json\/wp\/v2\/product_brand?post=111142"},{"taxonomy":"product_cat","embeddable":true,"href":"https:\/\/www.budoshop.si\/sl\/wp-json\/wp\/v2\/product_cat?post=111142"},{"taxonomy":"product_tag","embeddable":true,"href":"https:\/\/www.budoshop.si\/sl\/wp-json\/wp\/v2\/product_tag?post=111142"}],"curies":[{"name":"wp","href":"https:\/\/api.w.org\/{rel}","templated":true}]}}