{"id":111124,"date":"2024-05-23T10:38:41","date_gmt":"2024-05-23T08:38:41","guid":{"rendered":"https:\/\/www.budoshop.si\/telescopic-stick-black-75-new\/"},"modified":"2026-03-09T08:32:14","modified_gmt":"2026-03-09T07:32:14","slug":"telescopic-stick-black-75-new","status":"publish","type":"product","link":"https:\/\/www.budoshop.si\/sl\/izdelek\/telescopic-stick-black-75-new\/","title":{"rendered":"Teleskopsla palica&#8221;BLACK 75&#8221;"},"content":{"rendered":"<div id=\"product-tab\" class=\"woocommerce-tabs woocommerce-tabs-ljjrwha0 resp-htabs\">\n<div class=\"resp-tabs-container\">\n<div id=\"tab-description\" class=\"tab-content resp-tab-content resp-tab-content-active resp-accordion-closed\" aria-labelledby=\"tab_item-0\">\n<p><span style=\"font-size: 15px; color: #993300;\"><span class=\"HwtZe\" lang=\"sl\"><span class=\"jCAhz ChMk0b\"><span class=\"ryNqvb\">Takti\u010dna teleskopska palica za samoobrambo je izdelana iz jekla.<\/span><\/span> <span class=\"jCAhz ChMk0b\"><span class=\"ryNqvb\">Ta teleskopska palica je toga z ro\u010dajem iz trde gume, ki ne drsi.<\/span><\/span><br \/>\nPalico se razpre z naglim in energi\u010dnim sunkom zapestja, zapre pa se jo, da se vrh porine nazaj v ro\u010daj. \u00a0<span class=\"jCAhz ChMk0b\"><span class=\"ryNqvb\">Zaradi poudarjenih rombov v ro\u010dajnem delu palice je le-ta varna v roki.<\/span><\/span> Primerno za samoobrambo ali zbirateljstvo.<br \/>\n<span class=\"jCAhz ChMk0b\"><span class=\"ryNqvb\">Uporablja se lahko le za osebno obrambo ali kot zbirateljski predmet.<\/span><\/span><br \/>\n<\/span><span class=\"HwtZe\" lang=\"sl\"><span class=\"jCAhz ChMk0b\"><span class=\"ryNqvb\">\u010crne barve z najlonskim etuijem.<\/span><\/span><\/span><\/span><\/p>\n<p><span style=\"font-size: 15px; color: #993300;\">Material cevi: jeklo<\/span><br \/>\n<span style=\"font-size: 15px; color: #993300;\">Material ro\u010daja: trda guma<\/span><br \/>\n<span style=\"font-size: 15px; color: #993300;\">Dol\u017eina (zaprto): 28,5 cm<\/span><br \/>\n<span style=\"font-size: 15px; color: #993300;\">Dol\u017eina (odprto): 75 cm<\/span><br \/>\n<span style=\"font-size: 15px; color: #993300;\">Te\u017ea: 600 g<\/span><\/p>\n<p>&nbsp;<\/p>\n<p><span style=\"font-size: 11px; color: #993300;\">Opozorilo!<\/span><br \/>\n<span style=\"font-size: 11px; color: #993300;\">\u25ba Artikel je namenjen samo dekorativni uporabi oziroma osebnemu treningu borilnih ve\u0161\u010din.<\/span><br \/>\n<span style=\"font-size: 11px; color: #993300;\">\u25ba Po prodaji, prodajalec ni ve\u010d odgovoren za nikakr\u0161ne po\u0161kodbe, ki se lahko zgodijo zaradi napa\u010dne uporabe ali zanemarjanja teh opozoril. Novi lastnik prevzema popolno odgovornost za skrb in uporabo tega artikla.<\/span><br \/>\n<span style=\"font-size: 11px; color: #993300;\">\u25ba Vsakr\u0161na napa\u010dna uporaba ali nepazljivost lahko vam ali drugemu povzro\u010di resne po\u0161kodbe ali celo smrt!<\/span><br \/>\n<span style=\"font-size: 11px; color: #993300;\">\u25ba Ta artikel se v nobenem primeru ne sme uporabljati na drugi osebi!<\/span><\/p>\n<\/div>\n<\/div>\n<\/div>\n","protected":false},"excerpt":{"rendered":"<p><span style=\"color: #003300;\"><strong><span class=\"HwtZe\" lang=\"sl\"><span class=\"jCAhz ChMk0b\"><span class=\"ryNqvb\">75 cm dolga \u010drna takti\u010dna teleskopska palica z gumijastim ro\u010dajem.<\/span><\/span><\/span><\/strong><\/span><\/p>\n","protected":false},"featured_media":111121,"comment_status":"open","ping_status":"closed","template":"","meta":[],"product_brand":[5606],"product_cat":[1035,1043,1033,1031,1029,1037,1039,1041,1107,5379,5374],"product_tag":[],"class_list":{"0":"post-111124","1":"product","2":"type-product","3":"status-publish","4":"has-post-thumbnail","6":"product_brand-blackfield","7":"product_cat-aikido-kendo-iai-kobudo-1","8":"product_cat-boks-kickbox-tajski-boks-mma","9":"product_cat-ju-jitsujiu-jitsu-1","10":"product_cat-judo-1","11":"product_cat-karate-5","12":"product_cat-ninjutsu-3","13":"product_cat-taekwondo-3","14":"product_cat-tai-chi-kunf-fu-wu-shu-1","15":"product_cat-teleskopske-palice-1","16":"product_cat-blackfield-2","17":"product_cat-haller-sl","19":"first","20":"instock","21":"taxable","22":"shipping-taxable","23":"purchasable","24":"product-type-simple"},"_links":{"self":[{"href":"https:\/\/www.budoshop.si\/sl\/wp-json\/wp\/v2\/product\/111124","targetHints":{"allow":["GET"]}}],"collection":[{"href":"https:\/\/www.budoshop.si\/sl\/wp-json\/wp\/v2\/product"}],"about":[{"href":"https:\/\/www.budoshop.si\/sl\/wp-json\/wp\/v2\/types\/product"}],"replies":[{"embeddable":true,"href":"https:\/\/www.budoshop.si\/sl\/wp-json\/wp\/v2\/comments?post=111124"}],"wp:featuredmedia":[{"embeddable":true,"href":"https:\/\/www.budoshop.si\/sl\/wp-json\/wp\/v2\/media\/111121"}],"wp:attachment":[{"href":"https:\/\/www.budoshop.si\/sl\/wp-json\/wp\/v2\/media?parent=111124"}],"wp:term":[{"taxonomy":"product_brand","embeddable":true,"href":"https:\/\/www.budoshop.si\/sl\/wp-json\/wp\/v2\/product_brand?post=111124"},{"taxonomy":"product_cat","embeddable":true,"href":"https:\/\/www.budoshop.si\/sl\/wp-json\/wp\/v2\/product_cat?post=111124"},{"taxonomy":"product_tag","embeddable":true,"href":"https:\/\/www.budoshop.si\/sl\/wp-json\/wp\/v2\/product_tag?post=111124"}],"curies":[{"name":"wp","href":"https:\/\/api.w.org\/{rel}","templated":true}]}}