{"id":111116,"date":"2024-05-23T10:09:57","date_gmt":"2024-05-23T08:09:57","guid":{"rendered":"https:\/\/www.budoshop.si\/throwing-knife-pro-throw-new\/"},"modified":"2026-03-09T08:33:49","modified_gmt":"2026-03-09T07:33:49","slug":"throwing-knife-pro-throw-new","status":"publish","type":"product","link":"https:\/\/www.budoshop.si\/sl\/izdelek\/throwing-knife-pro-throw-new\/","title":{"rendered":"Metalni no\u017e &#8221;PRO THROW&#8221;"},"content":{"rendered":"<p><span style=\"font-size: 15px; color: #993300;\"><span class=\"HwtZe\" lang=\"sl\"><span class=\"jCAhz ChMk0b\"><span class=\"ryNqvb\">Ta profesionalni no\u017e za metanje izdeluje Muela v \u0160paniji.<\/span><\/span> <span class=\"jCAhz ChMk0b\"><span class=\"ryNqvb\">Ta popolnoma uravnote\u017een model metalnega no\u017ea ima debelino materiala kar 4 mm.<br \/>\n<\/span><\/span><\/span><span class=\"HwtZe\" lang=\"sl\"><span class=\"jCAhz ChMk0b\"><span class=\"ryNqvb\">Vklju\u010dno z usnjenim etuijem.<\/span><\/span><\/span><\/span><\/p>\n<p><span style=\"font-size: 15px; color: #993300;\">Material rezila: nerjave\u010de jeklo 420 <\/span><br \/>\n<span style=\"font-size: 15px; color: #993300;\">Material ro\u010daja: nerjave\u010de jeklo 420 <\/span><br \/>\n<span style=\"font-size: 15px; color: #993300;\">Etui: \u010drno usnje<\/span><br \/>\n<span style=\"font-size: 15px; color: #993300;\">Skupna dol\u017eina: 250 mm <\/span><br \/>\n<span style=\"font-size: 15px; color: #993300;\">Te\u017ea: 220 g<br \/>\n<\/span><\/p>\n<p><span class=\"HwtZe\" lang=\"sl\" style=\"font-size: 15px; color: #993300;\"><span class=\"jCAhz ChMk0b\"><span class=\"ryNqvb\">\u00a0<\/span><\/span><\/span><\/p>\n<p><span style=\"font-size: 15px; color: #993300;\">Pozor: metalni no\u017ei so namenjeni za metanje v posebej za to namenjene tar\u010de!<\/span><br \/>\n<span style=\"font-size: 15px; color: #993300;\">Ta artikel prodajamo samo starej\u0161im od 18 let!<\/span><\/p>\n<p>&nbsp;<\/p>\n<p><span style=\"font-size: 11px; color: #993300;\">Opozorilo!<\/span><br \/>\n<span style=\"font-size: 11px; color: #993300;\">\u25ba Artikel je namenjen samo dekorativni uporabi oziroma osebnemu treningu borilnih ve\u0161\u010din.<\/span><br \/>\n<span style=\"font-size: 11px; color: #993300;\">\u25ba Po prodaji, prodajalec ni ve\u010d odgovoren za nikakr\u0161ne po\u0161kodbe, ki se lahko zgodijo zaradi napa\u010dne uporabe ali zanemarjanja teh opozoril. Novi lastnik prevzema popolno odgovornost za skrb in uporabo tega artikla.<\/span><br \/>\n<span style=\"font-size: 11px; color: #993300;\">\u25ba Vsakr\u0161na napa\u010dna uporaba ali nepazljivost lahko vam ali drugemu povzro\u010di resne po\u0161kodbe ali celo smrt!<\/span><br \/>\n<span style=\"font-size: 11px; color: #993300;\">\u25ba Ta artikel se v nobenem primeru ne sme uporabljati na drugi osebi!<\/span><\/p>\n<p><span class=\"HwtZe\" lang=\"sl\"><span class=\"jCAhz ChMk0b\"><span class=\"ryNqvb\">\u00a0<\/span><\/span><\/span><\/p>\n","protected":false},"excerpt":{"rendered":"<p><span style=\"color: #003366;\"><strong>Profesionalni metalni no\u017e izdelan v \u0161panski Mueli.<\/strong><\/span><\/p>\n","protected":false},"featured_media":111113,"comment_status":"open","ping_status":"closed","template":"","meta":[],"product_brand":[5610],"product_cat":[5374,5376,5369,847,1037],"product_tag":[],"class_list":{"0":"post-111116","1":"product","2":"type-product","3":"status-publish","4":"has-post-thumbnail","6":"product_brand-haller","7":"product_cat-haller-sl","8":"product_cat-haller-2","9":"product_cat-metalni-nozi","10":"product_cat-ninja-1","11":"product_cat-ninjutsu-3","13":"first","14":"instock","15":"taxable","16":"shipping-taxable","17":"purchasable","18":"product-type-simple"},"_links":{"self":[{"href":"https:\/\/www.budoshop.si\/sl\/wp-json\/wp\/v2\/product\/111116","targetHints":{"allow":["GET"]}}],"collection":[{"href":"https:\/\/www.budoshop.si\/sl\/wp-json\/wp\/v2\/product"}],"about":[{"href":"https:\/\/www.budoshop.si\/sl\/wp-json\/wp\/v2\/types\/product"}],"replies":[{"embeddable":true,"href":"https:\/\/www.budoshop.si\/sl\/wp-json\/wp\/v2\/comments?post=111116"}],"wp:featuredmedia":[{"embeddable":true,"href":"https:\/\/www.budoshop.si\/sl\/wp-json\/wp\/v2\/media\/111113"}],"wp:attachment":[{"href":"https:\/\/www.budoshop.si\/sl\/wp-json\/wp\/v2\/media?parent=111116"}],"wp:term":[{"taxonomy":"product_brand","embeddable":true,"href":"https:\/\/www.budoshop.si\/sl\/wp-json\/wp\/v2\/product_brand?post=111116"},{"taxonomy":"product_cat","embeddable":true,"href":"https:\/\/www.budoshop.si\/sl\/wp-json\/wp\/v2\/product_cat?post=111116"},{"taxonomy":"product_tag","embeddable":true,"href":"https:\/\/www.budoshop.si\/sl\/wp-json\/wp\/v2\/product_tag?post=111116"}],"curies":[{"name":"wp","href":"https:\/\/api.w.org\/{rel}","templated":true}]}}