{"id":111109,"date":"2024-05-23T09:45:05","date_gmt":"2024-05-23T07:45:05","guid":{"rendered":"https:\/\/www.budoshop.si\/three-throwing-knife-set-red-color-tip-new\/"},"modified":"2026-01-22T13:04:42","modified_gmt":"2026-01-22T12:04:42","slug":"three-throwing-knife-set-red-color-tip-new","status":"publish","type":"product","link":"https:\/\/www.budoshop.si\/sl\/izdelek\/three-throwing-knife-set-red-color-tip-new\/","title":{"rendered":"Set treh metalnih no\u017eev &#8221;RED COLOR TIP&#8221;"},"content":{"rendered":"<p><span class=\"HwtZe\" lang=\"sl\" style=\"font-size: 15px; color: #993300;\"><span class=\"jCAhz ChMk0b\"><span class=\"ryNqvb\">Ta komplet treh metalnih no\u017eev vsebuje tri enake metalne no\u017ee s \u010drno prevleko z rde\u010de anodiziranimi konicami rezil.<br \/>\nLuknjice vzdol\u017e sredine metalnega no\u017ea in raz\u0161iritev proti vrhu zagotavljajo odli\u010dno uravnote\u017eenost no\u017ea pri metanju.<br \/>\nDodan etui.<\/span><\/span><\/span><\/p>\n<p><span class=\"jCAhz ChMk0b\" style=\"font-size: 15px; color: #993300;\"><span class=\"ryNqvb\">Material rezila: nerjave\u010de jeklo 420<\/span><\/span><br \/>\n<span class=\"jCAhz ChMk0b\" style=\"font-size: 15px; color: #993300;\"><span class=\"ryNqvb\">Material ro\u010daja: nerjave\u010de jeklo 420<\/span><\/span><br \/>\n<span style=\"font-size: 15px; color: #993300;\">Etui<span class=\"jCAhz ChMk0b\"><span class=\"ryNqvb\">: najlon<\/span><\/span><\/span><br \/>\n<span class=\"jCAhz ChMk0b\" style=\"font-size: 15px; color: #993300;\"><span class=\"ryNqvb\">Skupna dol\u017eina: 245 mm<br \/>\nDol\u017eina rezina: 115 mm<\/span><\/span><br \/>\n<span class=\"jCAhz ChMk0b\" style=\"font-size: 15px; color: #993300;\"><span class=\"ryNqvb\">Te\u017ea (na no\u017e): cca. 140 g<\/span><\/span><\/p>\n<p>&nbsp;<\/p>\n<p><span style=\"font-size: 11px; color: #993300;\">Opozorilo!<\/span><br \/>\n<span style=\"font-size: 11px; color: #993300;\">\u25ba Artikel je namenjen samo dekorativni uporabi oziroma osebnemu treningu borilnih ve\u0161\u010din.<\/span><br \/>\n<span style=\"font-size: 11px; color: #993300;\">\u25ba Po prodaji, prodajalec ni ve\u010d odgovoren za nikakr\u0161ne po\u0161kodbe, ki se lahko zgodijo zaradi napa\u010dne uporabe ali zanemarjanja teh opozoril. Novi lastnik prevzema popolno odgovornost za skrb in uporabo tega artikla.<\/span><br \/>\n<span style=\"font-size: 11px; color: #993300;\">\u25ba Vsakr\u0161na napa\u010dna uporaba ali nepazljivost lahko vam ali drugemu povzro\u010di resne po\u0161kodbe ali celo smrt!<\/span><br \/>\n<span style=\"font-size: 11px; color: #993300;\">\u25ba Ta artikel se v nobenem primeru ne sme uporabljati na drugi osebi!<\/span><\/p>\n","protected":false},"excerpt":{"rendered":"<p><span style=\"color: #003366;\"><strong>Set treh metalnih no\u017eev z rde\u010dimi konicami.<\/strong><\/span><\/p>\n","protected":false},"featured_media":111104,"comment_status":"open","ping_status":"closed","template":"","meta":[],"product_brand":[5610],"product_cat":[1037,847,5369,5376,5374],"product_tag":[],"class_list":{"0":"post-111109","1":"product","2":"type-product","3":"status-publish","4":"has-post-thumbnail","6":"product_brand-haller","7":"product_cat-ninjutsu-3","8":"product_cat-ninja-1","9":"product_cat-metalni-nozi","10":"product_cat-haller-2","11":"product_cat-haller-sl","13":"first","14":"instock","15":"taxable","16":"shipping-taxable","17":"purchasable","18":"product-type-simple"},"_links":{"self":[{"href":"https:\/\/www.budoshop.si\/sl\/wp-json\/wp\/v2\/product\/111109","targetHints":{"allow":["GET"]}}],"collection":[{"href":"https:\/\/www.budoshop.si\/sl\/wp-json\/wp\/v2\/product"}],"about":[{"href":"https:\/\/www.budoshop.si\/sl\/wp-json\/wp\/v2\/types\/product"}],"replies":[{"embeddable":true,"href":"https:\/\/www.budoshop.si\/sl\/wp-json\/wp\/v2\/comments?post=111109"}],"wp:featuredmedia":[{"embeddable":true,"href":"https:\/\/www.budoshop.si\/sl\/wp-json\/wp\/v2\/media\/111104"}],"wp:attachment":[{"href":"https:\/\/www.budoshop.si\/sl\/wp-json\/wp\/v2\/media?parent=111109"}],"wp:term":[{"taxonomy":"product_brand","embeddable":true,"href":"https:\/\/www.budoshop.si\/sl\/wp-json\/wp\/v2\/product_brand?post=111109"},{"taxonomy":"product_cat","embeddable":true,"href":"https:\/\/www.budoshop.si\/sl\/wp-json\/wp\/v2\/product_cat?post=111109"},{"taxonomy":"product_tag","embeddable":true,"href":"https:\/\/www.budoshop.si\/sl\/wp-json\/wp\/v2\/product_tag?post=111109"}],"curies":[{"name":"wp","href":"https:\/\/api.w.org\/{rel}","templated":true}]}}