{"id":111082,"date":"2024-05-22T16:32:54","date_gmt":"2024-05-22T14:32:54","guid":{"rendered":"https:\/\/www.budoshop.si\/?post_type=product&#038;p=111082"},"modified":"2026-03-26T09:50:33","modified_gmt":"2026-03-26T08:50:33","slug":"small-japanese-knife-kozuka-gold-new","status":"publish","type":"product","link":"https:\/\/www.budoshop.si\/sl\/izdelek\/small-japanese-knife-kozuka-gold-new\/","title":{"rendered":"Majhen japonski no\u017e &#8221;Kozuka GOLD&#8221;"},"content":{"rendered":"<p><span class=\"HwtZe\" lang=\"sl\" style=\"font-size: 15px; color: #993300;\"><span class=\"jCAhz ChMk0b\"><span class=\"ryNqvb\">Kozuka je majhen japonski no\u017e, ki se ga nosi v Saya no\u017enici japonskih me\u010dev.<\/span><\/span> <span class=\"jCAhz ChMk0b\"><span class=\"ryNqvb\">Ta okrasni del me\u010da je pogosto bogato okra\u0161en in razkriva status, bogastvo in slog lastnika.<\/span><\/span> <span class=\"jCAhz ChMk0b\"><span class=\"ryNqvb\">Kozuka je bila pogosto zasnovana tako, da se je ujemala s podobnim bode\u017eem\/orodjem imenovanim Kogai, ki se je nosil na nasprotni strani no\u017enice.<\/span><\/span> Kozuka je n<span class=\"jCAhz ChMk0b\"><span class=\"ryNqvb\">arejena tako, da se prilega stranicam no\u017enic japonskih me\u010dev kot so Katana, Wakizashi in Tanto.<\/span><\/span> <span class=\"jCAhz ChMk0b\"><span class=\"ryNqvb\">Kozuka je bila pogosto umetni\u0161ko dovr\u0161ena in fine izdelave, okra\u0161ena z rezbarijami, intarzijami in barvnimi kovinami.<\/span><\/span> <span class=\"jCAhz ChMk0b\"><span class=\"ryNqvb\">Ta model ima rezilo iz nerjave\u010dega jekla in pozla\u010den ro\u010daj.<\/span><\/span><\/span><\/p>\n<p><span style=\"font-size: 15px; color: #993300;\">Mere:<\/span><br \/>\n<span style=\"font-size: 15px; color: #993300;\">Rezilo: 12 cm<br \/>\nRo\u010daj: 9,5 cm<\/span><\/p>\n","protected":false},"excerpt":{"rendered":"<p><span style=\"color: #003366;\"><strong>Kozuka, majhen japonski no\u017e s pozla\u010denim ro\u010dajem.<\/strong><\/span><\/p>\n","protected":false},"featured_media":111085,"comment_status":"open","ping_status":"closed","template":"","meta":[],"product_brand":[5610],"product_cat":[1035,1037,923,931,813,731,5376,5374],"product_tag":[],"class_list":{"0":"post-111082","1":"product","2":"type-product","3":"status-publish","4":"has-post-thumbnail","6":"product_brand-haller","7":"product_cat-aikido-kendo-iai-kobudo-1","8":"product_cat-ninjutsu-3","9":"product_cat-ostalo-5","10":"product_cat-posebni-meci","11":"product_cat-nozi","12":"product_cat-ostalo-2","13":"product_cat-haller-2","14":"product_cat-haller-sl","16":"first","17":"instock","18":"taxable","19":"shipping-taxable","20":"purchasable","21":"product-type-simple"},"_links":{"self":[{"href":"https:\/\/www.budoshop.si\/sl\/wp-json\/wp\/v2\/product\/111082","targetHints":{"allow":["GET"]}}],"collection":[{"href":"https:\/\/www.budoshop.si\/sl\/wp-json\/wp\/v2\/product"}],"about":[{"href":"https:\/\/www.budoshop.si\/sl\/wp-json\/wp\/v2\/types\/product"}],"replies":[{"embeddable":true,"href":"https:\/\/www.budoshop.si\/sl\/wp-json\/wp\/v2\/comments?post=111082"}],"wp:featuredmedia":[{"embeddable":true,"href":"https:\/\/www.budoshop.si\/sl\/wp-json\/wp\/v2\/media\/111085"}],"wp:attachment":[{"href":"https:\/\/www.budoshop.si\/sl\/wp-json\/wp\/v2\/media?parent=111082"}],"wp:term":[{"taxonomy":"product_brand","embeddable":true,"href":"https:\/\/www.budoshop.si\/sl\/wp-json\/wp\/v2\/product_brand?post=111082"},{"taxonomy":"product_cat","embeddable":true,"href":"https:\/\/www.budoshop.si\/sl\/wp-json\/wp\/v2\/product_cat?post=111082"},{"taxonomy":"product_tag","embeddable":true,"href":"https:\/\/www.budoshop.si\/sl\/wp-json\/wp\/v2\/product_tag?post=111082"}],"curies":[{"name":"wp","href":"https:\/\/api.w.org\/{rel}","templated":true}]}}