{"id":111079,"date":"2024-05-22T13:07:35","date_gmt":"2024-05-22T11:07:35","guid":{"rendered":"https:\/\/www.budoshop.si\/cotton-sword-bag-new-copy\/"},"modified":"2026-01-20T08:12:37","modified_gmt":"2026-01-20T07:12:37","slug":"cotton-sword-bag-new","status":"publish","type":"product","link":"https:\/\/www.budoshop.si\/sl\/izdelek\/cotton-sword-bag-new\/","title":{"rendered":"Bomba\u017ena torba za me\u010d"},"content":{"rendered":"<p><span style=\"font-size: 15px; color: #993300;\">Bomba\u017ena prenosna torba za va\u0161 Bokken, Shinai ali Katana me\u010d.<br \/>\nVadbene me\u010de se med prihodom in odhodom na treninge ne sme nositi neza\u0161\u010ditene saj lahko to pri dolo\u010denih ljudeh vzbuja vznemirjenje.<br \/>\nTa lahka bomba\u017ena torba za me\u010d je kot nala\u0161\u010d za varno prena\u0161anje va\u0161ega trening me\u010da.<\/span><\/p>\n<p><span style=\"color: #993300; font-size: 15px;\">\u010crne barve s svetlej\u0161o notranjosti.<\/span><br \/>\n<span style=\"font-size: 15px; color: #993300;\"><br \/>\nDol\u017eina: 112 cm<\/span><\/p>\n","protected":false},"excerpt":{"rendered":"<p><strong><span class=\"HwtZe\" lang=\"en\" style=\"color: #003366;\"><span class=\"jCAhz ChMk0b\"><span class=\"ryNqvb\"><span class=\"HwtZe\" lang=\"en\">\u010crna bomba\u017ena prenosna torba za va\u0161 vadbeni Bokken, Shinai ali Katana me\u010d.<\/span><\/span><\/span><\/span><\/strong><\/p>\n","protected":false},"featured_media":111074,"comment_status":"open","ping_status":"closed","template":"","meta":[],"product_brand":[5610],"product_cat":[1035,5376,5374,1037,973],"product_tag":[],"class_list":{"0":"post-111079","1":"product","2":"type-product","3":"status-publish","4":"has-post-thumbnail","6":"product_brand-haller","7":"product_cat-aikido-kendo-iai-kobudo-1","8":"product_cat-haller-2","9":"product_cat-haller-sl","10":"product_cat-ninjutsu-3","11":"product_cat-torbe-za-orozja","13":"first","14":"outofstock","15":"taxable","16":"shipping-taxable","17":"purchasable","18":"product-type-simple"},"_links":{"self":[{"href":"https:\/\/www.budoshop.si\/sl\/wp-json\/wp\/v2\/product\/111079","targetHints":{"allow":["GET"]}}],"collection":[{"href":"https:\/\/www.budoshop.si\/sl\/wp-json\/wp\/v2\/product"}],"about":[{"href":"https:\/\/www.budoshop.si\/sl\/wp-json\/wp\/v2\/types\/product"}],"replies":[{"embeddable":true,"href":"https:\/\/www.budoshop.si\/sl\/wp-json\/wp\/v2\/comments?post=111079"}],"wp:featuredmedia":[{"embeddable":true,"href":"https:\/\/www.budoshop.si\/sl\/wp-json\/wp\/v2\/media\/111074"}],"wp:attachment":[{"href":"https:\/\/www.budoshop.si\/sl\/wp-json\/wp\/v2\/media?parent=111079"}],"wp:term":[{"taxonomy":"product_brand","embeddable":true,"href":"https:\/\/www.budoshop.si\/sl\/wp-json\/wp\/v2\/product_brand?post=111079"},{"taxonomy":"product_cat","embeddable":true,"href":"https:\/\/www.budoshop.si\/sl\/wp-json\/wp\/v2\/product_cat?post=111079"},{"taxonomy":"product_tag","embeddable":true,"href":"https:\/\/www.budoshop.si\/sl\/wp-json\/wp\/v2\/product_tag?post=111079"}],"curies":[{"name":"wp","href":"https:\/\/api.w.org\/{rel}","templated":true}]}}