{"id":110832,"date":"2024-05-02T18:13:40","date_gmt":"2024-05-02T16:13:40","guid":{"rendered":"https:\/\/www.budoshop.si\/?post_type=product&#038;p=110832"},"modified":"2024-11-12T12:21:23","modified_gmt":"2024-11-12T11:21:23","slug":"katana-hana-novo","status":"publish","type":"product","link":"https:\/\/www.budoshop.si\/sl\/izdelek\/katana-hana-novo\/","title":{"rendered":"Katana &#8221;HANA&#8221;"},"content":{"rendered":"<div class=\"pGxpHc\"><\/div>\n<div class=\"QcsUad BDJ8fb BLojaf sMVRZe hCXDsb wneUed\">\n<div class=\"usGWQd\">\n<div class=\"KkbLmb\">\n<div class=\"lRu31\" dir=\"ltr\">\n<p><span class=\"HwtZe\" lang=\"sl\" style=\"font-size: 15px; color: #993300;\"><span class=\"jCAhz ChMk0b\"><span class=\"ryNqvb\">Tema te Samurajske Katane Hana so ro\u017ee v zlatih in srebrnih barvah.<\/span><\/span> <span class=\"jCAhz ChMk0b\"><span class=\"ryNqvb\">Te cvetli\u010dne okrasne elemente je mogo\u010de najti na Saya no\u017enici kot tudi na okra\u0161enem Tsuba \u0161\u010ditniku.<\/span><\/span> <span class=\"jCAhz ChMk0b\"><span class=\"ryNqvb\">Tudi ostali okraski zavzemajo to temo.<\/span><\/span><\/span><\/p>\n<p><span class=\"jCAhz ChMk0b\" style=\"color: #993300; font-size: 15px;\"><span class=\"ryNqvb\">&#8211; Ostro, ro\u010dno kovano rezilo iz ogljikovega jekla 1045 (ne iz nerjave\u010dega jekla), primerno za teste rezanja (pribl. 55 HRC)<\/span><\/span><br \/>\n<span class=\"jCAhz ChMk0b\" style=\"color: #993300; font-size: 15px;\"><span class=\"ryNqvb\">&#8211; Rezilo v slogu Shinogi-Zukuri<\/span><\/span><br \/>\n<span class=\"jCAhz ChMk0b\" style=\"color: #993300; font-size: 15px;\"><span class=\"ryNqvb\">&#8211; Ro\u010daj iz lesa z vlo\u017ekom iz prave \u017earkaste ko\u017ee<\/span><\/span><br \/>\n<span class=\"jCAhz ChMk0b\" style=\"color: #993300; font-size: 15px;\"><span class=\"ryNqvb\">&#8211; Ovoj ro\u010daja iz \u010drnega bomba\u017ea v klasi\u010dnem slogu Hineri-Maki<\/span><\/span><br \/>\n<span class=\"jCAhz ChMk0b\" style=\"color: #993300; font-size: 15px;\"><span class=\"ryNqvb\">&#8211; \u010crna, zrcalno lakirana no\u017enica iz Kuroro lesa.<\/span><\/span><br \/>\n<span class=\"jCAhz ChMk0b\" style=\"color: #993300; font-size: 15px;\"><span class=\"ryNqvb\">&#8211; Kvaliteten dvobarvni Sageo<\/span><\/span><br \/>\n<span class=\"jCAhz ChMk0b\" style=\"color: #993300; font-size: 15px;\"><span class=\"ryNqvb\">&#8211; Dobavljeno v \u010dudoviti zbirateljski \u0161katli.<\/span><\/span><br \/>\n<span class=\"jCAhz ChMk0b\" style=\"color: #993300; font-size: 15px;\"><span class=\"ryNqvb\">&#8211; Izdelano po zgodovinskih vzorcih.<\/span><\/span><\/p>\n<p><span style=\"color: #993300; font-size: 15px;\">Podrobnosti:<\/span><br \/>\n<span style=\"color: #993300; font-size: 15px;\">Jeklo: ogljikovo jeklo 1045<\/span><br \/>\n<span style=\"color: #993300; font-size: 15px;\">NAGASA: 71 cm, 73 cm s Habaki-jem<\/span><br \/>\n<span style=\"color: #993300; font-size: 15px;\">HAMON: Da, Notare<\/span><br \/>\n<span style=\"color: #993300; font-size: 15px;\">SORI: 2,00 cm<\/span><br \/>\n<span style=\"color: #993300; font-size: 15px;\">TSUKA: 30 cm<\/span><br \/>\n<span style=\"color: #993300; font-size: 15px;\">BOHI: enojni<\/span><br \/>\n<span style=\"color: #993300; font-size: 15px;\">SAYA: 74 cm \u010drno obarvan Kuroro les<\/span><br \/>\n<span style=\"color: #993300; font-size: 15px;\">SAGEO: pravi v \u010drno-beli barvi<\/span><br \/>\n<span style=\"color: #993300; font-size: 15px;\">MEKUGI: 2x bambus<\/span><br \/>\n<span style=\"color: #993300; font-size: 15px;\">Te\u017ea: pribl. 1.300 g (s Sayo), 1.100 g (brez Saya)TA ARTIKEL PRODAJAMO SAMO POLNOLETNIM OSEBAM!!!<\/span><\/p>\n<div><\/div>\n<div><span style=\"font-size: 11px; color: #993300;\">Opozorilo!<\/span><br \/>\n<span style=\"font-size: 11px; color: #993300;\">\u25ba Artikel je namenjen samo dekorativni uporabi oziroma osebnemu treningu borilnih ve\u0161\u010din.<\/span><br \/>\n<span style=\"font-size: 11px; color: #993300;\">\u25ba Po prodaji, prodajalec ni ve\u010d odgovoren za nikakr\u0161ne po\u0161kodbe, ki se lahko zgodijo zaradi napa\u010dne uporabe ali zanemarjanja teh opozoril. Novi lastnik prevzema popolno odgovornost za skrb in uporabo tega artikla.<\/span><br \/>\n<span style=\"font-size: 11px; color: #993300;\">\u25ba Vsakr\u0161na napa\u010dna uporaba ali nepazljivost lahko vam ali drugemu povzro\u010di resne po\u0161kodbe ali celo smrt!<\/span><br \/>\n<span style=\"font-size: 11px; color: #993300;\">\u25ba Ta artikel se v nobenem primeru ne sme uporabljati na drugi osebi!<\/span><\/div>\n<p><span class=\"HwtZe\" lang=\"sl\"><span class=\"jCAhz ChMk0b\"><span class=\"ryNqvb\">\u00a0<\/span><\/span><\/span><\/p>\n<\/div>\n<\/div>\n<\/div>\n<\/div>\n","protected":false},"excerpt":{"rendered":"<p><strong><span style=\"color: #003366;\">Oster Samurajski Katana me\u010d s cvetli\u010dnimi okrasi.<\/span><\/strong><\/p>\n","protected":false},"featured_media":110827,"comment_status":"open","ping_status":"closed","template":"","meta":[],"product_brand":[5611],"product_cat":[1035,5375,5377,1037,5384],"product_tag":[],"class_list":{"0":"post-110832","1":"product","2":"type-product","3":"status-publish","4":"has-post-thumbnail","6":"product_brand-john-lee","7":"product_cat-aikido-kendo-iai-kobudo-1","8":"product_cat-john-lee-sl","9":"product_cat-john-lee-2","10":"product_cat-ninjutsu-3","11":"product_cat-shinken-trening-katana-meci","13":"first","14":"instock","15":"taxable","16":"shipping-taxable","17":"purchasable","18":"product-type-simple"},"_links":{"self":[{"href":"https:\/\/www.budoshop.si\/sl\/wp-json\/wp\/v2\/product\/110832","targetHints":{"allow":["GET"]}}],"collection":[{"href":"https:\/\/www.budoshop.si\/sl\/wp-json\/wp\/v2\/product"}],"about":[{"href":"https:\/\/www.budoshop.si\/sl\/wp-json\/wp\/v2\/types\/product"}],"replies":[{"embeddable":true,"href":"https:\/\/www.budoshop.si\/sl\/wp-json\/wp\/v2\/comments?post=110832"}],"wp:featuredmedia":[{"embeddable":true,"href":"https:\/\/www.budoshop.si\/sl\/wp-json\/wp\/v2\/media\/110827"}],"wp:attachment":[{"href":"https:\/\/www.budoshop.si\/sl\/wp-json\/wp\/v2\/media?parent=110832"}],"wp:term":[{"taxonomy":"product_brand","embeddable":true,"href":"https:\/\/www.budoshop.si\/sl\/wp-json\/wp\/v2\/product_brand?post=110832"},{"taxonomy":"product_cat","embeddable":true,"href":"https:\/\/www.budoshop.si\/sl\/wp-json\/wp\/v2\/product_cat?post=110832"},{"taxonomy":"product_tag","embeddable":true,"href":"https:\/\/www.budoshop.si\/sl\/wp-json\/wp\/v2\/product_tag?post=110832"}],"curies":[{"name":"wp","href":"https:\/\/api.w.org\/{rel}","templated":true}]}}