{"id":110811,"date":"2024-05-02T10:22:43","date_gmt":"2024-05-02T08:22:43","guid":{"rendered":"https:\/\/www.budoshop.si\/?post_type=product&#038;p=110811"},"modified":"2024-11-12T12:18:57","modified_gmt":"2024-11-12T11:18:57","slug":"katana-fujisan-novo","status":"publish","type":"product","link":"https:\/\/www.budoshop.si\/sl\/izdelek\/katana-fujisan-novo\/","title":{"rendered":"Katana &#8221;FUJISAN&#8221;"},"content":{"rendered":"<p><span class=\"HwtZe\" lang=\"sl\" style=\"font-size: 15px; color: #993300;\"><span class=\"jCAhz ChMk0b\"><span class=\"ryNqvb\">Gora Fud\u017ei je najvi\u0161ja gora na Japonskem in ima pomembno vlogo v starodavni japonski veri \u0161into.<\/span><\/span> <span class=\"jCAhz ChMk0b\"><span class=\"ryNqvb\">Fu pomeni bogat, Ji pomeni bojevnik in San pomeni gora.<\/span><\/span><br \/>\nFujisan <span class=\"jCAhz ChMk0b\"><span class=\"ryNqvb\">Katana ima ro\u010dno kovano rezilo iz ogljikovega jekla s finim Hamon-om in je tradicionalno kaljeno.<\/span><\/span> <span class=\"jCAhz ChMk0b\"><span class=\"ryNqvb\">Poleg tega je bilo jeklo rezila 12-krat prepognjeno, kar pomeni, da je bilo ustvarjenih pribli\u017eno 8000 plasti, ki dajejo me\u010du \u010dudovit vzorec damaska.<\/span><\/span> <span class=\"jCAhz ChMk0b\"><span class=\"ryNqvb\">Ostro rezilo ima Hi (utor) za zmanj\u0161anje skupne te\u017ee.<\/span><\/span> <span class=\"jCAhz ChMk0b\"><span class=\"ryNqvb\">Tsuba prikazuje goro Fuji.<\/span><\/span> T<span class=\"jCAhz ChMk0b\"><span class=\"ryNqvb\">suka (ro\u010daj) je izdelan iz lesa, prevle\u010den s pravo ribjo ko\u017eo in ima dva Menuki zati\u010da.<\/span><\/span> <span class=\"jCAhz ChMk0b\"><span class=\"ryNqvb\">Poleg tega je ro\u010daj tradicionalno povit v \u010drn bomba\u017e.<\/span><\/span> S<span class=\"jCAhz ChMk0b\"><span class=\"ryNqvb\">aya no\u017enica je izdelana iz lesa, Habaki pa iz medenine.<\/span><\/span> <span class=\"jCAhz ChMk0b\"><span class=\"ryNqvb\">Ta Fujisan Katana je bila narejena po originalnih muzejskih primerkih.<\/span><\/span><br \/>\n<span class=\"jCAhz ChMk0b\"><span class=\"ryNqvb\">Me\u010du je prilo\u017een certifikat o poreklu, je zavit v blago in zapakiran v kakovostno leseno \u0161katlo.<\/span><\/span> <span class=\"jCAhz ChMk0b\"><span class=\"ryNqvb\">Vse mere so pribli\u017ene.<br \/>\nFujisan Katana je nabru\u0161ena.<br \/>\n<\/span><\/span><\/span><\/p>\n<div>\n<p><span style=\"font-size: 15px; color: #993300;\">Detajli:<\/span><br \/>\n<span style=\"font-size: 15px; color: #993300;\">Rezilo: 1045 High Carbon Steel &#8211; RO\u010cNO KOVANO<\/span><br \/>\n<span style=\"font-size: 15px; color: #993300;\">NAGASA: 71,5 cm, 73,5 cm s Habaki-jem<\/span><br \/>\n<span style=\"font-size: 15px; color: #993300;\">HAMON: Notare<\/span><br \/>\n<span style=\"font-size: 15px; color: #993300;\">SORI: 2,00 cm <\/span><br \/>\n<span style=\"font-size: 15px; color: #993300;\">TSUKA: 30,5 cm <\/span><br \/>\n<span style=\"font-size: 15px; color: #993300;\">TSUKA ITO: \u010drn bomba\u017e<\/span><br \/>\n<span style=\"font-size: 15px; color: #993300;\">SAME: pravo ribje usnje<\/span><br \/>\n<span style=\"font-size: 15px; color: #993300;\">TSUBA: Shin no Marugata<\/span><br \/>\n<span style=\"font-size: 15px; color: #993300;\">BOHI: DA, enojni<\/span><br \/>\n<span style=\"font-size: 15px; color: #993300;\">SAYA: 76 cm \u010drno lakiran Kuroro les<\/span><br \/>\n<span style=\"font-size: 15px; color: #993300;\">SAGEO: \u010drn bomba\u017e<\/span><br \/>\n<span style=\"font-size: 15px; color: #993300;\">MEKUGI: bambusov 2X <\/span><br \/>\n<span style=\"font-size: 15px; color: #993300;\">Te\u017ea: cca. 1.250 g (s Sayo), 1.050 g (brez Saye)<\/span><br \/>\n<span style=\"font-size: 15px; color: #993300;\"><br \/>\n<\/span><\/p>\n<p><span style=\"font-size: 15px; color: #993300;\">Ta me\u010d ni serijske proizvodnje!<\/span><\/p>\n<p><span style=\"font-size: 15px; color: #993300;\">Opozorilo! Ta me\u010d se prodaja samo starej\u0161im od 18 let.<\/span><\/p>\n<\/div>\n<div><\/div>\n<div><\/div>\n<div><span style=\"font-size: 11px; color: #993300;\">Opozorilo!<\/span><br \/>\n<span style=\"font-size: 11px; color: #993300;\">\u25ba Artikel je namenjen samo dekorativni uporabi oziroma osebnemu treningu borilnih ve\u0161\u010din.<\/span><br \/>\n<span style=\"font-size: 11px; color: #993300;\">\u25ba Po prodaji, prodajalec ni ve\u010d odgovoren za nikakr\u0161ne po\u0161kodbe, ki se lahko zgodijo zaradi napa\u010dne uporabe ali zanemarjanja teh opozoril. Novi lastnik prevzema popolno odgovornost za skrb in uporabo tega artikla.<\/span><br \/>\n<span style=\"font-size: 11px; color: #993300;\">\u25ba Vsakr\u0161na napa\u010dna uporaba ali nepazljivost lahko vam ali drugemu povzro\u010di resne po\u0161kodbe ali celo smrt!<\/span><br \/>\n<span style=\"font-size: 11px; color: #993300;\">\u25ba Ta artikel se v nobenem primeru ne sme uporabljati na drugi osebi!<\/span><\/div>\n","protected":false},"excerpt":{"rendered":"<p><span style=\"color: #003366;\"><strong>Ro\u010dno kovan oster Katana me\u010d.<\/strong><\/span><\/p>\n","protected":false},"featured_media":110806,"comment_status":"open","ping_status":"closed","template":"","meta":[],"product_brand":[5611],"product_cat":[1035,5375,5377,1033,1037,5384],"product_tag":[],"class_list":{"0":"post-110811","1":"product","2":"type-product","3":"status-publish","4":"has-post-thumbnail","6":"product_brand-john-lee","7":"product_cat-aikido-kendo-iai-kobudo-1","8":"product_cat-john-lee-sl","9":"product_cat-john-lee-2","10":"product_cat-ju-jitsujiu-jitsu-1","11":"product_cat-ninjutsu-3","12":"product_cat-shinken-trening-katana-meci","14":"first","15":"instock","16":"taxable","17":"shipping-taxable","18":"purchasable","19":"product-type-simple"},"_links":{"self":[{"href":"https:\/\/www.budoshop.si\/sl\/wp-json\/wp\/v2\/product\/110811","targetHints":{"allow":["GET"]}}],"collection":[{"href":"https:\/\/www.budoshop.si\/sl\/wp-json\/wp\/v2\/product"}],"about":[{"href":"https:\/\/www.budoshop.si\/sl\/wp-json\/wp\/v2\/types\/product"}],"replies":[{"embeddable":true,"href":"https:\/\/www.budoshop.si\/sl\/wp-json\/wp\/v2\/comments?post=110811"}],"wp:featuredmedia":[{"embeddable":true,"href":"https:\/\/www.budoshop.si\/sl\/wp-json\/wp\/v2\/media\/110806"}],"wp:attachment":[{"href":"https:\/\/www.budoshop.si\/sl\/wp-json\/wp\/v2\/media?parent=110811"}],"wp:term":[{"taxonomy":"product_brand","embeddable":true,"href":"https:\/\/www.budoshop.si\/sl\/wp-json\/wp\/v2\/product_brand?post=110811"},{"taxonomy":"product_cat","embeddable":true,"href":"https:\/\/www.budoshop.si\/sl\/wp-json\/wp\/v2\/product_cat?post=110811"},{"taxonomy":"product_tag","embeddable":true,"href":"https:\/\/www.budoshop.si\/sl\/wp-json\/wp\/v2\/product_tag?post=110811"}],"curies":[{"name":"wp","href":"https:\/\/api.w.org\/{rel}","templated":true}]}}