{"id":110746,"date":"2024-04-30T13:10:42","date_gmt":"2024-04-30T11:10:42","guid":{"rendered":"https:\/\/www.budoshop.si\/?post_type=product&#038;p=110746"},"modified":"2024-10-27T18:22:42","modified_gmt":"2024-10-27T17:22:42","slug":"meralni-noz-dube-novo","status":"publish","type":"product","link":"https:\/\/www.budoshop.si\/sl\/izdelek\/meralni-noz-dube-novo\/","title":{"rendered":"Metalni no\u017e &#8221;DUBE&#8221;"},"content":{"rendered":"<p><span class=\"HwtZe\" lang=\"sl\"><span style=\"font-size: 15px; color: #993300;\"><span class=\"jCAhz ChMk0b\"><span class=\"ryNqvb\">Izjemno dobro uravnote\u017een metalni no\u017e &#8220;dub\u00e9&#8221; je prava umetnija.<\/span><\/span> <span class=\"jCAhz ChMk0b\"><span class=\"ryNqvb\">Izdelan je iz posebej dolgega kosa nerjave\u010dega jekla in je z njim veselje vaditi.<\/span><\/span><\/span><br \/>\n<span class=\"jCAhz ChMk0b\"><span class=\"ryNqvb\"><span style=\"font-size: 15px; color: #993300;\">Vklju\u010dno z etuijem.<\/span><\/span><\/span><\/span><\/p>\n<p><span style=\"font-size: 15px; color: #993300;\">Material rezila: nerjave\u010de jeklo 420 <\/span><br \/>\n<span style=\"font-size: 15px; color: #993300;\">Material ro\u010daja: nerjave\u010de jeklo 420 <\/span><br \/>\n<span style=\"font-size: 15px; color: #993300;\">Etui: najlon <\/span><br \/>\n<span style=\"font-size: 15px; color: #993300;\">Skupna dol\u017eina: 330 mm <\/span><br \/>\n<span style=\"font-size: 15px; color: #993300;\">Te\u017ea: 330 mm<\/span><\/p>\n<p>&nbsp;<\/p>\n<p><span style=\"font-size: 15px; color: #993300;\">Pozor: metalni no\u017ei so namenjeni za metanje v posebej za to namenjene tar\u010de!<\/span><br \/>\n<span style=\"font-size: 15px; color: #993300;\">Ta artikel prodajamo samo starej\u0161im od 18 let!<\/span><\/p>\n<p><span class=\"HwtZe\" lang=\"sl\" style=\"font-size: 15px; color: #993300;\"><span class=\"jCAhz ChMk0b\"><span class=\"ryNqvb\"><br \/>\n<span style=\"font-size: 11px;\">Opozorilo!<\/span><br \/>\n<span style=\"font-size: 11px;\">\u25ba Artikel je namenjen samo dekorativni uporabi oziroma osebnemu treningu borilnih ve\u0161\u010din.<\/span><br \/>\n<span style=\"font-size: 11px;\">\u25ba Po prodaji, prodajalec ni ve\u010d odgovoren za nikakr\u0161ne po\u0161kodbe, ki se lahko zgodijo zaradi napa\u010dne uporabe ali zanemarjanja teh opozoril. Novi lastnik prevzema popolno odgovornost za skrb in uporabo tega artikla.<\/span><br \/>\n<span style=\"font-size: 11px;\">\u25ba Vsakr\u0161na napa\u010dna uporaba ali nepazljivost lahko vam ali drugemu povzro\u010di resne po\u0161kodbe ali celo smrt!<\/span><br \/>\n<span style=\"font-size: 11px;\">\u25ba Ta artikel se v nobenem primeru ne sme uporabljati na drugi osebi!<\/span><\/span><\/span><\/span><\/p>\n<p><span style=\"font-size: 15px; color: #993300;\">\u00a0<\/span><\/p>\n","protected":false},"excerpt":{"rendered":"<p><span style=\"color: #003366;\"><strong>Izredno dobro uravnote\u017een metalni no\u017e.<\/strong><\/span><\/p>\n","protected":false},"featured_media":110743,"comment_status":"open","ping_status":"closed","template":"","meta":[],"product_brand":[5610],"product_cat":[1035,1043,1033,1031,1029,1037,1039,1041,847,5369,5376,5374],"product_tag":[],"class_list":{"0":"post-110746","1":"product","2":"type-product","3":"status-publish","4":"has-post-thumbnail","6":"product_brand-haller","7":"product_cat-aikido-kendo-iai-kobudo-1","8":"product_cat-boks-kickbox-tajski-boks-mma","9":"product_cat-ju-jitsujiu-jitsu-1","10":"product_cat-judo-1","11":"product_cat-karate-5","12":"product_cat-ninjutsu-3","13":"product_cat-taekwondo-3","14":"product_cat-tai-chi-kunf-fu-wu-shu-1","15":"product_cat-ninja-1","16":"product_cat-metalni-nozi","17":"product_cat-haller-2","18":"product_cat-haller-sl","20":"first","21":"instock","22":"taxable","23":"shipping-taxable","24":"purchasable","25":"product-type-simple"},"_links":{"self":[{"href":"https:\/\/www.budoshop.si\/sl\/wp-json\/wp\/v2\/product\/110746","targetHints":{"allow":["GET"]}}],"collection":[{"href":"https:\/\/www.budoshop.si\/sl\/wp-json\/wp\/v2\/product"}],"about":[{"href":"https:\/\/www.budoshop.si\/sl\/wp-json\/wp\/v2\/types\/product"}],"replies":[{"embeddable":true,"href":"https:\/\/www.budoshop.si\/sl\/wp-json\/wp\/v2\/comments?post=110746"}],"wp:featuredmedia":[{"embeddable":true,"href":"https:\/\/www.budoshop.si\/sl\/wp-json\/wp\/v2\/media\/110743"}],"wp:attachment":[{"href":"https:\/\/www.budoshop.si\/sl\/wp-json\/wp\/v2\/media?parent=110746"}],"wp:term":[{"taxonomy":"product_brand","embeddable":true,"href":"https:\/\/www.budoshop.si\/sl\/wp-json\/wp\/v2\/product_brand?post=110746"},{"taxonomy":"product_cat","embeddable":true,"href":"https:\/\/www.budoshop.si\/sl\/wp-json\/wp\/v2\/product_cat?post=110746"},{"taxonomy":"product_tag","embeddable":true,"href":"https:\/\/www.budoshop.si\/sl\/wp-json\/wp\/v2\/product_tag?post=110746"}],"curies":[{"name":"wp","href":"https:\/\/api.w.org\/{rel}","templated":true}]}}