{"id":110740,"date":"2024-04-30T12:53:38","date_gmt":"2024-04-30T10:53:38","guid":{"rendered":"https:\/\/www.budoshop.si\/?post_type=product&#038;p=110740"},"modified":"2026-03-11T08:14:09","modified_gmt":"2026-03-11T07:14:09","slug":"crna-gumirana-trening-sekira-novo","status":"publish","type":"product","link":"https:\/\/www.budoshop.si\/sl\/izdelek\/crna-gumirana-trening-sekira-novo\/","title":{"rendered":"\u010crna gumirana trening sekira"},"content":{"rendered":"<p><span class=\"HwtZe\" lang=\"sl\"><span style=\"font-size: 15px; color: #993300;\"><span class=\"jCAhz ChMk0b\"><span class=\"ryNqvb\">Uporabite Black Rubber Training Axe vadbeno sekiro, da ohranite svoje bojne sposobnosti.<\/span><\/span> <span class=\"jCAhz ChMk0b\"><span class=\"ryNqvb\">Ta sekira je varnej\u0161a za uporabo kot prava sekira in dovolj trpe\u017ena za ve\u010dkratno uporabo.<\/span><\/span> <span class=\"jCAhz ChMk0b\"><span class=\"ryNqvb\">Ta \u010drna sekira, izdelana iz gume in ABS plastike, ima na ro\u010daju grebenast oprijem, zaradi \u010desar je sekiro la\u017eje prijeti.<\/span><\/span> <span class=\"jCAhz ChMk0b\"><span class=\"ryNqvb\">Na sredini plasti\u010dnega dr\u017eala je raz\u0161iljen greben, ki navidezno lo\u010duje ro\u010daj od glave sekire.<\/span><\/span> <span class=\"jCAhz ChMk0b\"><span class=\"ryNqvb\">Gumijasta glava sekire ima enojno rezilo na eni strani in konico na drugi strani.<\/span><\/span> <span class=\"jCAhz ChMk0b\"><span class=\"ryNqvb\">Ker je gumijasta, je ta sekira dovolj mehka, da prepre\u010di verjetnost ve\u010dine telesnih po\u0161kodb.<\/span><\/span> <span class=\"jCAhz ChMk0b\"><span class=\"ryNqvb\">Vendar ima raven trdnosti, ki lahko povzro\u010di po\u0161kodbe obraza ali o\u010di, zato je priporo\u010dljiva za\u0161\u010dita o\u010di in obraza.<\/span><\/span> <span class=\"jCAhz ChMk0b\"><span class=\"ryNqvb\">To gumijasto rezilo je odli\u010dno za solo vadbo, demonstracije in drugo.<\/span><\/span> <\/span><br \/>\n<span style=\"font-size: 15px; color: #993300;\"><span class=\"jCAhz ChMk0b\"><span class=\"ryNqvb\">Ro\u010daj je izdelan iz trde plastike,<\/span><\/span> <span class=\"jCAhz ChMk0b\"><span class=\"ryNqvb\">glava sekire je izdelana iz mehkej\u0161ega gumijastega materiala.<\/span><\/span><\/span><\/span><\/p>\n<p><span class=\"jCAhz ChMk0b\" style=\"font-size: 15px; color: #993300;\"><span class=\"ryNqvb\">Klju\u010dne funkcije:<\/span> <\/span><br \/>\n<span style=\"font-size: 15px; color: #993300;\">&#8211; <span class=\"jCAhz ChMk0b\"><span class=\"ryNqvb\">Vzdr\u017eljiva konstrukcija<\/span><\/span> <\/span><br \/>\n<span style=\"font-size: 15px; color: #993300;\">&#8211; <span class=\"jCAhz ChMk0b\"><span class=\"ryNqvb\">Grebenasti oprijem<\/span><\/span> <\/span><br \/>\n<span style=\"font-size: 15px; color: #993300;\">&#8211; <span class=\"jCAhz ChMk0b\"><span class=\"ryNqvb\">Glava sekire z enim rezilom<\/span><\/span> <\/span><br \/>\n<span style=\"font-size: 15px; color: #993300;\">&#8211; <span class=\"jCAhz ChMk0b\"><span class=\"ryNqvb\">Odli\u010dno za vadbo<\/span><\/span> <\/span><br \/>\n<span style=\"font-size: 15px; color: #993300;\">&#8211; <\/span><span class=\"jCAhz ChMk0b\"><span class=\"ryNqvb\"><span style=\"font-size: 15px; color: #993300;\">\u010cudovito orodje za usposabljanje<\/span><\/span><\/span><\/p>\n<p><span style=\"font-size: 15px; color: #993300;\">Skupna dol\u017eina: 39 cm <\/span><br \/>\n<span style=\"font-size: 15px; color: #993300;\">Vi\u0161ina glave sekire: 10,5 cm <\/span><br \/>\n<span style=\"font-size: 15px; color: #993300;\">\u0160irina glave sekire: 20,5 cm <\/span><br \/>\n<span style=\"font-size: 15px; color: #993300;\">Te\u017ea: 315 g<\/span><\/p>\n","protected":false},"excerpt":{"rendered":"<p><strong><span style=\"color: #003366;\">Varna gumirana trening sekira<\/span><\/strong><\/p>\n","protected":false},"featured_media":110737,"comment_status":"open","ping_status":"closed","template":"","meta":[],"product_brand":[5610],"product_cat":[1035,5374,5376,1033,1031,1029,1037,731,1041],"product_tag":[],"class_list":{"0":"post-110740","1":"product","2":"type-product","3":"status-publish","4":"has-post-thumbnail","6":"product_brand-haller","7":"product_cat-aikido-kendo-iai-kobudo-1","8":"product_cat-haller-sl","9":"product_cat-haller-2","10":"product_cat-ju-jitsujiu-jitsu-1","11":"product_cat-judo-1","12":"product_cat-karate-5","13":"product_cat-ninjutsu-3","14":"product_cat-ostalo-2","15":"product_cat-tai-chi-kunf-fu-wu-shu-1","17":"first","18":"outofstock","19":"taxable","20":"shipping-taxable","21":"purchasable","22":"product-type-simple"},"_links":{"self":[{"href":"https:\/\/www.budoshop.si\/sl\/wp-json\/wp\/v2\/product\/110740","targetHints":{"allow":["GET"]}}],"collection":[{"href":"https:\/\/www.budoshop.si\/sl\/wp-json\/wp\/v2\/product"}],"about":[{"href":"https:\/\/www.budoshop.si\/sl\/wp-json\/wp\/v2\/types\/product"}],"replies":[{"embeddable":true,"href":"https:\/\/www.budoshop.si\/sl\/wp-json\/wp\/v2\/comments?post=110740"}],"wp:featuredmedia":[{"embeddable":true,"href":"https:\/\/www.budoshop.si\/sl\/wp-json\/wp\/v2\/media\/110737"}],"wp:attachment":[{"href":"https:\/\/www.budoshop.si\/sl\/wp-json\/wp\/v2\/media?parent=110740"}],"wp:term":[{"taxonomy":"product_brand","embeddable":true,"href":"https:\/\/www.budoshop.si\/sl\/wp-json\/wp\/v2\/product_brand?post=110740"},{"taxonomy":"product_cat","embeddable":true,"href":"https:\/\/www.budoshop.si\/sl\/wp-json\/wp\/v2\/product_cat?post=110740"},{"taxonomy":"product_tag","embeddable":true,"href":"https:\/\/www.budoshop.si\/sl\/wp-json\/wp\/v2\/product_tag?post=110740"}],"curies":[{"name":"wp","href":"https:\/\/api.w.org\/{rel}","templated":true}]}}