{"id":110568,"date":"2024-04-14T18:40:39","date_gmt":"2024-04-14T16:40:39","guid":{"rendered":"https:\/\/www.budoshop.si\/?post_type=product&#038;p=110568"},"modified":"2026-01-22T13:18:28","modified_gmt":"2026-01-22T12:18:28","slug":"takticno-pisalo-blackfield-black-novo","status":"publish","type":"product","link":"https:\/\/www.budoshop.si\/sl\/izdelek\/takticno-pisalo-blackfield-black-novo\/","title":{"rendered":"Takti\u010dno pisalo &#8221;BlackField BLACK&#8221;"},"content":{"rendered":"<div>\n<p><span style=\"font-size: 15px; color: #993300;\">Takti\u010dno pisalo znamke BlackField\u00a0 kakr\u0161no uporabljajo mnoge specialne policijske in voja\u0161ke enote. Z njim si lahko zapi\u0161ete pomembne informacije ali pa ga uporabite za samoobrambo oziroma re\u0161evanje z razbitjem stekla. Uporablja se lahko tudi kot Kubotan.<\/span><br \/>\n<span style=\"font-size: 15px; color: #993300;\">Trdno in zelo dobro pisalo, ki pi\u0161e zelo gladko.<\/span><br \/>\n<span class=\"HwtZe\" lang=\"sl\" style=\"font-size: 15px; color: #993300;\"><span class=\"jCAhz ChMk0b\"><span class=\"ryNqvb\">Prilo\u017eena je sponka in standardno zamenljivo polnilo.<\/span><\/span> <span class=\"jCAhz ChMk0b\"><span class=\"ryNqvb\">Dostava poteka v darilni \u0161katli.<\/span><\/span> <\/span><br \/>\n<span style=\"font-size: 15px; color: #993300;\">\u010crne barve.<\/span><\/p>\n<p><span style=\"font-size: 15px; color: #993300;\">Specifikacije:<\/span><br \/>\n<span style=\"font-size: 15px; color: #993300;\">Dol\u017eina: cca. 165 mm<\/span><br \/>\n<span style=\"font-size: 15px; color: #993300;\">Te\u017ea: cca.\u00a0 45 g<\/span><\/p>\n<\/div>\n","protected":false},"excerpt":{"rendered":"<p><strong><span style=\"color: #003366;\">BlackField takti\u010dno pisalo \u010drne barve.<\/span><\/strong><\/p>\n","protected":false},"featured_media":110563,"comment_status":"open","ping_status":"closed","template":"","meta":[],"product_brand":[5606],"product_cat":[1035,5379,5378,1043,1033,1031,1029,847,1037,731,1039,1041],"product_tag":[],"class_list":{"0":"post-110568","1":"product","2":"type-product","3":"status-publish","4":"has-post-thumbnail","6":"product_brand-blackfield","7":"product_cat-aikido-kendo-iai-kobudo-1","8":"product_cat-blackfield-2","9":"product_cat-blackfield","10":"product_cat-boks-kickbox-tajski-boks-mma","11":"product_cat-ju-jitsujiu-jitsu-1","12":"product_cat-judo-1","13":"product_cat-karate-5","14":"product_cat-ninja-1","15":"product_cat-ninjutsu-3","16":"product_cat-ostalo-2","17":"product_cat-taekwondo-3","18":"product_cat-tai-chi-kunf-fu-wu-shu-1","20":"first","21":"instock","22":"taxable","23":"shipping-taxable","24":"purchasable","25":"product-type-simple"},"_links":{"self":[{"href":"https:\/\/www.budoshop.si\/sl\/wp-json\/wp\/v2\/product\/110568","targetHints":{"allow":["GET"]}}],"collection":[{"href":"https:\/\/www.budoshop.si\/sl\/wp-json\/wp\/v2\/product"}],"about":[{"href":"https:\/\/www.budoshop.si\/sl\/wp-json\/wp\/v2\/types\/product"}],"replies":[{"embeddable":true,"href":"https:\/\/www.budoshop.si\/sl\/wp-json\/wp\/v2\/comments?post=110568"}],"wp:featuredmedia":[{"embeddable":true,"href":"https:\/\/www.budoshop.si\/sl\/wp-json\/wp\/v2\/media\/110563"}],"wp:attachment":[{"href":"https:\/\/www.budoshop.si\/sl\/wp-json\/wp\/v2\/media?parent=110568"}],"wp:term":[{"taxonomy":"product_brand","embeddable":true,"href":"https:\/\/www.budoshop.si\/sl\/wp-json\/wp\/v2\/product_brand?post=110568"},{"taxonomy":"product_cat","embeddable":true,"href":"https:\/\/www.budoshop.si\/sl\/wp-json\/wp\/v2\/product_cat?post=110568"},{"taxonomy":"product_tag","embeddable":true,"href":"https:\/\/www.budoshop.si\/sl\/wp-json\/wp\/v2\/product_tag?post=110568"}],"curies":[{"name":"wp","href":"https:\/\/api.w.org\/{rel}","templated":true}]}}