{"id":110560,"date":"2024-04-14T18:13:22","date_gmt":"2024-04-14T16:13:22","guid":{"rendered":"https:\/\/www.budoshop.si\/?post_type=product&#038;p=110560"},"modified":"2026-03-26T09:52:36","modified_gmt":"2026-03-26T08:52:36","slug":"kubotan-obesek-za-samoobrambo-profi-novo","status":"publish","type":"product","link":"https:\/\/www.budoshop.si\/sl\/izdelek\/kubotan-obesek-za-samoobrambo-profi-novo\/","title":{"rendered":"Kubotan obesek za samoobrambo &#8221;PROFI&#8221;"},"content":{"rendered":"<div>\n<p><span style=\"font-size: 15px; color: #993300;\">Kubotan je u\u010dinkovit samoobramben pripomo\u010dek, ki lahko hitro onesposobi napadalca. Izredno priljubljen je med mnogimi entuziasti borilnih ve\u0161\u010din. Uporablja se ga lahko za oja\u010danje svoje pesti, pritiske na ob\u010dutljive to\u010dke ali izvajanje vzvodov na nasprotnikovih prstih ali zapestju.<\/span><\/p>\n<p><span style=\"font-size: 15px; color: #993300;\">Ta profesionalni model ima oja\u010dan koni\u010dast vrh s katerim se lahko npr. razbije tudi avtomobilsko steklo in \u0161tiri gladke utore za prste. Vklju\u010dena je tudi rinka za obe\u0161anje klju\u010dev ali zatik palca.<\/span><\/p>\n<p><span style=\"font-size: 15px; color: #993300;\">Kubotan ima multifunkcijsko uporabo in je primeren za vsakogar. \u010crne barve.<br \/>\n<\/span><\/p>\n<p><span style=\"font-size: 15px; color: #993300;\">Dol\u017eina: cca. 1 4cm<br \/>\nTe\u017ea: cca. 60 g<br \/>\n<\/span><\/p>\n<p><span style=\"font-size: 15px; color: #993300;\">Obesite svoj Kubotan na svoje klju\u010de in tako vedno imejte s seboj svoje samo-obrambno oro\u017eje!<\/span><\/p>\n<\/div>\n","protected":false},"excerpt":{"rendered":"<p><span style=\"color: #003366;\"><strong>Kubotan samo-obrambni obesek z oja\u010dano konico.<\/strong><\/span><\/p>\n","protected":false},"featured_media":110558,"comment_status":"open","ping_status":"closed","template":"","meta":[],"product_brand":[5610],"product_cat":[1035,5379,5378,1043,1033,1031,1029,847,1037,731,1039,1041],"product_tag":[],"class_list":{"0":"post-110560","1":"product","2":"type-product","3":"status-publish","4":"has-post-thumbnail","6":"product_brand-haller","7":"product_cat-aikido-kendo-iai-kobudo-1","8":"product_cat-blackfield-2","9":"product_cat-blackfield","10":"product_cat-boks-kickbox-tajski-boks-mma","11":"product_cat-ju-jitsujiu-jitsu-1","12":"product_cat-judo-1","13":"product_cat-karate-5","14":"product_cat-ninja-1","15":"product_cat-ninjutsu-3","16":"product_cat-ostalo-2","17":"product_cat-taekwondo-3","18":"product_cat-tai-chi-kunf-fu-wu-shu-1","20":"first","21":"instock","22":"taxable","23":"shipping-taxable","24":"purchasable","25":"product-type-simple"},"_links":{"self":[{"href":"https:\/\/www.budoshop.si\/sl\/wp-json\/wp\/v2\/product\/110560","targetHints":{"allow":["GET"]}}],"collection":[{"href":"https:\/\/www.budoshop.si\/sl\/wp-json\/wp\/v2\/product"}],"about":[{"href":"https:\/\/www.budoshop.si\/sl\/wp-json\/wp\/v2\/types\/product"}],"replies":[{"embeddable":true,"href":"https:\/\/www.budoshop.si\/sl\/wp-json\/wp\/v2\/comments?post=110560"}],"wp:featuredmedia":[{"embeddable":true,"href":"https:\/\/www.budoshop.si\/sl\/wp-json\/wp\/v2\/media\/110558"}],"wp:attachment":[{"href":"https:\/\/www.budoshop.si\/sl\/wp-json\/wp\/v2\/media?parent=110560"}],"wp:term":[{"taxonomy":"product_brand","embeddable":true,"href":"https:\/\/www.budoshop.si\/sl\/wp-json\/wp\/v2\/product_brand?post=110560"},{"taxonomy":"product_cat","embeddable":true,"href":"https:\/\/www.budoshop.si\/sl\/wp-json\/wp\/v2\/product_cat?post=110560"},{"taxonomy":"product_tag","embeddable":true,"href":"https:\/\/www.budoshop.si\/sl\/wp-json\/wp\/v2\/product_tag?post=110560"}],"curies":[{"name":"wp","href":"https:\/\/api.w.org\/{rel}","templated":true}]}}