{"id":110551,"date":"2024-04-12T20:48:59","date_gmt":"2024-04-12T18:48:59","guid":{"rendered":"https:\/\/www.budoshop.si\/?post_type=product&#038;p=110551"},"modified":"2026-01-22T13:14:58","modified_gmt":"2026-01-22T12:14:58","slug":"gumijasta-ninja-metalna-shuriken-zvezda-novo","status":"publish","type":"product","link":"https:\/\/www.budoshop.si\/sl\/izdelek\/gumijasta-ninja-metalna-shuriken-zvezda-novo\/","title":{"rendered":"Gumijasta Ninja metalna Shuriken zvezda"},"content":{"rendered":"<p><span style=\"font-size: 15px; color: #993300;\">Fleksibiln<span class=\"HwtZe\" lang=\"sl\"><span class=\"jCAhz ChMk0b\"><span class=\"ryNqvb\">i gumijaste metalne Shuriken zvezde so kot nala\u0161\u010d za vadbo ali cosplay.<br \/>\n<\/span><\/span><span class=\"jCAhz ChMk0b\"><span class=\"ryNqvb\">Novi modeli Shurikenov so zasnovani tako, da nadomestijo klasi\u010dne kovinske \u0161urikene za varnej\u0161o vadbo.<br \/>\n<\/span><\/span><span class=\"jCAhz ChMk0b\"><span class=\"ryNqvb\">Te\u017ea in ravnote\u017eje sta odli\u010dna za vadbo metanja.<\/span><\/span><\/span><\/span><\/p>\n<p><span style=\"font-size: 15px; color: #993300;\">Material: guma<\/span><br \/>\n<span style=\"font-size: 15px; color: #993300;\">Premer: 12 cm<\/span><br \/>\n<span style=\"font-size: 15px; color: #993300;\">Te\u017ea: 20 g<\/span><\/p>\n","protected":false},"excerpt":{"rendered":"<p><span style=\"color: #003366;\"><strong>Gumijasta Ninja Shuriken metalna zvezda.<\/strong><\/span><\/p>\n","protected":false},"featured_media":110550,"comment_status":"open","ping_status":"closed","template":"","meta":[],"product_brand":[5610],"product_cat":[5374,5376,5369,847,1037,731],"product_tag":[],"class_list":{"0":"post-110551","1":"product","2":"type-product","3":"status-publish","4":"has-post-thumbnail","6":"product_brand-haller","7":"product_cat-haller-sl","8":"product_cat-haller-2","9":"product_cat-metalni-nozi","10":"product_cat-ninja-1","11":"product_cat-ninjutsu-3","12":"product_cat-ostalo-2","14":"first","15":"instock","16":"taxable","17":"shipping-taxable","18":"purchasable","19":"product-type-simple"},"_links":{"self":[{"href":"https:\/\/www.budoshop.si\/sl\/wp-json\/wp\/v2\/product\/110551","targetHints":{"allow":["GET"]}}],"collection":[{"href":"https:\/\/www.budoshop.si\/sl\/wp-json\/wp\/v2\/product"}],"about":[{"href":"https:\/\/www.budoshop.si\/sl\/wp-json\/wp\/v2\/types\/product"}],"replies":[{"embeddable":true,"href":"https:\/\/www.budoshop.si\/sl\/wp-json\/wp\/v2\/comments?post=110551"}],"wp:featuredmedia":[{"embeddable":true,"href":"https:\/\/www.budoshop.si\/sl\/wp-json\/wp\/v2\/media\/110550"}],"wp:attachment":[{"href":"https:\/\/www.budoshop.si\/sl\/wp-json\/wp\/v2\/media?parent=110551"}],"wp:term":[{"taxonomy":"product_brand","embeddable":true,"href":"https:\/\/www.budoshop.si\/sl\/wp-json\/wp\/v2\/product_brand?post=110551"},{"taxonomy":"product_cat","embeddable":true,"href":"https:\/\/www.budoshop.si\/sl\/wp-json\/wp\/v2\/product_cat?post=110551"},{"taxonomy":"product_tag","embeddable":true,"href":"https:\/\/www.budoshop.si\/sl\/wp-json\/wp\/v2\/product_tag?post=110551"}],"curies":[{"name":"wp","href":"https:\/\/api.w.org\/{rel}","templated":true}]}}