{"id":110482,"date":"2024-04-10T18:02:29","date_gmt":"2024-04-10T16:02:29","guid":{"rendered":"https:\/\/www.budoshop.si\/?post_type=product&#038;p=110482"},"modified":"2026-01-22T12:48:41","modified_gmt":"2026-01-22T11:48:41","slug":"katana-tatsu-novo","status":"publish","type":"product","link":"https:\/\/www.budoshop.si\/sl\/izdelek\/katana-tatsu-novo\/","title":{"rendered":"Katana &#8221;TATSU&#8221;"},"content":{"rendered":"<p><span class=\"HwtZe\" lang=\"sl\" style=\"font-size: 15px; color: #993300;\"><span class=\"jCAhz ChMk0b\"><span class=\"ryNqvb\">\u0160e dandanes ima zmaj na Japonskem pomembno vlogo, pa ne le pri praznovanju novega leta.<\/span><\/span> <span class=\"jCAhz ChMk0b\"><span class=\"ryNqvb\">V nasprotju z zahodnim misticizmom je zmaj na Japonskem misti\u010dno bitje, ki naj bi ljudem prina\u0161alo sre\u010do.<\/span><\/span><br \/>\n<span class=\"jCAhz ChMk0b\"><span class=\"ryNqvb\">Katana Tatsu ima ro\u010dno kovano rezilo iz 1045 Carbon Steel ogljikovega jekla s finim Hamon-om in je tradicionalno kaljeno.<\/span><\/span> <span class=\"jCAhz ChMk0b\"><span class=\"ryNqvb\">Tsuba tega izjemnega me\u010da ima zmaja (Tatsu), ki obdaja me\u010d.<\/span><\/span> <span class=\"jCAhz ChMk0b\"><span class=\"ryNqvb\">Ostro rezilo ima Bo-hi (utor), ki zmanj\u0161anje skupno te\u017eo in pri zamahu proizvaja karakteristi\u010den zvok.<\/span><\/span> T<span class=\"jCAhz ChMk0b\"><span class=\"ryNqvb\">suka (ro\u010daj) je izdelan iz lesa, prevle\u010den s pravo ribjo ko\u017eo in je povit na<\/span><\/span><span class=\"jCAhz ChMk0b\"><span class=\"ryNqvb\"> tradicionalen Hineri Maki na\u010din s \u010drnim bomba\u017enim Tsuka-ito-m.<\/span><\/span> Tsuka je na rezilo<span class=\"jCAhz ChMk0b\"><span class=\"ryNqvb\"> pritrjena z dvema bambusovima Mekugi \u010depoma.<\/span><\/span> Saya (n<span class=\"jCAhz ChMk0b\"><span class=\"ryNqvb\">o\u017enica) je izdelane iz lesa, Habaki pa iz medenine.<\/span><\/span><br \/>\n<span class=\"jCAhz ChMk0b\"><span class=\"ryNqvb\">Ta Katana Tatsu je bila narejena po izvirnih muzejskih me\u010dih in so zanjo uporabljeni najbolj\u0161i materiali.<\/span><\/span><br \/>\n<\/span><\/p>\n<p><span class=\"HwtZe\" lang=\"sl\" style=\"font-size: 15px; color: #993300;\"><span class=\"jCAhz ChMk0b\"><span class=\"ryNqvb\">Me\u010d se nahaja v bomba\u017eni prenosni torbi in se dobavlja skupaj z John Lee certifikatom o poreklu v kvalitetni leseni \u0161katli.<\/span><\/span><br \/>\nKer je Katana Tatsu me\u010d izdelan ro\u010dno, se vsak model rahlo razlikuje od drugega, zato so v<span class=\"jCAhz ChMk0b\"><span class=\"ryNqvb\">se mere pribli\u017ene.<\/span><\/span><\/span><\/p>\n<p><span style=\"font-size: 15px; color: #993300;\">Detajli:<\/span><br \/>\n<span style=\"font-size: 15px; color: #993300;\">Jeklo: 1045 Carbon Steel<\/span><br \/>\n<span style=\"font-size: 15px; color: #993300;\">NAGASA (dol\u017eina rezila): 72 cm, 74 cm s Habaki-jem<\/span><br \/>\n<span style=\"font-size: 15px; color: #993300;\">HAMON (motiv ostrine): Notare<\/span><br \/>\n<span style=\"font-size: 15px; color: #993300;\">SORI (ukrivljenost): 2,00 cm <\/span><br \/>\n<span style=\"font-size: 15px; color: #993300;\">TSUKA (ro\u010daj): 31 cm<\/span><br \/>\n<span style=\"font-size: 15px; color: #993300;\">TSUKA ITO (navitje ro\u010daja): \u010drn bomba\u017e<\/span><br \/>\n<span style=\"font-size: 15px; color: #993300;\">SAME (podloga ro\u010daja): pravo ribje usnje<\/span><br \/>\n<span style=\"font-size: 15px; color: #993300;\">TSUBA (\u0161\u010ditnik): Shin no Marugata<\/span><br \/>\n<span style=\"font-size: 15px; color: #993300;\">BOHI (\u017eleb v rezilu): DA<\/span><br \/>\n<span style=\"font-size: 15px; color: #993300;\">SAYA (no\u017enica): 78 cm \u010drno barvan lakiran les<\/span><br \/>\n<span style=\"font-size: 15px; color: #993300;\">SAGEO (vrvica): \u010drn bomba\u017e<\/span><br \/>\n<span style=\"font-size: 15px; color: #993300;\">MEKUGI (zati\u010d): bambusov 2X <\/span><br \/>\n<span style=\"font-size: 15px; color: #993300;\">Te\u017ea: cca. 1.390 g (s Sayo), 1.000 g (brez Saye)<\/span><\/p>\n<p>&nbsp;<\/p>\n<p><span style=\"font-size: 15px; color: #993300;\">TA ARTIKEL PRODAJAMO SAMO POLNOLETNIM OSEBAM!!!<\/span><\/p>\n<p><span style=\"font-size: 11px; color: #993300;\">Opozorilo!<\/span><br \/>\n<span style=\"font-size: 11px; color: #993300;\">\u25ba Artikel je namenjen samo dekorativni uporabi oziroma osebnemu treningu borilnih ve\u0161\u010din.<\/span><br \/>\n<span style=\"font-size: 11px; color: #993300;\">\u25ba Po prodaji, prodajalec ni ve\u010d odgovoren za nikakr\u0161ne po\u0161kodbe, ki se lahko zgodijo zaradi napa\u010dne uporabe ali zanemarjanja teh opozoril. Novi lastnik prevzema popolno odgovornost za skrb in uporabo tega artikla.<\/span><br \/>\n<span style=\"font-size: 11px; color: #993300;\">\u25ba Vsakr\u0161na napa\u010dna uporaba ali nepazljivost lahko vam ali drugemu povzro\u010di resne po\u0161kodbe ali celo smrt!<\/span><br \/>\n<span style=\"font-size: 11px; color: #993300;\">\u25ba Ta artikel se v nobenem primeru ne sme uporabljati na drugi osebi!<\/span><\/p>\n<p><span class=\"HwtZe\" lang=\"sl\">\u00a0<\/span><\/p>\n","protected":false},"excerpt":{"rendered":"<p><span style=\"color: #003366;\"><strong>Ro\u010dno kovana ostra John Lee Katana z motivom zmaja.<\/strong><\/span><\/p>\n","protected":false},"featured_media":110476,"comment_status":"open","ping_status":"closed","template":"","meta":[],"product_brand":[5611],"product_cat":[1035,5377,5375,1037,5384],"product_tag":[],"class_list":{"0":"post-110482","1":"product","2":"type-product","3":"status-publish","4":"has-post-thumbnail","6":"product_brand-john-lee","7":"product_cat-aikido-kendo-iai-kobudo-1","8":"product_cat-john-lee-2","9":"product_cat-john-lee-sl","10":"product_cat-ninjutsu-3","11":"product_cat-shinken-trening-katana-meci","13":"first","14":"outofstock","15":"taxable","16":"shipping-taxable","17":"purchasable","18":"product-type-simple"},"_links":{"self":[{"href":"https:\/\/www.budoshop.si\/sl\/wp-json\/wp\/v2\/product\/110482","targetHints":{"allow":["GET"]}}],"collection":[{"href":"https:\/\/www.budoshop.si\/sl\/wp-json\/wp\/v2\/product"}],"about":[{"href":"https:\/\/www.budoshop.si\/sl\/wp-json\/wp\/v2\/types\/product"}],"replies":[{"embeddable":true,"href":"https:\/\/www.budoshop.si\/sl\/wp-json\/wp\/v2\/comments?post=110482"}],"wp:featuredmedia":[{"embeddable":true,"href":"https:\/\/www.budoshop.si\/sl\/wp-json\/wp\/v2\/media\/110476"}],"wp:attachment":[{"href":"https:\/\/www.budoshop.si\/sl\/wp-json\/wp\/v2\/media?parent=110482"}],"wp:term":[{"taxonomy":"product_brand","embeddable":true,"href":"https:\/\/www.budoshop.si\/sl\/wp-json\/wp\/v2\/product_brand?post=110482"},{"taxonomy":"product_cat","embeddable":true,"href":"https:\/\/www.budoshop.si\/sl\/wp-json\/wp\/v2\/product_cat?post=110482"},{"taxonomy":"product_tag","embeddable":true,"href":"https:\/\/www.budoshop.si\/sl\/wp-json\/wp\/v2\/product_tag?post=110482"}],"curies":[{"name":"wp","href":"https:\/\/api.w.org\/{rel}","templated":true}]}}