{"id":110456,"date":"2024-04-10T17:13:06","date_gmt":"2024-04-10T15:13:06","guid":{"rendered":"https:\/\/www.budoshop.si\/?post_type=product&#038;p=110456"},"modified":"2026-01-22T12:46:02","modified_gmt":"2026-01-22T11:46:02","slug":"katana-cheeba-novo","status":"publish","type":"product","link":"https:\/\/www.budoshop.si\/sl\/izdelek\/katana-cheeba-novo\/","title":{"rendered":"Katana &#8221;CHEEBA&#8221;"},"content":{"rendered":"<p><span class=\"HwtZe\" lang=\"sl\" style=\"font-size: 15px; color: #993300;\"><span class=\"jCAhz ChMk0b\"><span class=\"ryNqvb\">Katana Cheeba je tradicionalni dolg samurajski katana me\u010d z neostrim jeklenim rezilom.<\/span><\/span> <span class=\"jCAhz ChMk0b\"><span class=\"ryNqvb\">Me\u010d je primeren za lahkotno vadbo me\u010devanja, kot tudi okrasni predmet.<\/span><\/span><br \/>\n<span class=\"jCAhz ChMk0b\"><span class=\"ryNqvb\">Ta Katana me\u010d ima trden ro\u010daj v klasi\u010dnem Hineri Maki ovitjem ro\u010daja z oran\u017enim bomba\u017enim Tsuka-ito.<\/span><\/span> <span class=\"jCAhz ChMk0b\"><span class=\"ryNqvb\">Saya (no\u017enica) v \u010drni barvi z oran\u017eno Sageo vrvico atraktivnim barvnim motivom, je narejena iz lesa in laminirana, kar omogo\u010da ne\u0161teto izvlekov in vra\u010danj me\u010da, brez znatne obrabe ali zloma.<\/span><\/span><br \/>\n<span class=\"jCAhz ChMk0b\"><span class=\"ryNqvb\">Ta me\u010d je natan\u010dna replika pristne kovane katane z visoko kakovostnim rezilom iz nerjave\u010dega jekla dol\u017eine 69 cm, ki omogo\u010da dobro in varno vadbo izvleka me\u010da (Iai) ter tehnike sparinga (Ken Jutsu).<\/span><\/span><\/span><\/p>\n<p>&nbsp;<\/p>\n<div>\n<p><span style=\"font-size: 15px; color: #993300;\">Detajli: <\/span><br \/>\n<span style=\"font-size: 15px; color: #993300;\">Kovina: Carbon Steel<\/span><br \/>\n<span style=\"font-size: 15px; color: #993300;\">NAGASA (dol\u017eina rezila): 69 cm, 72 cm s Habaki-jem <\/span><br \/>\n<span style=\"font-size: 15px; color: #993300;\">HAMON (motiv ostrine): da<\/span><br \/>\n<span style=\"font-size: 15px; color: #993300;\">SORI (ukrivljenost): 2,00 cm <\/span><br \/>\n<span style=\"font-size: 15px; color: #993300;\">TSUKA (ro\u010daj): 28 cm <\/span><br \/>\n<span style=\"font-size: 15px; color: #993300;\">TSUKA ITO (navitje ro\u010daja): rde\u010d bomba\u017e<\/span><br \/>\n<span style=\"font-size: 15px; color: #993300;\">SAME (podloga ro\u010daja): sinteti\u010dno <\/span><br \/>\n<span style=\"font-size: 15px; color: #993300;\">BOHI (\u017eleb v rezilo): da<\/span><br \/>\n<span style=\"font-size: 15px; color: #993300;\">SAYA (no\u017enica): lesena 75 cm<\/span><br \/>\n<span style=\"font-size: 15px; color: #993300;\">SAGEO (vrvica): rde\u010d bomba\u017e<\/span><br \/>\n<span style=\"font-size: 15px; color: #993300;\">MEKUGI (zati\u010d): ne<\/span><br \/>\n<span style=\"font-size: 15px; color: #993300;\">Te\u017ea: cca. 930 g (s Sayo), 7000 g (brez Saye)<\/span><\/p>\n<p><span style=\"font-size: 15px; color: #993300;\">TA ARTIKEL PRODAJAMO SAMO POLNOLETNIM OSEBAM!!!<\/span><\/p>\n<\/div>\n<div><\/div>\n<div><\/div>\n<div><\/div>\n<div><span style=\"font-size: 11px; color: #993300;\">Opozorilo!<\/span><br \/>\n<span style=\"font-size: 11px; color: #993300;\">\u25ba Artikel je namenjen samo dekorativni uporabi oziroma osebnemu treningu borilnih ve\u0161\u010din.<\/span><br \/>\n<span style=\"font-size: 11px; color: #993300;\">\u25ba Po prodaji, prodajalec ni ve\u010d odgovoren za nikakr\u0161ne po\u0161kodbe, ki se lahko zgodijo zaradi napa\u010dne uporabe ali zanemarjanja teh opozoril. Novi lastnik prevzema popolno odgovornost za skrb in uporabo tega artikla.<\/span><br \/>\n<span style=\"font-size: 11px; color: #993300;\">\u25ba Vsakr\u0161na napa\u010dna uporaba ali nepazljivost lahko vam ali drugemu povzro\u010di resne po\u0161kodbe ali celo smrt!<\/span><br \/>\n<span style=\"font-size: 11px; color: #993300;\">\u25ba Ta artikel se v nobenem primeru ne sme uporabljati na drugi osebi!<\/span><\/div>\n","protected":false},"excerpt":{"rendered":"<p><span style=\"color: #003366;\"><strong>Dolg Katana me\u010d z orna\u017enim povojem ro\u010daja in motivom na no\u017enici.<\/strong><\/span><\/p>\n","protected":false},"featured_media":110450,"comment_status":"open","ping_status":"closed","template":"","meta":[],"product_brand":[5610],"product_cat":[5382,1035,1037,853,5376,5374],"product_tag":[],"class_list":{"0":"post-110456","1":"product","2":"type-product","3":"status-publish","4":"has-post-thumbnail","6":"product_brand-haller","7":"product_cat-dekorativni-katana-meci","8":"product_cat-aikido-kendo-iai-kobudo-1","9":"product_cat-ninjutsu-3","10":"product_cat-kovinski-katana","11":"product_cat-haller-2","12":"product_cat-haller-sl","14":"first","15":"instock","16":"taxable","17":"shipping-taxable","18":"purchasable","19":"product-type-simple"},"_links":{"self":[{"href":"https:\/\/www.budoshop.si\/sl\/wp-json\/wp\/v2\/product\/110456","targetHints":{"allow":["GET"]}}],"collection":[{"href":"https:\/\/www.budoshop.si\/sl\/wp-json\/wp\/v2\/product"}],"about":[{"href":"https:\/\/www.budoshop.si\/sl\/wp-json\/wp\/v2\/types\/product"}],"replies":[{"embeddable":true,"href":"https:\/\/www.budoshop.si\/sl\/wp-json\/wp\/v2\/comments?post=110456"}],"wp:featuredmedia":[{"embeddable":true,"href":"https:\/\/www.budoshop.si\/sl\/wp-json\/wp\/v2\/media\/110450"}],"wp:attachment":[{"href":"https:\/\/www.budoshop.si\/sl\/wp-json\/wp\/v2\/media?parent=110456"}],"wp:term":[{"taxonomy":"product_brand","embeddable":true,"href":"https:\/\/www.budoshop.si\/sl\/wp-json\/wp\/v2\/product_brand?post=110456"},{"taxonomy":"product_cat","embeddable":true,"href":"https:\/\/www.budoshop.si\/sl\/wp-json\/wp\/v2\/product_cat?post=110456"},{"taxonomy":"product_tag","embeddable":true,"href":"https:\/\/www.budoshop.si\/sl\/wp-json\/wp\/v2\/product_tag?post=110456"}],"curies":[{"name":"wp","href":"https:\/\/api.w.org\/{rel}","templated":true}]}}