{"id":110435,"date":"2024-04-10T11:57:31","date_gmt":"2024-04-10T09:57:31","guid":{"rendered":"https:\/\/www.budoshop.si\/?post_type=product&#038;p=110435"},"modified":"2026-01-22T12:44:16","modified_gmt":"2026-01-22T11:44:16","slug":"katana-last-samurai-novo","status":"publish","type":"product","link":"https:\/\/www.budoshop.si\/sl\/izdelek\/katana-last-samurai-novo\/","title":{"rendered":"Katana &#8221;LAST SAMURAI&#8221;"},"content":{"rendered":"<p><span class=\"HwtZe\" lang=\"sl\" style=\"font-size: 15px; color: #993300;\"><span class=\"jCAhz ChMk0b\"><span class=\"ryNqvb\">Tradicionalni samurajski dolgi me\u010d z neostrim jeklenim rezilom.<\/span><\/span> <span class=\"jCAhz ChMk0b\"><span class=\"ryNqvb\">Ro\u010daj in no\u017enica v \u010drni barvi.<\/span><\/span> <span class=\"jCAhz ChMk0b\"><span class=\"ryNqvb\">Tsuba (stra\u017ea) je \u010drna in okrogla s pozla\u010denim dizajnom samuraja (Bushi).<\/span><\/span> <span class=\"jCAhz ChMk0b\"><span class=\"ryNqvb\">Rezilo je izdelano iz kakovostnega nerjave\u010dega jekla z vgraviranimi japonskimi znaki Kanji in dobro uravnote\u017eeno.<\/span><\/span> <span class=\"jCAhz ChMk0b\"><span class=\"ryNqvb\">Japonska gravura tudi na no\u017enici Saya.<br \/>\nMe\u010d je primeren tako za dekoracijo prostora kot tudi za la\u017eji trening.<\/span><\/span><\/span><\/p>\n<p>&nbsp;<\/p>\n<div>\n<p><span style=\"font-size: 15px; color: #993300;\">Detajli:<\/span><br \/>\n<span style=\"font-size: 15px; color: #993300;\">Kovina: Stainless Steel<\/span><br \/>\n<span style=\"font-size: 15px; color: #993300;\">NAGASA (dol\u017eina rezila): 68 cm, 70 cm s Habaki-jem<\/span><br \/>\n<span style=\"font-size: 15px; color: #993300;\">HAMON (motiv ostrine): Da<\/span><br \/>\n<span style=\"font-size: 15px; color: #993300;\">SORI (ukrivljenost rezila): 2,00 cm<\/span><br \/>\n<span style=\"font-size: 15px; color: #993300;\">TSUKA (ro\u010daj): 30 cm<\/span><br \/>\n<span style=\"font-size: 15px; color: #993300;\">TSUKA ITO (navitje ro\u010daja): \u010drn bomba\u017e<\/span><br \/>\n<span style=\"font-size: 15px; color: #993300;\">SAME (podloga ro\u010daja): sinteti\u010dna<\/span><br \/>\n<span style=\"font-size: 15px; color: #993300;\">TSUBA (ro\u010daj): pozla\u010den<\/span><br \/>\n<span style=\"font-size: 15px; color: #993300;\">BOHI (\u017eleb v rezilu): NE<\/span><br \/>\n<span style=\"font-size: 15px; color: #993300;\">SAYA (no\u017enica): 75 cm \u010drno lakiran les<\/span><br \/>\n<span style=\"font-size: 15px; color: #993300;\">SAGEO (vrvica): \u010drn bomba\u017e<\/span><br \/>\n<span style=\"font-size: 15px; color: #993300;\">MEKUGI (zati\u010d): ne<\/span><br \/>\n<span style=\"font-size: 15px; color: #993300;\">Te\u017ea: cca. 950 g (s Sayo), 740 g (brez Saye)<\/span><br \/>\n<span style=\"font-size: 15px; color: #993300;\"><strong><br \/>\n<\/strong><\/span><\/p>\n<p><span style=\"font-size: 15px; color: #993300;\">TA ARTIKEL PRODAJAMO SAMO POLNOLETNIM OSEBAM!!!<\/span><\/p>\n<\/div>\n<div><\/div>\n<div><\/div>\n<div><span style=\"font-size: 11px; color: #993300;\">Opozorilo!<\/span><br \/>\n<span style=\"font-size: 11px; color: #993300;\">\u25ba Artikel je namenjen samo dekorativni uporabi oziroma osebnemu treningu borilnih ve\u0161\u010din.<\/span><br \/>\n<span style=\"font-size: 11px; color: #993300;\">\u25ba Po prodaji, prodajalec ni ve\u010d odgovoren za nikakr\u0161ne po\u0161kodbe, ki se lahko zgodijo zaradi napa\u010dne uporabe ali zanemarjanja teh opozoril. Novi lastnik prevzema popolno odgovornost za skrb in uporabo tega artikla.<\/span><br \/>\n<span style=\"font-size: 11px; color: #993300;\">\u25ba Vsakr\u0161na napa\u010dna uporaba ali nepazljivost lahko vam ali drugemu povzro\u010di resne po\u0161kodbe ali celo smrt!<\/span><br \/>\n<span style=\"font-size: 11px; color: #993300;\">\u25ba Ta artikel se v nobenem primeru ne sme uporabljati na drugi osebi!<\/span><\/div>\n<p><span class=\"HwtZe\" lang=\"sl\"><span class=\"jCAhz ChMk0b\"><span class=\"ryNqvb\">\u00a0<\/span><\/span><\/span><\/p>\n","protected":false},"excerpt":{"rendered":"<p><span style=\"color: #003366;\"><strong><span class=\"HwtZe\" lang=\"sl\"><span class=\"jCAhz ChMk0b\"><span class=\"ryNqvb\">Dolg me\u010d Katana z japonskimi gravurami na rezilu in no\u017enici<\/span><\/span><\/span>.<\/strong><\/span><\/p>\n","protected":false},"featured_media":110430,"comment_status":"open","ping_status":"closed","template":"","meta":[],"product_brand":[5610],"product_cat":[1035,5382,5374,5376,5383,1037],"product_tag":[],"class_list":{"0":"post-110435","1":"product","2":"type-product","3":"status-publish","4":"has-post-thumbnail","6":"product_brand-haller","7":"product_cat-aikido-kendo-iai-kobudo-1","8":"product_cat-dekorativni-katana-meci","9":"product_cat-haller-sl","10":"product_cat-haller-2","11":"product_cat-iaito-trening-katana-meci","12":"product_cat-ninjutsu-3","14":"first","15":"instock","16":"taxable","17":"shipping-taxable","18":"purchasable","19":"product-type-simple"},"_links":{"self":[{"href":"https:\/\/www.budoshop.si\/sl\/wp-json\/wp\/v2\/product\/110435","targetHints":{"allow":["GET"]}}],"collection":[{"href":"https:\/\/www.budoshop.si\/sl\/wp-json\/wp\/v2\/product"}],"about":[{"href":"https:\/\/www.budoshop.si\/sl\/wp-json\/wp\/v2\/types\/product"}],"replies":[{"embeddable":true,"href":"https:\/\/www.budoshop.si\/sl\/wp-json\/wp\/v2\/comments?post=110435"}],"wp:featuredmedia":[{"embeddable":true,"href":"https:\/\/www.budoshop.si\/sl\/wp-json\/wp\/v2\/media\/110430"}],"wp:attachment":[{"href":"https:\/\/www.budoshop.si\/sl\/wp-json\/wp\/v2\/media?parent=110435"}],"wp:term":[{"taxonomy":"product_brand","embeddable":true,"href":"https:\/\/www.budoshop.si\/sl\/wp-json\/wp\/v2\/product_brand?post=110435"},{"taxonomy":"product_cat","embeddable":true,"href":"https:\/\/www.budoshop.si\/sl\/wp-json\/wp\/v2\/product_cat?post=110435"},{"taxonomy":"product_tag","embeddable":true,"href":"https:\/\/www.budoshop.si\/sl\/wp-json\/wp\/v2\/product_tag?post=110435"}],"curies":[{"name":"wp","href":"https:\/\/api.w.org\/{rel}","templated":true}]}}