{"id":110403,"date":"2024-04-09T11:21:55","date_gmt":"2024-04-09T09:21:55","guid":{"rendered":"https:\/\/www.budoshop.si\/?post_type=product&#038;p=110403"},"modified":"2024-10-27T18:25:35","modified_gmt":"2024-10-27T17:25:35","slug":"katana-imori-novo","status":"publish","type":"product","link":"https:\/\/www.budoshop.si\/sl\/izdelek\/katana-imori-novo\/","title":{"rendered":"Katana &#8221;IMORI&#8221;"},"content":{"rendered":"<p><span class=\"HwtZe\" lang=\"sl\" style=\"font-size: 15px; color: #993300;\"><span class=\"jCAhz ChMk0b\"><span class=\"ryNqvb\">Imori v japon\u0161\u010dini pomeni alpski pupek.<\/span><\/span> Katana Imori ima r<span class=\"jCAhz ChMk0b\"><span class=\"ryNqvb\">o\u010dno kovano rezilo brez Bo-Hi utora, zaradi \u010desar je malenkost te\u017eja od me\u010dev z utorom. Rezilo je izdelano iz ogljikovega jekla 1045 (ki ni nerjavno), zelo hvalitetni dodatki kot so Seppa, Habaki in Shitodome pa so narejeni iz medenine.<\/span><\/span> Na Tsuba \u0161\u010ditniku in Tsuka Kashiri (vrh ro\u010daja) je <span class=\"jCAhz ChMk0b\"><span class=\"ryNqvb\">okra\u0161en z zlatim pupkom. Zlate barve so tudi ostali okrasi.<\/span><\/span> Tsuka (ro\u010daj)<span class=\"jCAhz ChMk0b\"><span class=\"ryNqvb\"> je povit z modrim bomba\u017eem na Katate Maki (borbeno povitje) na\u010din, ki je vezan preko pravega ribjega usnja.<\/span><\/span> Rezilo je v ro\u010daju prtitrjeno z d<span class=\"jCAhz ChMk0b\"><span class=\"ryNqvb\">vema Mekugi zati\u010dema.<\/span><\/span> Rezilo se mehko giblje iz in v no\u017enico, Habaki pa se odli\u010dno priloga Koiguchi-ju.<br \/>\n<span class=\"jCAhz ChMk0b\"><span class=\"ryNqvb\">Me\u010du se nahaja v bomba\u017eni prenosni torbi in je zapakiran v kakovostno leseno \u0161katlo, prilo\u017een pa je tudi certifikat o poreklu.<\/span><\/span><br \/>\nKer je Katana Imori me\u010d izdelan ro\u010dno, se vsak model rahlo razlikuje od drugega, zato so v<span class=\"jCAhz ChMk0b\"><span class=\"ryNqvb\">se mere pribli\u017ene.<\/span><\/span><\/span><\/p>\n<p><span style=\"font-size: 15px; color: #993300;\">Detajli:<\/span><br \/>\n<span style=\"font-size: 15px; color: #993300;\">Jeklo: 1045 Carbon Steel<\/span><br \/>\n<span style=\"font-size: 15px; color: #993300;\">NAGASA (dol\u017eina rezila): 73 cm, 75 cm s Habaki-jem<\/span><br \/>\n<span style=\"font-size: 15px; color: #993300;\">HAMON (motiv ostrine): Notare<\/span><br \/>\n<span style=\"font-size: 15px; color: #993300;\">SORI (ukrivljenost): 2,00 cm <\/span><br \/>\n<span style=\"font-size: 15px; color: #993300;\">TSUKA (ro\u010daj): 30 cm<\/span><br \/>\n<span style=\"font-size: 15px; color: #993300;\">TSUKA ITO (navitje ro\u010daja): temno moder bomba\u017e<\/span><br \/>\n<span style=\"font-size: 15px; color: #993300;\">SAME (podloga ro\u010daja): pravo ribje usnje<\/span><br \/>\n<span style=\"font-size: 15px; color: #993300;\">TSUBA (\u0161\u010ditnik): Shin no Marugata<\/span><br \/>\n<span style=\"font-size: 15px; color: #993300;\">BOHI (\u017eleb v rezilu): NE<\/span><br \/>\n<span style=\"font-size: 15px; color: #993300;\">SAYA (no\u017enica): 78 cm \u010drno barvan lakiran les<\/span><br \/>\n<span style=\"font-size: 15px; color: #993300;\">SAGEO (vrvica): \u010drn bomba\u017e<\/span><br \/>\n<span style=\"font-size: 15px; color: #993300;\">MEKUGI (zati\u010d): bambusov 2X <\/span><br \/>\n<span style=\"font-size: 15px; color: #993300;\">Te\u017ea: cca. 1.740 g (s Sayo), 1.520 g (brez Saye)<\/span><\/p>\n<p><span style=\"font-size: 11px; color: #993300;\">Opozorilo!<\/span><br \/>\n<span style=\"font-size: 11px; color: #993300;\">\u25ba Artikel je namenjen samo dekorativni uporabi oziroma osebnemu treningu borilnih ve\u0161\u010din.<\/span><br \/>\n<span style=\"font-size: 11px; color: #993300;\">\u25ba Po prodaji, prodajalec ni ve\u010d odgovoren za nikakr\u0161ne po\u0161kodbe, ki se lahko zgodijo zaradi napa\u010dne uporabe ali zanemarjanja teh opozoril. Novi lastnik prevzema popolno odgovornost za skrb in uporabo tega artikla.<\/span><br \/>\n<span style=\"font-size: 11px; color: #993300;\">\u25ba Vsakr\u0161na napa\u010dna uporaba ali nepazljivost lahko vam ali drugemu povzro\u010di resne po\u0161kodbe ali celo smrt!<\/span><br \/>\n<span style=\"font-size: 11px; color: #993300;\">\u25ba Ta artikel se v nobenem primeru ne sme uporabljati na drugi osebi!<\/span><\/p>\n","protected":false},"excerpt":{"rendered":"<p><span style=\"color: #003366;\"><strong>Oster John Lee Katana me\u010d brez utora v rezilu.<\/strong><\/span><\/p>\n","protected":false},"featured_media":110398,"comment_status":"open","ping_status":"closed","template":"","meta":[],"product_brand":[5611],"product_cat":[5384,1035,1037,5377,5375],"product_tag":[],"class_list":{"0":"post-110403","1":"product","2":"type-product","3":"status-publish","4":"has-post-thumbnail","6":"product_brand-john-lee","7":"product_cat-shinken-trening-katana-meci","8":"product_cat-aikido-kendo-iai-kobudo-1","9":"product_cat-ninjutsu-3","10":"product_cat-john-lee-2","11":"product_cat-john-lee-sl","13":"first","14":"outofstock","15":"taxable","16":"shipping-taxable","17":"purchasable","18":"product-type-simple"},"_links":{"self":[{"href":"https:\/\/www.budoshop.si\/sl\/wp-json\/wp\/v2\/product\/110403","targetHints":{"allow":["GET"]}}],"collection":[{"href":"https:\/\/www.budoshop.si\/sl\/wp-json\/wp\/v2\/product"}],"about":[{"href":"https:\/\/www.budoshop.si\/sl\/wp-json\/wp\/v2\/types\/product"}],"replies":[{"embeddable":true,"href":"https:\/\/www.budoshop.si\/sl\/wp-json\/wp\/v2\/comments?post=110403"}],"wp:featuredmedia":[{"embeddable":true,"href":"https:\/\/www.budoshop.si\/sl\/wp-json\/wp\/v2\/media\/110398"}],"wp:attachment":[{"href":"https:\/\/www.budoshop.si\/sl\/wp-json\/wp\/v2\/media?parent=110403"}],"wp:term":[{"taxonomy":"product_brand","embeddable":true,"href":"https:\/\/www.budoshop.si\/sl\/wp-json\/wp\/v2\/product_brand?post=110403"},{"taxonomy":"product_cat","embeddable":true,"href":"https:\/\/www.budoshop.si\/sl\/wp-json\/wp\/v2\/product_cat?post=110403"},{"taxonomy":"product_tag","embeddable":true,"href":"https:\/\/www.budoshop.si\/sl\/wp-json\/wp\/v2\/product_tag?post=110403"}],"curies":[{"name":"wp","href":"https:\/\/api.w.org\/{rel}","templated":true}]}}