{"id":110375,"date":"2024-04-08T12:51:30","date_gmt":"2024-04-08T10:51:30","guid":{"rendered":"https:\/\/www.budoshop.si\/?post_type=product&#038;p=110375"},"modified":"2026-01-22T12:37:51","modified_gmt":"2026-01-22T11:37:51","slug":"kovinski-samurajski-noz-tanto-dragon-novo","status":"publish","type":"product","link":"https:\/\/www.budoshop.si\/sl\/izdelek\/kovinski-samurajski-noz-tanto-dragon-novo\/","title":{"rendered":"Kovinski Samurajski no\u017e &#8221;Tanto DRAGON&#8221;"},"content":{"rendered":"<p><span style=\"font-size: 15px; color: #993300;\"><span class=\"HwtZe\" lang=\"sl\"><span class=\"jCAhz ChMk0b\"><span class=\"ryNqvb\">Tanto je tradicionalni Samurajski no\u017e.<\/span><\/span> <span class=\"jCAhz ChMk0b\"><span class=\"ryNqvb\">Ta model Tanto no\u017ea ima nabru\u0161eno rezilo iz nerjave\u010dega jekla, Tsuba (\u0161\u010ditnik), lesen ro\u010daj povit z bomba\u017enim trakom in Saya (no\u017enica) \u010drne barve s srebrnim zmajem.<\/span><\/span> <span class=\"jCAhz ChMk0b\"><span class=\"ryNqvb\">Ta Tanto no\u017e je natan\u010dna replika pristnega Samurajskega Tanto (no\u017ea) z rezilom iz visoko kakovostnega nerjave\u010dega jekla.<\/span><\/span><br \/>\n<span class=\"jCAhz ChMk0b\"><span class=\"ryNqvb\">No\u017e<\/span><\/span><\/span> je primeren tako za trening kot tudi dekorativni predmet, ki bo na primernem mestu zagotovo vzbujal ob\u010dudovanje prisotnih.<\/span><\/p>\n<p><span class=\"HwtZe\" lang=\"sl\" style=\"font-size: 15px; color: #993300;\"><span class=\"jCAhz ChMk0b\"><span class=\"ryNqvb\">Material rezila: nerjave\u010de jeklo 420<\/span><\/span><br \/>\n<span class=\"jCAhz ChMk0b\"><span class=\"ryNqvb\">Material ro\u010daja: sintetika<\/span><\/span><br \/>\nSay<span class=\"jCAhz ChMk0b\"><span class=\"ryNqvb\">: Les<\/span><\/span><br \/>\n<span class=\"jCAhz ChMk0b\"><span class=\"ryNqvb\">Dol\u017eina ro\u010daja: 10 cm<\/span><\/span><br \/>\n<span class=\"jCAhz ChMk0b\"><span class=\"ryNqvb\">Dol\u017eina rezila: 29 cm<\/span><\/span><br \/>\n<span class=\"jCAhz ChMk0b\"><span class=\"ryNqvb\">Celotna dol\u017eina (brez Saye): 40 cm<\/span><\/span><br \/>\n<span class=\"jCAhz ChMk0b\"><span class=\"ryNqvb\">Celotna dol\u017eina (s Sayo): 42 cm<\/span><\/span><br \/>\n<span class=\"jCAhz ChMk0b\"><span class=\"ryNqvb\">Te\u017ea (brez no\u017enice): 340 g<\/span><\/span><\/span><\/p>\n<div>\n<p>&nbsp;<\/p>\n<p><span style=\"font-size: 15px; color: #993300;\">TA ARTIKEL PRODAJAMO SAMO POLNOLETNIM OSEBAM!!!<\/span><\/p>\n<\/div>\n<div><\/div>\n<div><\/div>\n<div><span style=\"font-size: 11px; color: #993300;\">Opozorilo!<\/span><br \/>\n<span style=\"font-size: 11px; color: #993300;\">\u25ba Artikel je namenjen samo dekorativni uporabi oziroma osebnemu treningu borilnih ve\u0161\u010din.<\/span><br \/>\n<span style=\"font-size: 11px; color: #993300;\">\u25ba Po prodaji, prodajalec ni ve\u010d odgovoren za nikakr\u0161ne po\u0161kodbe, ki se lahko zgodijo zaradi napa\u010dne uporabe ali zanemarjanja teh opozoril. Novi lastnik prevzema popolno odgovornost za skrb in uporabo tega artikla.<\/span><br \/>\n<span style=\"font-size: 11px; color: #993300;\">\u25ba Vsakr\u0161na napa\u010dna uporaba ali nepazljivost lahko vam ali drugemu povzro\u010di resne po\u0161kodbe ali celo smrt!<\/span><br \/>\n<span style=\"font-size: 11px; color: #993300;\">\u25ba Ta artikel se v nobenem primeru ne sme uporabljati na drugi osebi!<\/span><\/div>\n<p><span class=\"HwtZe\" lang=\"sl\"><span class=\"jCAhz ChMk0b\"><span class=\"ryNqvb\">\u00a0<\/span><\/span><\/span><\/p>\n","protected":false},"excerpt":{"rendered":"<p><span style=\"color: #003366;\"><strong>Samuraiski no\u017e z nabru\u0161enim kovinskim rezilom in motivom zmaja na no\u017enici<\/strong>.<\/span><\/p>\n","protected":false},"featured_media":110371,"comment_status":"open","ping_status":"closed","template":"","meta":[],"product_brand":[5610],"product_cat":[1035,5374,5376,853,1037,813],"product_tag":[],"class_list":{"0":"post-110375","1":"product","2":"type-product","3":"status-publish","4":"has-post-thumbnail","6":"product_brand-haller","7":"product_cat-aikido-kendo-iai-kobudo-1","8":"product_cat-haller-sl","9":"product_cat-haller-2","10":"product_cat-kovinski-katana","11":"product_cat-ninjutsu-3","12":"product_cat-nozi","14":"first","15":"outofstock","16":"taxable","17":"shipping-taxable","18":"purchasable","19":"product-type-simple"},"_links":{"self":[{"href":"https:\/\/www.budoshop.si\/sl\/wp-json\/wp\/v2\/product\/110375","targetHints":{"allow":["GET"]}}],"collection":[{"href":"https:\/\/www.budoshop.si\/sl\/wp-json\/wp\/v2\/product"}],"about":[{"href":"https:\/\/www.budoshop.si\/sl\/wp-json\/wp\/v2\/types\/product"}],"replies":[{"embeddable":true,"href":"https:\/\/www.budoshop.si\/sl\/wp-json\/wp\/v2\/comments?post=110375"}],"wp:featuredmedia":[{"embeddable":true,"href":"https:\/\/www.budoshop.si\/sl\/wp-json\/wp\/v2\/media\/110371"}],"wp:attachment":[{"href":"https:\/\/www.budoshop.si\/sl\/wp-json\/wp\/v2\/media?parent=110375"}],"wp:term":[{"taxonomy":"product_brand","embeddable":true,"href":"https:\/\/www.budoshop.si\/sl\/wp-json\/wp\/v2\/product_brand?post=110375"},{"taxonomy":"product_cat","embeddable":true,"href":"https:\/\/www.budoshop.si\/sl\/wp-json\/wp\/v2\/product_cat?post=110375"},{"taxonomy":"product_tag","embeddable":true,"href":"https:\/\/www.budoshop.si\/sl\/wp-json\/wp\/v2\/product_tag?post=110375"}],"curies":[{"name":"wp","href":"https:\/\/api.w.org\/{rel}","templated":true}]}}