{"id":110356,"date":"2024-04-08T12:17:10","date_gmt":"2024-04-08T10:17:10","guid":{"rendered":"https:\/\/www.budoshop.si\/?post_type=product&#038;p=110356"},"modified":"2026-01-22T12:28:27","modified_gmt":"2026-01-22T11:28:27","slug":"butterfly-trening-noz-silver-novo","status":"publish","type":"product","link":"https:\/\/www.budoshop.si\/sl\/izdelek\/butterfly-trening-noz-silver-novo\/","title":{"rendered":"Butterfly trening no\u017e &#8221;SILVER&#8221;"},"content":{"rendered":"<p><span class=\"HwtZe\" lang=\"sl\" style=\"font-size: 15px; color: #993300;\"><span class=\"jCAhz ChMk0b\"><span class=\"ryNqvb\">Balisong, znan tudi kot Butterfly no\u017e, pahlja\u010dasti no\u017e ali batangas no\u017e, je vrsta zlo\u017eljivega \u017eepnega no\u017ea, ki izvira iz Filipinov.<\/span><\/span> <span class=\"jCAhz ChMk0b\"><span class=\"ryNqvb\">Njegove posebne zna\u010dilnosti sta dva ro\u010daja, ki se vrtita v nasprotni smeri okoli zanke, tako da je rezilo, ko je zaprto, skrito v utorih v ro\u010dajih.<\/span><\/span> <span class=\"jCAhz ChMk0b\"><span class=\"ryNqvb\">Zapah v\u010dasih dr\u017ei ro\u010daje skupaj;<\/span><\/span> <span class=\"jCAhz ChMk0b\"><span class=\"ryNqvb\">obi\u010dajno name\u0161\u010den na tistem, ki je obrnjen proti rezalnemu robu (&#8220;ro\u010daj za ugriz&#8221;).<\/span><\/span><br \/>\n<span class=\"jCAhz ChMk0b\"><span class=\"ryNqvb\">To je topi vadbeni Butterfly no\u017e, varen za vadbo in prikaze.<\/span><\/span><br \/>\n<span class=\"jCAhz ChMk0b\"><span class=\"ryNqvb\">Tako topo rezilo kot ro\u010daj sta izdelana iz nerjave\u010dega jekla.<\/span><\/span><\/span><\/p>\n<p><span class=\"jCAhz ChMk0b\" style=\"font-size: 15px; color: #993300;\"><span class=\"ryNqvb\">Jeklo: nerjave\u010de jeklo 420<\/span><\/span><br \/>\n<span class=\"jCAhz ChMk0b\" style=\"font-size: 15px; color: #993300;\"><span class=\"ryNqvb\">Material ro\u010daja: nerjave\u010de jeklo 420<\/span><\/span><br \/>\n<span class=\"jCAhz ChMk0b\" style=\"font-size: 15px; color: #993300;\"><span class=\"ryNqvb\">Skupna dol\u017eina (odprto) 220 mm<\/span><\/span><br \/>\n<span class=\"jCAhz ChMk0b\" style=\"font-size: 15px; color: #993300;\"><span class=\"ryNqvb\">Dol\u017eina ro\u010daja: 130 mm<\/span><\/span><br \/>\n<span class=\"jCAhz ChMk0b\" style=\"font-size: 15px; color: #993300;\"><span class=\"ryNqvb\">Te\u017ea: 115 g<\/span><\/span><\/p>\n","protected":false},"excerpt":{"rendered":"<p><span style=\"color: #003366;\"><strong>Vadbeni Butterfly no\u017e s topim rezilom.<\/strong><\/span><\/p>\n","protected":false},"featured_media":110355,"comment_status":"open","ping_status":"closed","template":"","meta":[],"product_brand":[5610],"product_cat":[1035,1043,1033,1029,1037,1041,813,731,5376,5374],"product_tag":[],"class_list":{"0":"post-110356","1":"product","2":"type-product","3":"status-publish","4":"has-post-thumbnail","6":"product_brand-haller","7":"product_cat-aikido-kendo-iai-kobudo-1","8":"product_cat-boks-kickbox-tajski-boks-mma","9":"product_cat-ju-jitsujiu-jitsu-1","10":"product_cat-karate-5","11":"product_cat-ninjutsu-3","12":"product_cat-tai-chi-kunf-fu-wu-shu-1","13":"product_cat-nozi","14":"product_cat-ostalo-2","15":"product_cat-haller-2","16":"product_cat-haller-sl","18":"first","19":"instock","20":"taxable","21":"shipping-taxable","22":"purchasable","23":"product-type-simple"},"_links":{"self":[{"href":"https:\/\/www.budoshop.si\/sl\/wp-json\/wp\/v2\/product\/110356","targetHints":{"allow":["GET"]}}],"collection":[{"href":"https:\/\/www.budoshop.si\/sl\/wp-json\/wp\/v2\/product"}],"about":[{"href":"https:\/\/www.budoshop.si\/sl\/wp-json\/wp\/v2\/types\/product"}],"replies":[{"embeddable":true,"href":"https:\/\/www.budoshop.si\/sl\/wp-json\/wp\/v2\/comments?post=110356"}],"wp:featuredmedia":[{"embeddable":true,"href":"https:\/\/www.budoshop.si\/sl\/wp-json\/wp\/v2\/media\/110355"}],"wp:attachment":[{"href":"https:\/\/www.budoshop.si\/sl\/wp-json\/wp\/v2\/media?parent=110356"}],"wp:term":[{"taxonomy":"product_brand","embeddable":true,"href":"https:\/\/www.budoshop.si\/sl\/wp-json\/wp\/v2\/product_brand?post=110356"},{"taxonomy":"product_cat","embeddable":true,"href":"https:\/\/www.budoshop.si\/sl\/wp-json\/wp\/v2\/product_cat?post=110356"},{"taxonomy":"product_tag","embeddable":true,"href":"https:\/\/www.budoshop.si\/sl\/wp-json\/wp\/v2\/product_tag?post=110356"}],"curies":[{"name":"wp","href":"https:\/\/api.w.org\/{rel}","templated":true}]}}