{"id":110209,"date":"2024-03-28T11:19:53","date_gmt":"2024-03-28T10:19:53","guid":{"rendered":"https:\/\/www.budoshop.si\/?post_type=product&#038;p=110209"},"modified":"2026-03-26T09:51:36","modified_gmt":"2026-03-26T08:51:36","slug":"blowgun-pihalnik-novo","status":"publish","type":"product","link":"https:\/\/www.budoshop.si\/sl\/izdelek\/blowgun-pihalnik-novo\/","title":{"rendered":"Blowgun pihalnik"},"content":{"rendered":"<p><span class=\"HwtZe\" lang=\"sl\" style=\"font-size: 15px; color: #993300;\"><span class=\"jCAhz ChMk0b\"><span class=\"ryNqvb\">Pihalnik ima dolgo zgodovino, ki zajema ves svet.<\/span><\/span> <span class=\"jCAhz ChMk0b\"><span class=\"ryNqvb\">\u0160tevilne oblasti menijo, da so ga prvi\u010d izumili v Maleziji in se je nato preselili prek malezijskih in indonezijskih arhipelagov na Filipine in celo na Japonsko.<\/span><\/span> <span class=\"jCAhz ChMk0b\"><span class=\"ryNqvb\">Vendar pihalnik ni bil le jugovzhodno oro\u017eje;<\/span><\/span> <span class=\"jCAhz ChMk0b\"><span class=\"ryNqvb\">pojavil se je tudi na zahodni polobli v d\u017eunglah Ju\u017ene in Srednje Amerike ter potoval dale\u010d proti severu kot jugovzhodu ZDA.<\/span><\/span> <span class=\"jCAhz ChMk0b\"><span class=\"ryNqvb\">Pihalniki so bili prvotno izumljeni kot lovsko oro\u017eje.<\/span><\/span><\/span><\/p>\n<p><span style=\"color: #993300;\"><span class=\"jCAhz ChMk0b\"><span class=\"ryNqvb\">Ta pihalnik ponuja ure zabave.<\/span><\/span> <span class=\"jCAhz ChMk0b\"><span class=\"ryNqvb\">Je lahek in enostaven za uporabo ter ga je v veselje uporabljati doma pri streljanju na tar\u010do, bodisi samostojno ali z dru\u017eino in prijatelji.<\/span><\/span> <span class=\"jCAhz ChMk0b\"><span class=\"ryNqvb\">Izdelan iz vzdr\u017eljivega aluminija visoke kakovosti z ustnikom iz TPR gume, tulcem za pu\u0161\u010dice in \u0161\u010ditnikom za roke.<\/span><\/span> <span class=\"jCAhz ChMk0b\"><span class=\"ryNqvb\">Majhen, lahek in dovolj poceni, da je primeren tudi za za\u010detnike ali mlaj\u0161e uporabnike.<\/span><\/span> <span class=\"jCAhz ChMk0b\"><span class=\"ryNqvb\">Vsak pihalnik je opremljen z 10 pu\u0161\u010dicami.<\/span><\/span><\/span><\/p>\n<p><span style=\"color: #993300;\">Mere:<\/span><br \/>\n<span style=\"color: #993300;\">Skupna dol\u017eina: 120 cm<\/span><br \/>\n<span style=\"color: #993300;\">Te\u017ea: cca. 120g<\/span><br \/>\n<span style=\"color: #993300;\">Dol\u017eina pu\u0161\u010dice: cca. 10 cm<\/span><\/p>\n<p><span style=\"color: #993300;\">Pozor: pihalnik je namenjen za streljanje v posebej za to namenjene tar\u010de!<\/span><\/p>\n<p><span style=\"color: #993300;\">Ta artikel prodajamo samo starej\u0161im od 18 let!<\/span><\/p>\n<p>&nbsp;<\/p>\n<p><span style=\"color: #993300; font-size: 11px;\">Opozorilo!<\/span><br \/>\n<span style=\"color: #993300; font-size: 11px;\">\u25ba Artikel je namenjen samo dekorativni uporabi oziroma osebnemu treningu borilnih ve\u0161\u010din.<\/span><br \/>\n<span style=\"color: #993300; font-size: 11px;\">\u25ba Po prodaji, prodajalec ni ve\u010d odgovoren za nikakr\u0161ne po\u0161kodbe, ki se lahko zgodijo zaradi napa\u010dne uporabe ali zanemarjanja teh opozoril. Novi lastnik prevzema popolno odgovornost za skrb in uporabo tega artikla.<\/span><br \/>\n<span style=\"color: #993300; font-size: 11px;\">\u25ba Vsakr\u0161na napa\u010dna uporaba ali nepazljivost lahko vam ali drugemu povzro\u010di resne po\u0161kodbe ali celo smrt!<\/span><br \/>\n<span style=\"color: #993300; font-size: 11px;\">\u25ba Ta artikel se v nobenem primeru ne sme uporabljati na drugi osebi!<\/span><\/p>\n<p>&nbsp;<\/p>\n","protected":false},"excerpt":{"rendered":"<p><span style=\"color: #003366;\"><strong>Klasi\u010den pihalnik z desetimi pu\u0161\u010dicami.<\/strong><\/span><\/p>\n","protected":false},"featured_media":110208,"comment_status":"open","ping_status":"closed","template":"","meta":[],"product_brand":[5610],"product_cat":[5374,5376,847,1037,731],"product_tag":[],"class_list":{"0":"post-110209","1":"product","2":"type-product","3":"status-publish","4":"has-post-thumbnail","6":"product_brand-haller","7":"product_cat-haller-sl","8":"product_cat-haller-2","9":"product_cat-ninja-1","10":"product_cat-ninjutsu-3","11":"product_cat-ostalo-2","13":"first","14":"instock","15":"taxable","16":"shipping-taxable","17":"purchasable","18":"product-type-simple"},"_links":{"self":[{"href":"https:\/\/www.budoshop.si\/sl\/wp-json\/wp\/v2\/product\/110209","targetHints":{"allow":["GET"]}}],"collection":[{"href":"https:\/\/www.budoshop.si\/sl\/wp-json\/wp\/v2\/product"}],"about":[{"href":"https:\/\/www.budoshop.si\/sl\/wp-json\/wp\/v2\/types\/product"}],"replies":[{"embeddable":true,"href":"https:\/\/www.budoshop.si\/sl\/wp-json\/wp\/v2\/comments?post=110209"}],"wp:featuredmedia":[{"embeddable":true,"href":"https:\/\/www.budoshop.si\/sl\/wp-json\/wp\/v2\/media\/110208"}],"wp:attachment":[{"href":"https:\/\/www.budoshop.si\/sl\/wp-json\/wp\/v2\/media?parent=110209"}],"wp:term":[{"taxonomy":"product_brand","embeddable":true,"href":"https:\/\/www.budoshop.si\/sl\/wp-json\/wp\/v2\/product_brand?post=110209"},{"taxonomy":"product_cat","embeddable":true,"href":"https:\/\/www.budoshop.si\/sl\/wp-json\/wp\/v2\/product_cat?post=110209"},{"taxonomy":"product_tag","embeddable":true,"href":"https:\/\/www.budoshop.si\/sl\/wp-json\/wp\/v2\/product_tag?post=110209"}],"curies":[{"name":"wp","href":"https:\/\/api.w.org\/{rel}","templated":true}]}}